{"id":86,"date":"2021-02-11T19:16:15","date_gmt":"2021-02-11T18:16:15","guid":{"rendered":"https:\/\/lesmassagesdelilas.fr\/?page_id=86"},"modified":"2022-04-13T11:01:28","modified_gmt":"2022-04-13T09:01:28","slug":"contre-indications","status":"publish","type":"page","link":"https:\/\/lesmassagesdelilas.fr\/index.php\/contre-indications\/","title":{"rendered":"Contre-indications"},"content":{"rendered":"\r\n<p style=\"text-align: left;\"><span style=\"font-size: 14pt; color: #000000;\">Les massages de relaxation et de bien-\u00eatre \u00e9tant donn\u00e9 leur vis\u00e9e\u00a0non th\u00e9rapeutique sont contre-indiqu\u00e9s dans les cas suivants :<\/span><\/p>\r\n<p style=\"text-align: left;\"><span style=\"font-size: 14pt; color: #000000;\">\r\n\r\n<\/span><\/p>\r\n<p style=\"text-align: left;\"><br \/><span style=\"font-size: 14pt; color: #000000;\">\u2022 Fractures et blessures r\u00e9centes<\/span><\/p>\r\n<p style=\"text-align: left;\"><span style=\"font-size: 14pt; color: #000000;\">\u2022 Maladies infectieuses<\/span><\/p>\r\n<p style=\"text-align: left;\"><span style=\"font-size: 14pt; color: #000000;\">\r\n\r\n\r\n\r\n<\/span><\/p>\r\n<p style=\"text-align: left;\"><span style=\"font-size: 14pt; color: #000000;\">\u2022 Fi\u00e8vre<\/span><\/p>\r\n<p style=\"text-align: left;\"><span style=\"font-size: 14pt; color: #000000;\">\r\n\r\n<\/span><\/p>\r\n<p style=\"text-align: left;\"><span style=\"font-size: 14pt; color: #000000;\">\u2022 Infection cutan\u00e9e contagieuse<\/span><\/p>\r\n<p style=\"text-align: left;\"><span style=\"font-size: 14pt; color: #000000;\">\r\n\r\n<\/span><\/p>\r\n<p style=\"text-align: left;\"><span style=\"font-size: 14pt; color: #000000;\">\u2022 Troubles cardiaques<\/span><\/p>\r\n<p><span style=\"font-size: 14pt; color: #000000;\">\u2022 D\u00e9pendances \u00e0 l\u2019alcool ou \u00e0 la drogue<\/span><\/p>\r\n<p style=\"text-align: left;\"><span style=\"font-size: 14pt; color: #000000;\">\r\n\r\n<\/span><\/p>\r\n<p style=\"text-align: left;\"><span style=\"font-size: 14pt; color: #000000;\">\u2022\u00a0Troubles circulatoires\u00a0(varice, thrombose,\u00a0 phl\u00e9bite, h\u00e9matome)<\/span><\/p>\r\n<p style=\"text-align: left;\"><span style=\"font-size: 14pt; color: #000000;\">\r\n\r\n<\/span><\/p>\r\n<p style=\"text-align: left;\"><span style=\"font-size: 14pt; color: #000000;\">\u2022 Intervention chirurgicale r\u00e9cente<\/span><\/p>\r\n<p style=\"text-align: left;\"><span style=\"font-size: 14pt; color: #000000;\">\r\n\r\n<\/span><\/p>\r\n<p style=\"text-align: left;\"><span style=\"font-size: 14pt; color: #000000;\">\u2022 Arthrite, ost\u00e9oporose<\/span><\/p>\r\n<p style=\"text-align: left;\"><span style=\"font-size: 14pt; color: #000000;\">\u2022 Grossesse\u00a0(certains points d&rsquo;acupuncture peuvent \u00eatre abortifs)<\/span><\/p>\r\n<p style=\"text-align: left;\"><span style=\"font-size: 14pt; color: #000000;\">\r\n\r\n<\/span><\/p>\r\n<p style=\"text-align: left;\"><span style=\"font-size: 14pt; color: #000000;\">\u2022 H\u00e9mophilie, diab\u00e8te, cancer, sida, \u00e9pilepsie\u00a0: uniquement avec l\u2019accord officiel du m\u00e9decin traitant<\/span><\/p>\r\n<p>&nbsp;<\/p>\r\n<p style=\"text-align: left;\"><span style=\"font-size: 14pt; color: #000000;\">\r\n\r\n\r\n\r\n<\/span><\/p>\r\n<p style=\"text-align: left;\"><span style=\"font-size: 14pt; color: #000000;\">En cas de doute, n&rsquo;h\u00e9sitez pas \u00e0 demander l&rsquo;avis de votre m\u00e9decin traitant avant toute prise de rendez-vous.<\/span><\/p>\r\n","protected":false},"excerpt":{"rendered":"<p>Les massages de relaxation et de bien-\u00eatre \u00e9tant donn\u00e9 leur vis\u00e9e\u00a0non th\u00e9rapeutique sont contre-indiqu\u00e9s dans les cas suivants : \u2022 Fractures et blessures r\u00e9centes \u2022 Maladies infectieuses \u2022 Fi\u00e8vre \u2022 Infection cutan\u00e9e contagieuse \u2022 Troubles cardiaques \u2022 D\u00e9pendances \u00e0 l\u2019alcool ou \u00e0 la drogue \u2022\u00a0Troubles circulatoires\u00a0(varice, thrombose,\u00a0 phl\u00e9bite, h\u00e9matome) \u2022 Intervention chirurgicale r\u00e9cente \u2022 Arthrite, &hellip; <\/p>\n","protected":false},"author":1,"featured_media":0,"parent":0,"menu_order":0,"comment_status":"closed","ping_status":"closed","template":"","meta":{"footnotes":""},"class_list":["post-86","page","type-page","status-publish","hentry"],"yoast_head":"<!-- This site is optimized with the Yoast SEO plugin v27.3 - https:\/\/yoast.com\/product\/yoast-seo-wordpress\/ -->\n<title>Contre-indications - Les Massages de Lilas<\/title>\n<meta name=\"description\" content=\"Le salon de massage \u00e0 Prades (66) - V\u00e9rifiez les contres indications au massage bien-\u00eatre\" \/>\n<meta name=\"robots\" content=\"index, follow, max-snippet:-1, max-image-preview:large, max-video-preview:-1\" \/>\n<link rel=\"canonical\" href=\"https:\/\/lesmassagesdelilas.fr\/index.php\/contre-indications\/\" \/>\n<meta property=\"og:locale\" content=\"fr_FR\" \/>\n<meta property=\"og:type\" content=\"article\" \/>\n<meta property=\"og:title\" content=\"Contre-indications - Les Massages de Lilas\" \/>\n<meta property=\"og:description\" content=\"Le salon de massage \u00e0 Prades (66) - V\u00e9rifiez les contres indications au massage bien-\u00eatre\" \/>\n<meta property=\"og:url\" content=\"https:\/\/lesmassagesdelilas.fr\/index.php\/contre-indications\/\" \/>\n<meta property=\"og:site_name\" content=\"Les Massages de Lilas\" \/>\n<meta property=\"article:publisher\" content=\"https:\/\/www.facebook.com\/Lesmassagesdelilas\/\" \/>\n<meta property=\"article:modified_time\" content=\"2022-04-13T09:01:28+00:00\" \/>\n<meta name=\"twitter:card\" content=\"summary_large_image\" \/>\n<meta name=\"twitter:label1\" content=\"Dur\u00e9e de lecture estim\u00e9e\" \/>\n\t<meta name=\"twitter:data1\" content=\"1 minute\" \/>\n<script type=\"application\/ld+json\" class=\"yoast-schema-graph\">{\"@context\":\"https:\\\/\\\/schema.org\",\"@graph\":[{\"@type\":\"WebPage\",\"@id\":\"https:\\\/\\\/lesmassagesdelilas.fr\\\/index.php\\\/contre-indications\\\/\",\"url\":\"https:\\\/\\\/lesmassagesdelilas.fr\\\/index.php\\\/contre-indications\\\/\",\"name\":\"Contre-indications - Les Massages de Lilas\",\"isPartOf\":{\"@id\":\"https:\\\/\\\/lesmassagesdelilas.fr\\\/#website\"},\"datePublished\":\"2021-02-11T18:16:15+00:00\",\"dateModified\":\"2022-04-13T09:01:28+00:00\",\"description\":\"Le salon de massage \u00e0 Prades (66) - V\u00e9rifiez les contres indications au massage bien-\u00eatre\",\"breadcrumb\":{\"@id\":\"https:\\\/\\\/lesmassagesdelilas.fr\\\/index.php\\\/contre-indications\\\/#breadcrumb\"},\"inLanguage\":\"fr-FR\",\"potentialAction\":[{\"@type\":\"ReadAction\",\"target\":[\"https:\\\/\\\/lesmassagesdelilas.fr\\\/index.php\\\/contre-indications\\\/\"]}]},{\"@type\":\"BreadcrumbList\",\"@id\":\"https:\\\/\\\/lesmassagesdelilas.fr\\\/index.php\\\/contre-indications\\\/#breadcrumb\",\"itemListElement\":[{\"@type\":\"ListItem\",\"position\":1,\"name\":\"Accueil\",\"item\":\"https:\\\/\\\/lesmassagesdelilas.fr\\\/\"},{\"@type\":\"ListItem\",\"position\":2,\"name\":\"Contre-indications\"}]},{\"@type\":\"WebSite\",\"@id\":\"https:\\\/\\\/lesmassagesdelilas.fr\\\/#website\",\"url\":\"https:\\\/\\\/lesmassagesdelilas.fr\\\/\",\"name\":\"Les Massages de Lilas\",\"description\":\"Bien-\u00eatre et relaxation\",\"publisher\":{\"@id\":\"https:\\\/\\\/lesmassagesdelilas.fr\\\/#organization\"},\"potentialAction\":[{\"@type\":\"SearchAction\",\"target\":{\"@type\":\"EntryPoint\",\"urlTemplate\":\"https:\\\/\\\/lesmassagesdelilas.fr\\\/?s={search_term_string}\"},\"query-input\":{\"@type\":\"PropertyValueSpecification\",\"valueRequired\":true,\"valueName\":\"search_term_string\"}}],\"inLanguage\":\"fr-FR\"},{\"@type\":\"Organization\",\"@id\":\"https:\\\/\\\/lesmassagesdelilas.fr\\\/#organization\",\"name\":\"Les massages de Lilas\",\"url\":\"https:\\\/\\\/lesmassagesdelilas.fr\\\/\",\"logo\":{\"@type\":\"ImageObject\",\"inLanguage\":\"fr-FR\",\"@id\":\"https:\\\/\\\/lesmassagesdelilas.fr\\\/#\\\/schema\\\/logo\\\/image\\\/\",\"url\":\"https:\\\/\\\/lesmassagesdelilas.fr\\\/wp-content\\\/uploads\\\/2021\\\/12\\\/8BA4F464-757E-486E-BC6B-ED19959EDFBE.png\",\"contentUrl\":\"https:\\\/\\\/lesmassagesdelilas.fr\\\/wp-content\\\/uploads\\\/2021\\\/12\\\/8BA4F464-757E-486E-BC6B-ED19959EDFBE.png\",\"width\":2246,\"height\":1588,\"caption\":\"Les massages de Lilas\"},\"image\":{\"@id\":\"https:\\\/\\\/lesmassagesdelilas.fr\\\/#\\\/schema\\\/logo\\\/image\\\/\"},\"sameAs\":[\"https:\\\/\\\/www.facebook.com\\\/Lesmassagesdelilas\\\/\",\"https:\\\/\\\/youtube.com\\\/channel\\\/UCVcWkG_2bZTUV0HCX0B8w9w\"]}]}<\/script>\n<!-- \/ Yoast SEO plugin. -->","yoast_head_json":{"title":"Contre-indications - Les Massages de Lilas","description":"Le salon de massage \u00e0 Prades (66) - V\u00e9rifiez les contres indications au massage bien-\u00eatre","robots":{"index":"index","follow":"follow","max-snippet":"max-snippet:-1","max-image-preview":"max-image-preview:large","max-video-preview":"max-video-preview:-1"},"canonical":"https:\/\/lesmassagesdelilas.fr\/index.php\/contre-indications\/","og_locale":"fr_FR","og_type":"article","og_title":"Contre-indications - Les Massages de Lilas","og_description":"Le salon de massage \u00e0 Prades (66) - V\u00e9rifiez les contres indications au massage bien-\u00eatre","og_url":"https:\/\/lesmassagesdelilas.fr\/index.php\/contre-indications\/","og_site_name":"Les Massages de Lilas","article_publisher":"https:\/\/www.facebook.com\/Lesmassagesdelilas\/","article_modified_time":"2022-04-13T09:01:28+00:00","twitter_card":"summary_large_image","twitter_misc":{"Dur\u00e9e de lecture estim\u00e9e":"1 minute"},"schema":{"@context":"https:\/\/schema.org","@graph":[{"@type":"WebPage","@id":"https:\/\/lesmassagesdelilas.fr\/index.php\/contre-indications\/","url":"https:\/\/lesmassagesdelilas.fr\/index.php\/contre-indications\/","name":"Contre-indications - Les Massages de Lilas","isPartOf":{"@id":"https:\/\/lesmassagesdelilas.fr\/#website"},"datePublished":"2021-02-11T18:16:15+00:00","dateModified":"2022-04-13T09:01:28+00:00","description":"Le salon de massage \u00e0 Prades (66) - V\u00e9rifiez les contres indications au massage bien-\u00eatre","breadcrumb":{"@id":"https:\/\/lesmassagesdelilas.fr\/index.php\/contre-indications\/#breadcrumb"},"inLanguage":"fr-FR","potentialAction":[{"@type":"ReadAction","target":["https:\/\/lesmassagesdelilas.fr\/index.php\/contre-indications\/"]}]},{"@type":"BreadcrumbList","@id":"https:\/\/lesmassagesdelilas.fr\/index.php\/contre-indications\/#breadcrumb","itemListElement":[{"@type":"ListItem","position":1,"name":"Accueil","item":"https:\/\/lesmassagesdelilas.fr\/"},{"@type":"ListItem","position":2,"name":"Contre-indications"}]},{"@type":"WebSite","@id":"https:\/\/lesmassagesdelilas.fr\/#website","url":"https:\/\/lesmassagesdelilas.fr\/","name":"Les Massages de Lilas","description":"Bien-\u00eatre et relaxation","publisher":{"@id":"https:\/\/lesmassagesdelilas.fr\/#organization"},"potentialAction":[{"@type":"SearchAction","target":{"@type":"EntryPoint","urlTemplate":"https:\/\/lesmassagesdelilas.fr\/?s={search_term_string}"},"query-input":{"@type":"PropertyValueSpecification","valueRequired":true,"valueName":"search_term_string"}}],"inLanguage":"fr-FR"},{"@type":"Organization","@id":"https:\/\/lesmassagesdelilas.fr\/#organization","name":"Les massages de Lilas","url":"https:\/\/lesmassagesdelilas.fr\/","logo":{"@type":"ImageObject","inLanguage":"fr-FR","@id":"https:\/\/lesmassagesdelilas.fr\/#\/schema\/logo\/image\/","url":"https:\/\/lesmassagesdelilas.fr\/wp-content\/uploads\/2021\/12\/8BA4F464-757E-486E-BC6B-ED19959EDFBE.png","contentUrl":"https:\/\/lesmassagesdelilas.fr\/wp-content\/uploads\/2021\/12\/8BA4F464-757E-486E-BC6B-ED19959EDFBE.png","width":2246,"height":1588,"caption":"Les massages de Lilas"},"image":{"@id":"https:\/\/lesmassagesdelilas.fr\/#\/schema\/logo\/image\/"},"sameAs":["https:\/\/www.facebook.com\/Lesmassagesdelilas\/","https:\/\/youtube.com\/channel\/UCVcWkG_2bZTUV0HCX0B8w9w"]}]}},"jetpack_sharing_enabled":true,"_links":{"self":[{"href":"https:\/\/lesmassagesdelilas.fr\/index.php\/wp-json\/wp\/v2\/pages\/86","targetHints":{"allow":["GET"]}}],"collection":[{"href":"https:\/\/lesmassagesdelilas.fr\/index.php\/wp-json\/wp\/v2\/pages"}],"about":[{"href":"https:\/\/lesmassagesdelilas.fr\/index.php\/wp-json\/wp\/v2\/types\/page"}],"author":[{"embeddable":true,"href":"https:\/\/lesmassagesdelilas.fr\/index.php\/wp-json\/wp\/v2\/users\/1"}],"replies":[{"embeddable":true,"href":"https:\/\/lesmassagesdelilas.fr\/index.php\/wp-json\/wp\/v2\/comments?post=86"}],"version-history":[{"count":8,"href":"https:\/\/lesmassagesdelilas.fr\/index.php\/wp-json\/wp\/v2\/pages\/86\/revisions"}],"predecessor-version":[{"id":623,"href":"https:\/\/lesmassagesdelilas.fr\/index.php\/wp-json\/wp\/v2\/pages\/86\/revisions\/623"}],"wp:attachment":[{"href":"https:\/\/lesmassagesdelilas.fr\/index.php\/wp-json\/wp\/v2\/media?parent=86"}],"curies":[{"name":"wp","href":"https:\/\/api.w.org\/{rel}","templated":true}]}}