{"id":81,"date":"2021-02-11T19:02:30","date_gmt":"2021-02-11T18:02:30","guid":{"rendered":"https:\/\/lesmassagesdelilas.fr\/?page_id=81"},"modified":"2022-04-12T12:36:42","modified_gmt":"2022-04-12T10:36:42","slug":"contact-acces","status":"publish","type":"page","link":"https:\/\/lesmassagesdelilas.fr\/index.php\/contact-acces\/","title":{"rendered":"Contact &#038; Acc\u00e8s"},"content":{"rendered":"\r\n<table style=\"border-collapse: collapse; width: 100%;\">\r\n<tbody>\r\n<tr>\r\n<td style=\"width: 50%;\">\r\n<p class=\"has-large-font-size\"><span style=\"color: #000000; font-size: 14pt;\">Pour prendre rdv contactez Lilas au:<\/span><\/p>\r\n<p><span style=\"font-size: 14pt;\"><strong>\u00a0&#8211; <span style=\"color: #000000;\">06 36 11 96 93<\/span><\/strong><\/span><\/p>\r\n<p>&nbsp;<\/p>\r\n<p><span style=\"font-size: 14pt; color: #000000;\">\u00a0&#8211; Par le biais de FACEBOOK:<\/span><\/p>\r\n<p><span style=\"color: #ff00ff; font-size: 14pt;\"><a style=\"color: #ff00ff;\" href=\"https:\/\/www.facebook.com\/Lesmassagesdelilas\/\">\u00a0 les massages de lilas<\/a><\/span><\/p>\r\n<span style=\"color: #000000; font-size: 14pt;\">\r\n\r\n\r\n\r\n<\/span>\r\n<h2 class=\"has-text-align-center has-huge-font-size\" style=\"text-align: left;\"><span style=\"font-size: 14pt; color: #000000;\"><strong>&#8211; A l&rsquo;ADRESSE DU SALON<\/strong><\/span><\/h2>\r\n<span style=\"color: #000000;\">\r\n\r\n<\/span>\r\n<p class=\"has-large-font-size\" style=\"text-align: center;\"><strong><span style=\"font-size: 14pt; color: #000000;\">\u00a0 \u00a0 \u00a0 \u00a0 \u00a0 \u00a0 \u00a0 \u00a0 \u00a0 \u00a0 7 CHEMIN DES CASTORS 66500 PRADES<\/span><\/strong><\/p>\r\n<span style=\"color: #000000;\">\r\n\r\n\r\n\r\n<\/span>\r\n<p style=\"text-align: justify;\"><span style=\"font-size: 14pt; color: #000000;\">Pour se rep\u00e9rer un tr\u00e8s grand panneau ENRG sur fond bleu et blanc est visible sur le mur 5 m\u00e8tre avant le portail d&rsquo;entr\u00e9e et un panneau \u00ab\u00a0Les massages de Lilas\u00a0\u00bb est accroch\u00e9 sur le portail. Entrez passez le portail et sonnez directement \u00e0 la porte<\/span><\/p>\r\n<\/td>\r\n<td style=\"width: 50%; text-align: center;\"><iframe style=\"border: 0;\" src=\"https:\/\/www.google.com\/maps\/embed?pb=!4v1649671558042!6m8!1m7!1slY1q8TT_Jbg1qPECEpZXvQ!2m2!1d42.61547872522718!2d2.426863808452988!3f149.58334!4f0!5f0.7820865974627469\" width=\"600\" height=\"450\" allowfullscreen=\"allowfullscreen\"><\/iframe><\/td>\r\n<\/tr>\r\n<\/tbody>\r\n<\/table>\r\n<p>&nbsp;<\/p>\r\n\r\n\r\n\r\n<p>&nbsp;<\/p>\r\n","protected":false},"excerpt":{"rendered":"<p>Pour prendre rdv contactez Lilas au: \u00a0&#8211; 06 36 11 96 93 &nbsp; \u00a0&#8211; Par le biais de FACEBOOK: \u00a0 les massages de lilas &#8211; A l&rsquo;ADRESSE DU SALON \u00a0 \u00a0 \u00a0 \u00a0 \u00a0 \u00a0 \u00a0 \u00a0 \u00a0 \u00a0 7 CHEMIN DES CASTORS 66500 PRADES Pour se rep\u00e9rer un tr\u00e8s grand panneau ENRG sur fond &hellip; <\/p>\n","protected":false},"author":1,"featured_media":0,"parent":0,"menu_order":0,"comment_status":"closed","ping_status":"closed","template":"","meta":{"footnotes":""},"class_list":["post-81","page","type-page","status-publish","hentry"],"yoast_head":"<!-- This site is optimized with the Yoast SEO plugin v27.3 - https:\/\/yoast.com\/product\/yoast-seo-wordpress\/ -->\n<title>Contact &amp; Acc\u00e8s - Les Massages de Lilas<\/title>\n<meta name=\"description\" content=\"Le salon de massage \u00e0 Prades (66) - sur RDV et \u00e0 domicile dans les Pyr\u00e9n\u00e9es-Orientales - 06 36 11 96 93\" \/>\n<meta name=\"robots\" content=\"index, follow, max-snippet:-1, max-image-preview:large, max-video-preview:-1\" \/>\n<link rel=\"canonical\" href=\"https:\/\/lesmassagesdelilas.fr\/index.php\/contact-acces\/\" \/>\n<meta property=\"og:locale\" content=\"fr_FR\" \/>\n<meta property=\"og:type\" content=\"article\" \/>\n<meta property=\"og:title\" content=\"Contact &amp; Acc\u00e8s - Les Massages de Lilas\" \/>\n<meta property=\"og:description\" content=\"Le salon de massage \u00e0 Prades (66) - sur RDV et \u00e0 domicile dans les Pyr\u00e9n\u00e9es-Orientales - 06 36 11 96 93\" \/>\n<meta property=\"og:url\" content=\"https:\/\/lesmassagesdelilas.fr\/index.php\/contact-acces\/\" \/>\n<meta property=\"og:site_name\" content=\"Les Massages de Lilas\" \/>\n<meta property=\"article:publisher\" content=\"https:\/\/www.facebook.com\/Lesmassagesdelilas\/\" \/>\n<meta property=\"article:modified_time\" content=\"2022-04-12T10:36:42+00:00\" \/>\n<meta name=\"twitter:card\" content=\"summary_large_image\" \/>\n<meta name=\"twitter:label1\" content=\"Dur\u00e9e de lecture estim\u00e9e\" \/>\n\t<meta name=\"twitter:data1\" content=\"1 minute\" \/>\n<script type=\"application\/ld+json\" class=\"yoast-schema-graph\">{\"@context\":\"https:\\\/\\\/schema.org\",\"@graph\":[{\"@type\":\"WebPage\",\"@id\":\"https:\\\/\\\/lesmassagesdelilas.fr\\\/index.php\\\/contact-acces\\\/\",\"url\":\"https:\\\/\\\/lesmassagesdelilas.fr\\\/index.php\\\/contact-acces\\\/\",\"name\":\"Contact & Acc\u00e8s - Les Massages de Lilas\",\"isPartOf\":{\"@id\":\"https:\\\/\\\/lesmassagesdelilas.fr\\\/#website\"},\"datePublished\":\"2021-02-11T18:02:30+00:00\",\"dateModified\":\"2022-04-12T10:36:42+00:00\",\"description\":\"Le salon de massage \u00e0 Prades (66) - sur RDV et \u00e0 domicile dans les Pyr\u00e9n\u00e9es-Orientales - 06 36 11 96 93\",\"breadcrumb\":{\"@id\":\"https:\\\/\\\/lesmassagesdelilas.fr\\\/index.php\\\/contact-acces\\\/#breadcrumb\"},\"inLanguage\":\"fr-FR\",\"potentialAction\":[{\"@type\":\"ReadAction\",\"target\":[\"https:\\\/\\\/lesmassagesdelilas.fr\\\/index.php\\\/contact-acces\\\/\"]}]},{\"@type\":\"BreadcrumbList\",\"@id\":\"https:\\\/\\\/lesmassagesdelilas.fr\\\/index.php\\\/contact-acces\\\/#breadcrumb\",\"itemListElement\":[{\"@type\":\"ListItem\",\"position\":1,\"name\":\"Accueil\",\"item\":\"https:\\\/\\\/lesmassagesdelilas.fr\\\/\"},{\"@type\":\"ListItem\",\"position\":2,\"name\":\"Contact &#038; Acc\u00e8s\"}]},{\"@type\":\"WebSite\",\"@id\":\"https:\\\/\\\/lesmassagesdelilas.fr\\\/#website\",\"url\":\"https:\\\/\\\/lesmassagesdelilas.fr\\\/\",\"name\":\"Les Massages de Lilas\",\"description\":\"Bien-\u00eatre et relaxation\",\"publisher\":{\"@id\":\"https:\\\/\\\/lesmassagesdelilas.fr\\\/#organization\"},\"potentialAction\":[{\"@type\":\"SearchAction\",\"target\":{\"@type\":\"EntryPoint\",\"urlTemplate\":\"https:\\\/\\\/lesmassagesdelilas.fr\\\/?s={search_term_string}\"},\"query-input\":{\"@type\":\"PropertyValueSpecification\",\"valueRequired\":true,\"valueName\":\"search_term_string\"}}],\"inLanguage\":\"fr-FR\"},{\"@type\":\"Organization\",\"@id\":\"https:\\\/\\\/lesmassagesdelilas.fr\\\/#organization\",\"name\":\"Les massages de Lilas\",\"url\":\"https:\\\/\\\/lesmassagesdelilas.fr\\\/\",\"logo\":{\"@type\":\"ImageObject\",\"inLanguage\":\"fr-FR\",\"@id\":\"https:\\\/\\\/lesmassagesdelilas.fr\\\/#\\\/schema\\\/logo\\\/image\\\/\",\"url\":\"https:\\\/\\\/lesmassagesdelilas.fr\\\/wp-content\\\/uploads\\\/2021\\\/12\\\/8BA4F464-757E-486E-BC6B-ED19959EDFBE.png\",\"contentUrl\":\"https:\\\/\\\/lesmassagesdelilas.fr\\\/wp-content\\\/uploads\\\/2021\\\/12\\\/8BA4F464-757E-486E-BC6B-ED19959EDFBE.png\",\"width\":2246,\"height\":1588,\"caption\":\"Les massages de Lilas\"},\"image\":{\"@id\":\"https:\\\/\\\/lesmassagesdelilas.fr\\\/#\\\/schema\\\/logo\\\/image\\\/\"},\"sameAs\":[\"https:\\\/\\\/www.facebook.com\\\/Lesmassagesdelilas\\\/\",\"https:\\\/\\\/youtube.com\\\/channel\\\/UCVcWkG_2bZTUV0HCX0B8w9w\"]}]}<\/script>\n<!-- \/ Yoast SEO plugin. -->","yoast_head_json":{"title":"Contact & Acc\u00e8s - Les Massages de Lilas","description":"Le salon de massage \u00e0 Prades (66) - sur RDV et \u00e0 domicile dans les Pyr\u00e9n\u00e9es-Orientales - 06 36 11 96 93","robots":{"index":"index","follow":"follow","max-snippet":"max-snippet:-1","max-image-preview":"max-image-preview:large","max-video-preview":"max-video-preview:-1"},"canonical":"https:\/\/lesmassagesdelilas.fr\/index.php\/contact-acces\/","og_locale":"fr_FR","og_type":"article","og_title":"Contact & Acc\u00e8s - Les Massages de Lilas","og_description":"Le salon de massage \u00e0 Prades (66) - sur RDV et \u00e0 domicile dans les Pyr\u00e9n\u00e9es-Orientales - 06 36 11 96 93","og_url":"https:\/\/lesmassagesdelilas.fr\/index.php\/contact-acces\/","og_site_name":"Les Massages de Lilas","article_publisher":"https:\/\/www.facebook.com\/Lesmassagesdelilas\/","article_modified_time":"2022-04-12T10:36:42+00:00","twitter_card":"summary_large_image","twitter_misc":{"Dur\u00e9e de lecture estim\u00e9e":"1 minute"},"schema":{"@context":"https:\/\/schema.org","@graph":[{"@type":"WebPage","@id":"https:\/\/lesmassagesdelilas.fr\/index.php\/contact-acces\/","url":"https:\/\/lesmassagesdelilas.fr\/index.php\/contact-acces\/","name":"Contact & Acc\u00e8s - Les Massages de Lilas","isPartOf":{"@id":"https:\/\/lesmassagesdelilas.fr\/#website"},"datePublished":"2021-02-11T18:02:30+00:00","dateModified":"2022-04-12T10:36:42+00:00","description":"Le salon de massage \u00e0 Prades (66) - sur RDV et \u00e0 domicile dans les Pyr\u00e9n\u00e9es-Orientales - 06 36 11 96 93","breadcrumb":{"@id":"https:\/\/lesmassagesdelilas.fr\/index.php\/contact-acces\/#breadcrumb"},"inLanguage":"fr-FR","potentialAction":[{"@type":"ReadAction","target":["https:\/\/lesmassagesdelilas.fr\/index.php\/contact-acces\/"]}]},{"@type":"BreadcrumbList","@id":"https:\/\/lesmassagesdelilas.fr\/index.php\/contact-acces\/#breadcrumb","itemListElement":[{"@type":"ListItem","position":1,"name":"Accueil","item":"https:\/\/lesmassagesdelilas.fr\/"},{"@type":"ListItem","position":2,"name":"Contact &#038; Acc\u00e8s"}]},{"@type":"WebSite","@id":"https:\/\/lesmassagesdelilas.fr\/#website","url":"https:\/\/lesmassagesdelilas.fr\/","name":"Les Massages de Lilas","description":"Bien-\u00eatre et relaxation","publisher":{"@id":"https:\/\/lesmassagesdelilas.fr\/#organization"},"potentialAction":[{"@type":"SearchAction","target":{"@type":"EntryPoint","urlTemplate":"https:\/\/lesmassagesdelilas.fr\/?s={search_term_string}"},"query-input":{"@type":"PropertyValueSpecification","valueRequired":true,"valueName":"search_term_string"}}],"inLanguage":"fr-FR"},{"@type":"Organization","@id":"https:\/\/lesmassagesdelilas.fr\/#organization","name":"Les massages de Lilas","url":"https:\/\/lesmassagesdelilas.fr\/","logo":{"@type":"ImageObject","inLanguage":"fr-FR","@id":"https:\/\/lesmassagesdelilas.fr\/#\/schema\/logo\/image\/","url":"https:\/\/lesmassagesdelilas.fr\/wp-content\/uploads\/2021\/12\/8BA4F464-757E-486E-BC6B-ED19959EDFBE.png","contentUrl":"https:\/\/lesmassagesdelilas.fr\/wp-content\/uploads\/2021\/12\/8BA4F464-757E-486E-BC6B-ED19959EDFBE.png","width":2246,"height":1588,"caption":"Les massages de Lilas"},"image":{"@id":"https:\/\/lesmassagesdelilas.fr\/#\/schema\/logo\/image\/"},"sameAs":["https:\/\/www.facebook.com\/Lesmassagesdelilas\/","https:\/\/youtube.com\/channel\/UCVcWkG_2bZTUV0HCX0B8w9w"]}]}},"jetpack_sharing_enabled":true,"_links":{"self":[{"href":"https:\/\/lesmassagesdelilas.fr\/index.php\/wp-json\/wp\/v2\/pages\/81","targetHints":{"allow":["GET"]}}],"collection":[{"href":"https:\/\/lesmassagesdelilas.fr\/index.php\/wp-json\/wp\/v2\/pages"}],"about":[{"href":"https:\/\/lesmassagesdelilas.fr\/index.php\/wp-json\/wp\/v2\/types\/page"}],"author":[{"embeddable":true,"href":"https:\/\/lesmassagesdelilas.fr\/index.php\/wp-json\/wp\/v2\/users\/1"}],"replies":[{"embeddable":true,"href":"https:\/\/lesmassagesdelilas.fr\/index.php\/wp-json\/wp\/v2\/comments?post=81"}],"version-history":[{"count":26,"href":"https:\/\/lesmassagesdelilas.fr\/index.php\/wp-json\/wp\/v2\/pages\/81\/revisions"}],"predecessor-version":[{"id":603,"href":"https:\/\/lesmassagesdelilas.fr\/index.php\/wp-json\/wp\/v2\/pages\/81\/revisions\/603"}],"wp:attachment":[{"href":"https:\/\/lesmassagesdelilas.fr\/index.php\/wp-json\/wp\/v2\/media?parent=81"}],"curies":[{"name":"wp","href":"https:\/\/api.w.org\/{rel}","templated":true}]}}