{"id":74,"date":"2021-02-11T18:49:06","date_gmt":"2021-02-11T17:49:06","guid":{"rendered":"https:\/\/lesmassagesdelilas.fr\/?page_id=74"},"modified":"2025-08-31T11:54:00","modified_gmt":"2025-08-31T09:54:00","slug":"tarifs","status":"publish","type":"page","link":"https:\/\/lesmassagesdelilas.fr\/index.php\/tarifs\/","title":{"rendered":"Tarifs et Cartes cadeaux"},"content":{"rendered":"<p>&nbsp;<\/p>\r\n\r\n<h2 class=\"wp-block-heading\"><span style=\"color: #000000; font-size: 18pt;\"><strong><span class=\"has-inline-color\">En Salon<\/span>:<\/strong><\/span><\/h2>\r\n<p><span style=\"font-size: 14pt;\"><strong>Massages :<\/strong><\/span><\/p>\r\n<p><span style=\"font-size: 14pt;\">Dos relaxant <strong>30\u20ac 30mn<\/strong><\/span><\/p>\r\n<p><span style=\"font-size: 14pt;\">La t\u00eate dans les nuages <strong>30\u20ac 30mn<\/strong><\/span><\/p>\r\n<p><span style=\"font-size: 14pt;\">L\u2019intuitif relaxant <strong>40\u20ac 45mn<\/strong><\/span><\/p>\r\n<p><span style=\"font-size: 14pt;\">Californien <strong>40\u20ac 45mn<\/strong><\/span><\/p>\r\n<p><span style=\"font-size: 14pt;\">Maderoth\u00e9rapie <strong>40\u20ac 30mn<\/strong><\/span><\/p>\r\n<p><span style=\"font-size: 14pt;\">Pieds au bol Kansu <strong>50\u20ac 45mn<\/strong><\/span><\/p>\r\n<p><span style=\"font-size: 14pt;\">L\u2019intuitif appuy\u00e9 <strong>50\u20ac 1h00<\/strong><\/span><\/p>\r\n<p><span style=\"font-size: 14pt;\">Sp\u00e9cial tensions dorsales <strong>50\u20ac 1h00\u00a0<\/strong><\/span><\/p>\r\n<p><span style=\"font-size: 14pt;\">Balinais <strong>55\u20ac 1h00<\/strong><\/span><\/p>\r\n<p><span style=\"font-size: 14pt;\">Lomi Lomi <strong>55\u20ac 1h00<\/strong><\/span><\/p>\r\n<p><span style=\"font-size: 14pt;\">Su\u00e9dois <strong>60\u20ac 1h00<\/strong><\/span><\/p>\r\n<p><span style=\"font-size: 14pt;\">Su\u00e9dois + <strong>70\u20ac<\/strong> <strong>1h15<\/strong><\/span><\/p>\r\n<p><span style=\"font-size: 14pt;\">Face cupping (<span style=\"font-size: 10pt;\">Ventouse visage) <\/span><strong>65\u20ac 1h00<\/strong><\/span><strong>\u00a0<\/strong><\/p>\r\n<p><span style=\"font-size: 14pt;\">\r\n\r\n<\/span><\/p>\r\n<p><span style=\"font-size: 14pt;\">Ko Bi Do Anti-\u00c2ge 1h00 <\/span><span style=\"font-size: 14pt;\"><strong>60\u20ac<\/strong><\/span> <strong style=\"font-size: 14pt;\">1h00<\/strong><\/p>\r\n<p><span style=\"font-size: 14pt;\">Drainant\u00a0 <strong>75\u20ac 1h15<\/strong><\/span><\/p>\r\n<p><span style=\"font-size: 14pt;\">D<\/span><span style=\"font-size: 14pt;\">EEP TISSUS (sportif) <\/span><strong style=\"font-size: 14pt;\">85\u20ac 1h15<\/strong><\/p>\r\n<p>&nbsp;<\/p>\r\n<p><strong><span style=\"font-size: 14pt;\">Soin du visage :<\/span><\/strong><\/p>\r\n<p><span style=\"font-size: 14pt;\">Soin flash <strong>35\u20ac 30mn<\/strong><\/span><\/p>\r\n<p><span style=\"font-size: 14pt;\">Soin personnalis\u00e9 <strong>65\u20ac 1h00<\/strong>\u00a0<\/span><\/p>\r\n<p><span style=\"font-size: 14pt;\">Soin anti \u00c2ge <strong>75\u20ac 1h00<\/strong><\/span><\/p>\r\n<p>&nbsp;<\/p>\r\n<p><strong><span style=\"font-size: 14pt;\">Soin du corps : <\/span><\/strong><\/p>\r\n<p><span style=\"font-size: 14pt;\">(Gommage, enveloppement, massage, hydratation)<\/span><\/p>\r\n<p><span style=\"font-size: 14pt;\">Corps entier <strong>99\u20ac 1h30\u00a0<\/strong><\/span><\/p>\r\n<p><span style=\"font-size: 14pt;\">Dos et visage <strong>69\u20ac 1h00<\/strong>\u00a0<\/span><\/p>\r\n<p><span style=\"font-size: 14pt;\">Soin dos <strong>54\u20ac 45mn<\/strong><\/span><\/p>\r\n<p>&nbsp;<\/p>\r\n<p><strong style=\"color: #000000; font-size: 18pt;\"><span class=\"has-inline-color\"><span style=\"font-size: 14pt;\">\u00c9pilations<\/span> :<\/span><\/strong><\/p>\r\n<p><span class=\"has-inline-color\"><span style=\"font-size: 14pt;\">*voir sur Fresha le lien de r\u00e9servation<\/span><\/span><\/p>\r\n<p><a href=\"https:\/\/www.fresha.com\/fr\/book-now\/les-massages-de-lilas-by2qntmo\/services?lid=1324325&amp;share&amp;pId=1257558\">https:\/\/www.fresha.com\/fr\/book-now\/les-massages-de-lilas-by2qntmo\/services?lid=1324325&amp;share&amp;pId=1257558<\/a><\/p>\r\n<p><span class=\"has-inline-color\"><br \/><\/span><span style=\"color: #000000; font-size: 18pt;\"><span class=\"has-inline-color\" style=\"font-size: 14pt;\"><b style=\"color: #000000;\">A domicile<\/b><\/span><b style=\"color: #000000; font-size: 18pt;\">:<\/b><\/span><\/p>\r\n<p><span style=\"color: #000000;\">\r\n\r\n<\/span><\/p>\r\n<p><span style=\"font-size: 14pt; color: #000000;\">A partir de 70<strong>\u20ac<\/strong> l&rsquo;heure<\/span><\/p>\r\n<p><span style=\"font-size: 14pt; color: #000000;\">Ce qui influence mes honoraires:<\/span><\/p>\r\n<p><span style=\"font-size: 14pt; color: #000000;\">\r\n\r\n<\/span><\/p>\r\n<ol>\r\n<li><span style=\"font-size: 14pt; color: #000000;\"> La distance parcouru entre mon salon et votre domicile ,<\/span><\/li>\r\n<li><span style=\"font-size: 14pt; color: #000000;\"> Les difficult\u00e9s\u00a0 d&rsquo;acc\u00e8s \u00e0 votre domicile (rdc ou \u00e9tage\/chemin escarp\u00e9 ou parking devant l&rsquo;ent\u00e9e\u2026)<\/span><\/li>\r\n<\/ol>\r\n<p><span style=\"font-size: 18pt; color: #000000;\">\r\n\r\n<\/span><\/p>\r\n<pre class=\"wp-block-verse has-text-align-center\">\u00a0<\/pre>\r\n<p><span style=\"color: #000000;\">\r\n\r\n\r\n\r\n<\/span><\/p>\r\n<h2 class=\"has-text-align-center wp-block-heading\" style=\"text-align: left;\"><span class=\"has-inline-color\" style=\"color: #000000; font-size: 18pt;\"><strong>Cartes Cadeaux massage *:\u00a0<\/strong><\/span><\/h2>\r\n<p><img fetchpriority=\"high\" decoding=\"async\" width=\"1024\" height=\"461\" class=\"wp-image-187\" src=\"https:\/\/lesmassagesdelilas.fr\/wp-content\/uploads\/2021\/02\/1613303769419-1024x461.jpg\" alt=\"\" srcset=\"https:\/\/lesmassagesdelilas.fr\/wp-content\/uploads\/2021\/02\/1613303769419-1024x461.jpg 1024w, https:\/\/lesmassagesdelilas.fr\/wp-content\/uploads\/2021\/02\/1613303769419-300x135.jpg 300w, https:\/\/lesmassagesdelilas.fr\/wp-content\/uploads\/2021\/02\/1613303769419-768x346.jpg 768w, https:\/\/lesmassagesdelilas.fr\/wp-content\/uploads\/2021\/02\/1613303769419-1536x692.jpg 1536w, https:\/\/lesmassagesdelilas.fr\/wp-content\/uploads\/2021\/02\/1613303769419-2048x922.jpg 2048w\" sizes=\"(max-width: 1024px) 100vw, 1024px\" \/><\/p>\r\n<p><span style=\"font-size: 18pt; color: #000000;\">Pour r\u00e9server votre carte cadeau en ligne veuillez suivre le lien ci dessous.<\/span><\/p>\r\n<p>\u2757\ufe0f<span style=\"font-size: 14pt; color: #ff0000;\">Les cartes cadeaux sont valables <span style=\"text-decoration: underline;\">6 mois<\/span> \u00e0 partir de la date d\u2019achat.<\/span><\/p>\r\n<p><span style=\"color: #000000; font-size: 14pt;\">Si vous avez des doutes ou des questions n&rsquo;h\u00e9sitez surtout pas \u00e0 m&rsquo;appeler avant l&rsquo;achat 06 36 11 96 93.<\/span><\/p>\r\n<p><span style=\"font-size: 18pt;\"><a href=\"https:\/\/www.fresha.com\/fr\/book-now\/les-massages-de-lilas-by2qntmo\/gift-cards?share=true&amp;pId=1257558\" target=\"_blank\" rel=\"noopener\">https:\/\/giftcard.sumup.io\/order\/GERLBIT\/mboumba-mpendaga-gwenaelle-lilas<\/a><\/span><\/p>\r\n\r\n\r\n\r\n<p><span style=\"font-size: 18pt; color: #000000;\"><span style=\"font-size: 14pt;\">Pour offrir un soin du visage ou un soin corps option dos visage ou dos v\u00e9rifiez le du soin que vous souhaitez offrir et choisissez l\u2019option \u00ab montant personnalis\u00e9 \u00bb.<\/span><\/span><\/p>\r\n<p><span style=\"font-size: 18pt; color: #000000;\"><span style=\"font-size: 14pt;\"><br \/>Pour offrir un massage \u00e0 <span style=\"text-decoration: underline;\">domicile<\/span> me contacter par t\u00e9l\u00e9phone<\/span>\u00a0<span style=\"font-size: 14pt;\">au 06 36 11 96 93.<br \/><\/span><\/span><\/p>\r\n<p><span style=\"color: #000000; font-size: 14pt;\">La carte au format postal ci dessus est \u00e0 venir chercher sur place. Pour les cartes cadeaux en ligne vous recevrez un document par mail \u00e0 imprimer.<\/span><\/p>\r\n<p><span style=\"color: #000000; font-size: 14pt;\"><br \/><\/span><span style=\"color: #000000; font-size: 14pt;\">Pensez \u00e0 v\u00e9rifier les contre-indications au massage bien-\u00eatre avant de proc\u00e9der au paiement.<\/span><\/p>\r\n<p><blockquote class=\"wp-embedded-content\" data-secret=\"mnXzIlAyOy\"><a href=\"https:\/\/lesmassagesdelilas.fr\/index.php\/contre-indications\/\">Contre-indications<\/a><\/blockquote><iframe class=\"wp-embedded-content\" sandbox=\"allow-scripts\" security=\"restricted\" style=\"position: absolute; visibility: hidden;\" title=\"\u00ab\u00a0Contre-indications\u00a0\u00bb &#8212; Les Massages de Lilas\" src=\"https:\/\/lesmassagesdelilas.fr\/index.php\/contre-indications\/embed\/#?secret=9105TG869p#?secret=mnXzIlAyOy\" data-secret=\"mnXzIlAyOy\" width=\"600\" height=\"338\" frameborder=\"0\" marginwidth=\"0\" marginheight=\"0\" scrolling=\"no\"><\/iframe><\/p>\r\n","protected":false},"excerpt":{"rendered":"<p>&nbsp; En Salon: Massages : Dos relaxant 30\u20ac 30mn La t\u00eate dans les nuages 30\u20ac 30mn L\u2019intuitif relaxant 40\u20ac 45mn Californien 40\u20ac 45mn Maderoth\u00e9rapie 40\u20ac 30mn Pieds au bol Kansu 50\u20ac 45mn L\u2019intuitif appuy\u00e9 50\u20ac 1h00 Sp\u00e9cial tensions dorsales 50\u20ac 1h00\u00a0 Balinais 55\u20ac 1h00 Lomi Lomi 55\u20ac 1h00 Su\u00e9dois 60\u20ac 1h00 Su\u00e9dois + 70\u20ac 1h15 &hellip; <\/p>\n","protected":false},"author":1,"featured_media":400,"parent":0,"menu_order":0,"comment_status":"closed","ping_status":"closed","template":"","meta":{"footnotes":""},"class_list":["post-74","page","type-page","status-publish","has-post-thumbnail","hentry"],"yoast_head":"<!-- This site is optimized with the Yoast SEO plugin v27.3 - https:\/\/yoast.com\/product\/yoast-seo-wordpress\/ -->\n<title>Tarifs et Cartes cadeaux - Les Massages de Lilas<\/title>\n<meta name=\"description\" content=\"Le salon de massage \u00e0 Prades (66) - D\u00e9couvrez nos massages du monde - Lieu d\u00e9di\u00e9 au bien-\u00eatre et \u00e0 la relaxation - sur RDV et \u00e0 domicile dans les Pyr\u00e9n\u00e9es-Orientales\" \/>\n<meta name=\"robots\" content=\"index, follow, max-snippet:-1, max-image-preview:large, max-video-preview:-1\" \/>\n<link rel=\"canonical\" href=\"https:\/\/lesmassagesdelilas.fr\/index.php\/tarifs\/\" \/>\n<meta property=\"og:locale\" content=\"fr_FR\" \/>\n<meta property=\"og:type\" content=\"article\" \/>\n<meta property=\"og:title\" content=\"Tarifs et Cartes cadeaux - Les Massages de Lilas\" \/>\n<meta property=\"og:description\" content=\"Le salon de massage \u00e0 Prades (66) - D\u00e9couvrez nos massages du monde - Lieu d\u00e9di\u00e9 au bien-\u00eatre et \u00e0 la relaxation - sur RDV et \u00e0 domicile dans les Pyr\u00e9n\u00e9es-Orientales\" \/>\n<meta property=\"og:url\" content=\"https:\/\/lesmassagesdelilas.fr\/index.php\/tarifs\/\" \/>\n<meta property=\"og:site_name\" content=\"Les Massages de Lilas\" \/>\n<meta property=\"article:publisher\" content=\"https:\/\/www.facebook.com\/Lesmassagesdelilas\/\" \/>\n<meta property=\"article:modified_time\" content=\"2025-08-31T09:54:00+00:00\" \/>\n<meta property=\"og:image\" content=\"https:\/\/lesmassagesdelilas.fr\/wp-content\/uploads\/2021\/12\/EA42977C-71C8-4E63-9C5A-416FFBA48CAE.jpeg\" \/>\n\t<meta property=\"og:image:width\" content=\"1280\" \/>\n\t<meta property=\"og:image:height\" content=\"746\" \/>\n\t<meta property=\"og:image:type\" content=\"image\/jpeg\" \/>\n<meta name=\"twitter:card\" content=\"summary_large_image\" \/>\n<meta name=\"twitter:label1\" content=\"Dur\u00e9e de lecture estim\u00e9e\" \/>\n\t<meta name=\"twitter:data1\" content=\"2 minutes\" \/>\n<script type=\"application\/ld+json\" class=\"yoast-schema-graph\">{\"@context\":\"https:\\\/\\\/schema.org\",\"@graph\":[{\"@type\":\"WebPage\",\"@id\":\"https:\\\/\\\/lesmassagesdelilas.fr\\\/index.php\\\/tarifs\\\/\",\"url\":\"https:\\\/\\\/lesmassagesdelilas.fr\\\/index.php\\\/tarifs\\\/\",\"name\":\"Tarifs et Cartes cadeaux - Les Massages de Lilas\",\"isPartOf\":{\"@id\":\"https:\\\/\\\/lesmassagesdelilas.fr\\\/#website\"},\"primaryImageOfPage\":{\"@id\":\"https:\\\/\\\/lesmassagesdelilas.fr\\\/index.php\\\/tarifs\\\/#primaryimage\"},\"image\":{\"@id\":\"https:\\\/\\\/lesmassagesdelilas.fr\\\/index.php\\\/tarifs\\\/#primaryimage\"},\"thumbnailUrl\":\"https:\\\/\\\/lesmassagesdelilas.fr\\\/wp-content\\\/uploads\\\/2021\\\/12\\\/EA42977C-71C8-4E63-9C5A-416FFBA48CAE.jpeg\",\"datePublished\":\"2021-02-11T17:49:06+00:00\",\"dateModified\":\"2025-08-31T09:54:00+00:00\",\"description\":\"Le salon de massage \u00e0 Prades (66) - D\u00e9couvrez nos massages du monde - Lieu d\u00e9di\u00e9 au bien-\u00eatre et \u00e0 la relaxation - sur RDV et \u00e0 domicile dans les Pyr\u00e9n\u00e9es-Orientales\",\"breadcrumb\":{\"@id\":\"https:\\\/\\\/lesmassagesdelilas.fr\\\/index.php\\\/tarifs\\\/#breadcrumb\"},\"inLanguage\":\"fr-FR\",\"potentialAction\":[{\"@type\":\"ReadAction\",\"target\":[\"https:\\\/\\\/lesmassagesdelilas.fr\\\/index.php\\\/tarifs\\\/\"]}]},{\"@type\":\"ImageObject\",\"inLanguage\":\"fr-FR\",\"@id\":\"https:\\\/\\\/lesmassagesdelilas.fr\\\/index.php\\\/tarifs\\\/#primaryimage\",\"url\":\"https:\\\/\\\/lesmassagesdelilas.fr\\\/wp-content\\\/uploads\\\/2021\\\/12\\\/EA42977C-71C8-4E63-9C5A-416FFBA48CAE.jpeg\",\"contentUrl\":\"https:\\\/\\\/lesmassagesdelilas.fr\\\/wp-content\\\/uploads\\\/2021\\\/12\\\/EA42977C-71C8-4E63-9C5A-416FFBA48CAE.jpeg\",\"width\":1280,\"height\":746},{\"@type\":\"BreadcrumbList\",\"@id\":\"https:\\\/\\\/lesmassagesdelilas.fr\\\/index.php\\\/tarifs\\\/#breadcrumb\",\"itemListElement\":[{\"@type\":\"ListItem\",\"position\":1,\"name\":\"Accueil\",\"item\":\"https:\\\/\\\/lesmassagesdelilas.fr\\\/\"},{\"@type\":\"ListItem\",\"position\":2,\"name\":\"Tarifs et Cartes cadeaux\"}]},{\"@type\":\"WebSite\",\"@id\":\"https:\\\/\\\/lesmassagesdelilas.fr\\\/#website\",\"url\":\"https:\\\/\\\/lesmassagesdelilas.fr\\\/\",\"name\":\"Les Massages de Lilas\",\"description\":\"Bien-\u00eatre et relaxation\",\"publisher\":{\"@id\":\"https:\\\/\\\/lesmassagesdelilas.fr\\\/#organization\"},\"potentialAction\":[{\"@type\":\"SearchAction\",\"target\":{\"@type\":\"EntryPoint\",\"urlTemplate\":\"https:\\\/\\\/lesmassagesdelilas.fr\\\/?s={search_term_string}\"},\"query-input\":{\"@type\":\"PropertyValueSpecification\",\"valueRequired\":true,\"valueName\":\"search_term_string\"}}],\"inLanguage\":\"fr-FR\"},{\"@type\":\"Organization\",\"@id\":\"https:\\\/\\\/lesmassagesdelilas.fr\\\/#organization\",\"name\":\"Les massages de Lilas\",\"url\":\"https:\\\/\\\/lesmassagesdelilas.fr\\\/\",\"logo\":{\"@type\":\"ImageObject\",\"inLanguage\":\"fr-FR\",\"@id\":\"https:\\\/\\\/lesmassagesdelilas.fr\\\/#\\\/schema\\\/logo\\\/image\\\/\",\"url\":\"https:\\\/\\\/lesmassagesdelilas.fr\\\/wp-content\\\/uploads\\\/2021\\\/12\\\/8BA4F464-757E-486E-BC6B-ED19959EDFBE.png\",\"contentUrl\":\"https:\\\/\\\/lesmassagesdelilas.fr\\\/wp-content\\\/uploads\\\/2021\\\/12\\\/8BA4F464-757E-486E-BC6B-ED19959EDFBE.png\",\"width\":2246,\"height\":1588,\"caption\":\"Les massages de Lilas\"},\"image\":{\"@id\":\"https:\\\/\\\/lesmassagesdelilas.fr\\\/#\\\/schema\\\/logo\\\/image\\\/\"},\"sameAs\":[\"https:\\\/\\\/www.facebook.com\\\/Lesmassagesdelilas\\\/\",\"https:\\\/\\\/youtube.com\\\/channel\\\/UCVcWkG_2bZTUV0HCX0B8w9w\"]}]}<\/script>\n<!-- \/ Yoast SEO plugin. -->","yoast_head_json":{"title":"Tarifs et Cartes cadeaux - Les Massages de Lilas","description":"Le salon de massage \u00e0 Prades (66) - D\u00e9couvrez nos massages du monde - Lieu d\u00e9di\u00e9 au bien-\u00eatre et \u00e0 la relaxation - sur RDV et \u00e0 domicile dans les Pyr\u00e9n\u00e9es-Orientales","robots":{"index":"index","follow":"follow","max-snippet":"max-snippet:-1","max-image-preview":"max-image-preview:large","max-video-preview":"max-video-preview:-1"},"canonical":"https:\/\/lesmassagesdelilas.fr\/index.php\/tarifs\/","og_locale":"fr_FR","og_type":"article","og_title":"Tarifs et Cartes cadeaux - Les Massages de Lilas","og_description":"Le salon de massage \u00e0 Prades (66) - D\u00e9couvrez nos massages du monde - Lieu d\u00e9di\u00e9 au bien-\u00eatre et \u00e0 la relaxation - sur RDV et \u00e0 domicile dans les Pyr\u00e9n\u00e9es-Orientales","og_url":"https:\/\/lesmassagesdelilas.fr\/index.php\/tarifs\/","og_site_name":"Les Massages de Lilas","article_publisher":"https:\/\/www.facebook.com\/Lesmassagesdelilas\/","article_modified_time":"2025-08-31T09:54:00+00:00","og_image":[{"width":1280,"height":746,"url":"https:\/\/lesmassagesdelilas.fr\/wp-content\/uploads\/2021\/12\/EA42977C-71C8-4E63-9C5A-416FFBA48CAE.jpeg","type":"image\/jpeg"}],"twitter_card":"summary_large_image","twitter_misc":{"Dur\u00e9e de lecture estim\u00e9e":"2 minutes"},"schema":{"@context":"https:\/\/schema.org","@graph":[{"@type":"WebPage","@id":"https:\/\/lesmassagesdelilas.fr\/index.php\/tarifs\/","url":"https:\/\/lesmassagesdelilas.fr\/index.php\/tarifs\/","name":"Tarifs et Cartes cadeaux - Les Massages de Lilas","isPartOf":{"@id":"https:\/\/lesmassagesdelilas.fr\/#website"},"primaryImageOfPage":{"@id":"https:\/\/lesmassagesdelilas.fr\/index.php\/tarifs\/#primaryimage"},"image":{"@id":"https:\/\/lesmassagesdelilas.fr\/index.php\/tarifs\/#primaryimage"},"thumbnailUrl":"https:\/\/lesmassagesdelilas.fr\/wp-content\/uploads\/2021\/12\/EA42977C-71C8-4E63-9C5A-416FFBA48CAE.jpeg","datePublished":"2021-02-11T17:49:06+00:00","dateModified":"2025-08-31T09:54:00+00:00","description":"Le salon de massage \u00e0 Prades (66) - D\u00e9couvrez nos massages du monde - Lieu d\u00e9di\u00e9 au bien-\u00eatre et \u00e0 la relaxation - sur RDV et \u00e0 domicile dans les Pyr\u00e9n\u00e9es-Orientales","breadcrumb":{"@id":"https:\/\/lesmassagesdelilas.fr\/index.php\/tarifs\/#breadcrumb"},"inLanguage":"fr-FR","potentialAction":[{"@type":"ReadAction","target":["https:\/\/lesmassagesdelilas.fr\/index.php\/tarifs\/"]}]},{"@type":"ImageObject","inLanguage":"fr-FR","@id":"https:\/\/lesmassagesdelilas.fr\/index.php\/tarifs\/#primaryimage","url":"https:\/\/lesmassagesdelilas.fr\/wp-content\/uploads\/2021\/12\/EA42977C-71C8-4E63-9C5A-416FFBA48CAE.jpeg","contentUrl":"https:\/\/lesmassagesdelilas.fr\/wp-content\/uploads\/2021\/12\/EA42977C-71C8-4E63-9C5A-416FFBA48CAE.jpeg","width":1280,"height":746},{"@type":"BreadcrumbList","@id":"https:\/\/lesmassagesdelilas.fr\/index.php\/tarifs\/#breadcrumb","itemListElement":[{"@type":"ListItem","position":1,"name":"Accueil","item":"https:\/\/lesmassagesdelilas.fr\/"},{"@type":"ListItem","position":2,"name":"Tarifs et Cartes cadeaux"}]},{"@type":"WebSite","@id":"https:\/\/lesmassagesdelilas.fr\/#website","url":"https:\/\/lesmassagesdelilas.fr\/","name":"Les Massages de Lilas","description":"Bien-\u00eatre et relaxation","publisher":{"@id":"https:\/\/lesmassagesdelilas.fr\/#organization"},"potentialAction":[{"@type":"SearchAction","target":{"@type":"EntryPoint","urlTemplate":"https:\/\/lesmassagesdelilas.fr\/?s={search_term_string}"},"query-input":{"@type":"PropertyValueSpecification","valueRequired":true,"valueName":"search_term_string"}}],"inLanguage":"fr-FR"},{"@type":"Organization","@id":"https:\/\/lesmassagesdelilas.fr\/#organization","name":"Les massages de Lilas","url":"https:\/\/lesmassagesdelilas.fr\/","logo":{"@type":"ImageObject","inLanguage":"fr-FR","@id":"https:\/\/lesmassagesdelilas.fr\/#\/schema\/logo\/image\/","url":"https:\/\/lesmassagesdelilas.fr\/wp-content\/uploads\/2021\/12\/8BA4F464-757E-486E-BC6B-ED19959EDFBE.png","contentUrl":"https:\/\/lesmassagesdelilas.fr\/wp-content\/uploads\/2021\/12\/8BA4F464-757E-486E-BC6B-ED19959EDFBE.png","width":2246,"height":1588,"caption":"Les massages de Lilas"},"image":{"@id":"https:\/\/lesmassagesdelilas.fr\/#\/schema\/logo\/image\/"},"sameAs":["https:\/\/www.facebook.com\/Lesmassagesdelilas\/","https:\/\/youtube.com\/channel\/UCVcWkG_2bZTUV0HCX0B8w9w"]}]}},"jetpack_sharing_enabled":true,"_links":{"self":[{"href":"https:\/\/lesmassagesdelilas.fr\/index.php\/wp-json\/wp\/v2\/pages\/74","targetHints":{"allow":["GET"]}}],"collection":[{"href":"https:\/\/lesmassagesdelilas.fr\/index.php\/wp-json\/wp\/v2\/pages"}],"about":[{"href":"https:\/\/lesmassagesdelilas.fr\/index.php\/wp-json\/wp\/v2\/types\/page"}],"author":[{"embeddable":true,"href":"https:\/\/lesmassagesdelilas.fr\/index.php\/wp-json\/wp\/v2\/users\/1"}],"replies":[{"embeddable":true,"href":"https:\/\/lesmassagesdelilas.fr\/index.php\/wp-json\/wp\/v2\/comments?post=74"}],"version-history":[{"count":73,"href":"https:\/\/lesmassagesdelilas.fr\/index.php\/wp-json\/wp\/v2\/pages\/74\/revisions"}],"predecessor-version":[{"id":721,"href":"https:\/\/lesmassagesdelilas.fr\/index.php\/wp-json\/wp\/v2\/pages\/74\/revisions\/721"}],"wp:featuredmedia":[{"embeddable":true,"href":"https:\/\/lesmassagesdelilas.fr\/index.php\/wp-json\/wp\/v2\/media\/400"}],"wp:attachment":[{"href":"https:\/\/lesmassagesdelilas.fr\/index.php\/wp-json\/wp\/v2\/media?parent=74"}],"curies":[{"name":"wp","href":"https:\/\/api.w.org\/{rel}","templated":true}]}}