{"id":670,"date":"2024-06-26T15:07:50","date_gmt":"2024-06-26T13:07:50","guid":{"rendered":"https:\/\/lesmassagesdelilas.fr\/?page_id=670"},"modified":"2024-06-26T15:15:30","modified_gmt":"2024-06-26T13:15:30","slug":"soins-du-visage","status":"publish","type":"page","link":"https:\/\/lesmassagesdelilas.fr\/index.php\/accueil\/soins-du-visage\/","title":{"rendered":"Soins du visage"},"content":{"rendered":"<p><img fetchpriority=\"high\" decoding=\"async\" class=\"size-full wp-image-671\" src=\"https:\/\/lesmassagesdelilas.fr\/wp-content\/uploads\/2024\/06\/ai-generated-8270432_1280.webp\" alt=\"Soin visage \" width=\"1280\" height=\"1280\" \/><\/p>\n<p style=\"padding-left: 80px;\"><span style=\"text-decoration: underline;\"><strong><span style=\"font-size: 18pt;\">Les soins du visage<\/span><\/strong><\/span><\/p>\n<p>&nbsp;<\/p>\n<p>&nbsp;<\/p>\n<p><strong>Soin Anti-\u00e2ge (peaux matures)<\/strong><\/p>\n<p>Un nettoyage doux de la peau, suivi d&rsquo;un gommage enzymatique sans frottement pour ne pas accentuer le rel\u00e2chement cutan\u00e9 .<\/p>\n<p>En fonction du besoin et de votre souhait un appareil sera utilis\u00e9 pour booster la production de collag\u00e8ne et d&rsquo;\u00e9lastine de votre peau.<\/p>\n<p>Un masque adapt\u00e9 sera appliqu\u00e9 suivi d&rsquo;un massage anti \u00e2ge et de l&rsquo;application d&rsquo;un s\u00e9rum riche en actifs anti \u00e2ge.<\/p>\n<p>\u00ab\u00a0Un vrai coup de pouce naturel pour aider votre peau \u00e0 r\u00e9sister aux ravages du temps\u00a0\u00bb.<\/p>\n<p>&nbsp;<\/p>\n<p><strong>Soin purifiant (peaux grasses)<\/strong><\/p>\n<p>Un double nettoyage de votre peau sera effectu\u00e9, suivi d&rsquo;un gommage \u00e0 grains.<\/p>\n<p>Ensuite un soin avec l&rsquo;usage d&rsquo;un vapozone (appareil projetant de la vapeur d&rsquo;eau et de l&rsquo;ozone) permettra d&rsquo;ouvrir vos pores et de\u00a0 purifier votre peau gr\u00e2ce \u00e0 l&rsquo;ozone.<\/p>\n<p>Si vous le souhaitez les com\u00e9dons (points noirs) seront retir\u00e9s.<\/p>\n<p>Enfin un masque purifiant sera appliqu\u00e9 suivi d&rsquo;un massage du visage et du cuir chevelu et pour finir l&rsquo;application d&rsquo;un s\u00e9rum et d&rsquo;une cr\u00e8me de jour matifiante.<\/p>\n<p>\u00ab\u00a0Retrouvez un peau saine et sans luisances\u00a0\u00bb.<\/p>\n<p>&nbsp;<\/p>\n<p><strong>Soin nourrissant (peaux s\u00e8ches)<\/strong><\/p>\n<p>Un nettoyage au lait nourrissant suivi d&rsquo;un gommage seront appliqu\u00e9s afin de retirer peaux mortes ou squames.<\/p>\n<p>Un soin avec un appareil \u00e0 courant galvanique et son gel r\u00e9g\u00e9n\u00e9rant pourront \u00eatre apport\u00e9 si vous le souhaitez.<\/p>\n<p>Ensuite un masque riche en principes nourrissants, un s\u00e9rum booster et un massage seront effectu\u00e9s.<\/p>\n<p>Et pour finir une cr\u00e8me de jour viendra celler les b\u00e9n\u00e9fices de ce soin.<\/p>\n<p><strong>Soin apaisant ou hydratant<\/strong><\/p>\n<p>En fonction de votre type de peau (s\u00e8che ou grasse) des options seront ajout\u00e9es \u00e0 votre soin initial (s\u00e9rum, masque&#8230;) pour l&rsquo;adapter \u00e0 votre type de peau mais aussi \u00e0 son \u00e9tat.<\/p>\n","protected":false},"excerpt":{"rendered":"<p>Les soins du visage &nbsp; &nbsp; Soin Anti-\u00e2ge (peaux matures) Un nettoyage doux de la peau, suivi d&rsquo;un gommage enzymatique sans frottement pour ne pas accentuer le rel\u00e2chement cutan\u00e9 . En fonction du besoin et de votre souhait un appareil sera utilis\u00e9 pour booster la production de collag\u00e8ne et d&rsquo;\u00e9lastine de votre peau. Un masque &hellip; <\/p>\n","protected":false},"author":1,"featured_media":0,"parent":39,"menu_order":0,"comment_status":"closed","ping_status":"closed","template":"","meta":{"footnotes":""},"class_list":["post-670","page","type-page","status-publish","hentry"],"yoast_head":"<!-- This site is optimized with the Yoast SEO plugin v27.3 - https:\/\/yoast.com\/product\/yoast-seo-wordpress\/ -->\n<title>Soins du visage - Les Massages de Lilas<\/title>\n<meta name=\"description\" content=\"Le salon de massage \u00e0 Prades (66) - D\u00e9couvrez nos massages du monde - Lieu d\u00e9di\u00e9 au bien-\u00eatre et \u00e0 la relaxation - sur RDV et \u00e0 domicile dans les Pyr\u00e9n\u00e9es-Orientales\" \/>\n<meta name=\"robots\" content=\"index, follow, max-snippet:-1, max-image-preview:large, max-video-preview:-1\" \/>\n<link rel=\"canonical\" href=\"https:\/\/lesmassagesdelilas.fr\/index.php\/accueil\/soins-du-visage\/\" \/>\n<meta property=\"og:locale\" content=\"fr_FR\" \/>\n<meta property=\"og:type\" content=\"article\" \/>\n<meta property=\"og:title\" content=\"Soins du visage - Les Massages de Lilas\" \/>\n<meta property=\"og:description\" content=\"Le salon de massage \u00e0 Prades (66) - D\u00e9couvrez nos massages du monde - Lieu d\u00e9di\u00e9 au bien-\u00eatre et \u00e0 la relaxation - sur RDV et \u00e0 domicile dans les Pyr\u00e9n\u00e9es-Orientales\" \/>\n<meta property=\"og:url\" content=\"https:\/\/lesmassagesdelilas.fr\/index.php\/accueil\/soins-du-visage\/\" \/>\n<meta property=\"og:site_name\" content=\"Les Massages de Lilas\" \/>\n<meta property=\"article:publisher\" content=\"https:\/\/www.facebook.com\/Lesmassagesdelilas\/\" \/>\n<meta property=\"article:modified_time\" content=\"2024-06-26T13:15:30+00:00\" \/>\n<meta property=\"og:image\" content=\"https:\/\/lesmassagesdelilas.fr\/wp-content\/uploads\/2024\/06\/ai-generated-8270432_1280.webp\" \/>\n<meta name=\"twitter:card\" content=\"summary_large_image\" \/>\n<meta name=\"twitter:label1\" content=\"Dur\u00e9e de lecture estim\u00e9e\" \/>\n\t<meta name=\"twitter:data1\" content=\"2 minutes\" \/>\n<script type=\"application\/ld+json\" class=\"yoast-schema-graph\">{\"@context\":\"https:\\\/\\\/schema.org\",\"@graph\":[{\"@type\":\"WebPage\",\"@id\":\"https:\\\/\\\/lesmassagesdelilas.fr\\\/index.php\\\/accueil\\\/soins-du-visage\\\/\",\"url\":\"https:\\\/\\\/lesmassagesdelilas.fr\\\/index.php\\\/accueil\\\/soins-du-visage\\\/\",\"name\":\"Soins du visage - Les Massages de Lilas\",\"isPartOf\":{\"@id\":\"https:\\\/\\\/lesmassagesdelilas.fr\\\/#website\"},\"primaryImageOfPage\":{\"@id\":\"https:\\\/\\\/lesmassagesdelilas.fr\\\/index.php\\\/accueil\\\/soins-du-visage\\\/#primaryimage\"},\"image\":{\"@id\":\"https:\\\/\\\/lesmassagesdelilas.fr\\\/index.php\\\/accueil\\\/soins-du-visage\\\/#primaryimage\"},\"thumbnailUrl\":\"https:\\\/\\\/lesmassagesdelilas.fr\\\/wp-content\\\/uploads\\\/2024\\\/06\\\/ai-generated-8270432_1280.webp\",\"datePublished\":\"2024-06-26T13:07:50+00:00\",\"dateModified\":\"2024-06-26T13:15:30+00:00\",\"description\":\"Le salon de massage \u00e0 Prades (66) - D\u00e9couvrez nos massages du monde - Lieu d\u00e9di\u00e9 au bien-\u00eatre et \u00e0 la relaxation - sur RDV et \u00e0 domicile dans les Pyr\u00e9n\u00e9es-Orientales\",\"breadcrumb\":{\"@id\":\"https:\\\/\\\/lesmassagesdelilas.fr\\\/index.php\\\/accueil\\\/soins-du-visage\\\/#breadcrumb\"},\"inLanguage\":\"fr-FR\",\"potentialAction\":[{\"@type\":\"ReadAction\",\"target\":[\"https:\\\/\\\/lesmassagesdelilas.fr\\\/index.php\\\/accueil\\\/soins-du-visage\\\/\"]}]},{\"@type\":\"ImageObject\",\"inLanguage\":\"fr-FR\",\"@id\":\"https:\\\/\\\/lesmassagesdelilas.fr\\\/index.php\\\/accueil\\\/soins-du-visage\\\/#primaryimage\",\"url\":\"https:\\\/\\\/lesmassagesdelilas.fr\\\/wp-content\\\/uploads\\\/2024\\\/06\\\/ai-generated-8270432_1280.webp\",\"contentUrl\":\"https:\\\/\\\/lesmassagesdelilas.fr\\\/wp-content\\\/uploads\\\/2024\\\/06\\\/ai-generated-8270432_1280.webp\",\"width\":1280,\"height\":1280,\"caption\":\"Application masque\"},{\"@type\":\"BreadcrumbList\",\"@id\":\"https:\\\/\\\/lesmassagesdelilas.fr\\\/index.php\\\/accueil\\\/soins-du-visage\\\/#breadcrumb\",\"itemListElement\":[{\"@type\":\"ListItem\",\"position\":1,\"name\":\"Accueil\",\"item\":\"https:\\\/\\\/lesmassagesdelilas.fr\\\/\"},{\"@type\":\"ListItem\",\"position\":2,\"name\":\"Accueil\",\"item\":\"https:\\\/\\\/lesmassagesdelilas.fr\\\/\"},{\"@type\":\"ListItem\",\"position\":3,\"name\":\"Soins du visage\"}]},{\"@type\":\"WebSite\",\"@id\":\"https:\\\/\\\/lesmassagesdelilas.fr\\\/#website\",\"url\":\"https:\\\/\\\/lesmassagesdelilas.fr\\\/\",\"name\":\"Les Massages de Lilas\",\"description\":\"Bien-\u00eatre et relaxation\",\"publisher\":{\"@id\":\"https:\\\/\\\/lesmassagesdelilas.fr\\\/#organization\"},\"potentialAction\":[{\"@type\":\"SearchAction\",\"target\":{\"@type\":\"EntryPoint\",\"urlTemplate\":\"https:\\\/\\\/lesmassagesdelilas.fr\\\/?s={search_term_string}\"},\"query-input\":{\"@type\":\"PropertyValueSpecification\",\"valueRequired\":true,\"valueName\":\"search_term_string\"}}],\"inLanguage\":\"fr-FR\"},{\"@type\":\"Organization\",\"@id\":\"https:\\\/\\\/lesmassagesdelilas.fr\\\/#organization\",\"name\":\"Les massages de Lilas\",\"url\":\"https:\\\/\\\/lesmassagesdelilas.fr\\\/\",\"logo\":{\"@type\":\"ImageObject\",\"inLanguage\":\"fr-FR\",\"@id\":\"https:\\\/\\\/lesmassagesdelilas.fr\\\/#\\\/schema\\\/logo\\\/image\\\/\",\"url\":\"https:\\\/\\\/lesmassagesdelilas.fr\\\/wp-content\\\/uploads\\\/2021\\\/12\\\/8BA4F464-757E-486E-BC6B-ED19959EDFBE.png\",\"contentUrl\":\"https:\\\/\\\/lesmassagesdelilas.fr\\\/wp-content\\\/uploads\\\/2021\\\/12\\\/8BA4F464-757E-486E-BC6B-ED19959EDFBE.png\",\"width\":2246,\"height\":1588,\"caption\":\"Les massages de Lilas\"},\"image\":{\"@id\":\"https:\\\/\\\/lesmassagesdelilas.fr\\\/#\\\/schema\\\/logo\\\/image\\\/\"},\"sameAs\":[\"https:\\\/\\\/www.facebook.com\\\/Lesmassagesdelilas\\\/\",\"https:\\\/\\\/youtube.com\\\/channel\\\/UCVcWkG_2bZTUV0HCX0B8w9w\"]}]}<\/script>\n<!-- \/ Yoast SEO plugin. -->","yoast_head_json":{"title":"Soins du visage - Les Massages de Lilas","description":"Le salon de massage \u00e0 Prades (66) - D\u00e9couvrez nos massages du monde - Lieu d\u00e9di\u00e9 au bien-\u00eatre et \u00e0 la relaxation - sur RDV et \u00e0 domicile dans les Pyr\u00e9n\u00e9es-Orientales","robots":{"index":"index","follow":"follow","max-snippet":"max-snippet:-1","max-image-preview":"max-image-preview:large","max-video-preview":"max-video-preview:-1"},"canonical":"https:\/\/lesmassagesdelilas.fr\/index.php\/accueil\/soins-du-visage\/","og_locale":"fr_FR","og_type":"article","og_title":"Soins du visage - Les Massages de Lilas","og_description":"Le salon de massage \u00e0 Prades (66) - D\u00e9couvrez nos massages du monde - Lieu d\u00e9di\u00e9 au bien-\u00eatre et \u00e0 la relaxation - sur RDV et \u00e0 domicile dans les Pyr\u00e9n\u00e9es-Orientales","og_url":"https:\/\/lesmassagesdelilas.fr\/index.php\/accueil\/soins-du-visage\/","og_site_name":"Les Massages de Lilas","article_publisher":"https:\/\/www.facebook.com\/Lesmassagesdelilas\/","article_modified_time":"2024-06-26T13:15:30+00:00","og_image":[{"url":"https:\/\/lesmassagesdelilas.fr\/wp-content\/uploads\/2024\/06\/ai-generated-8270432_1280.webp","type":"","width":"","height":""}],"twitter_card":"summary_large_image","twitter_misc":{"Dur\u00e9e de lecture estim\u00e9e":"2 minutes"},"schema":{"@context":"https:\/\/schema.org","@graph":[{"@type":"WebPage","@id":"https:\/\/lesmassagesdelilas.fr\/index.php\/accueil\/soins-du-visage\/","url":"https:\/\/lesmassagesdelilas.fr\/index.php\/accueil\/soins-du-visage\/","name":"Soins du visage - Les Massages de Lilas","isPartOf":{"@id":"https:\/\/lesmassagesdelilas.fr\/#website"},"primaryImageOfPage":{"@id":"https:\/\/lesmassagesdelilas.fr\/index.php\/accueil\/soins-du-visage\/#primaryimage"},"image":{"@id":"https:\/\/lesmassagesdelilas.fr\/index.php\/accueil\/soins-du-visage\/#primaryimage"},"thumbnailUrl":"https:\/\/lesmassagesdelilas.fr\/wp-content\/uploads\/2024\/06\/ai-generated-8270432_1280.webp","datePublished":"2024-06-26T13:07:50+00:00","dateModified":"2024-06-26T13:15:30+00:00","description":"Le salon de massage \u00e0 Prades (66) - D\u00e9couvrez nos massages du monde - Lieu d\u00e9di\u00e9 au bien-\u00eatre et \u00e0 la relaxation - sur RDV et \u00e0 domicile dans les Pyr\u00e9n\u00e9es-Orientales","breadcrumb":{"@id":"https:\/\/lesmassagesdelilas.fr\/index.php\/accueil\/soins-du-visage\/#breadcrumb"},"inLanguage":"fr-FR","potentialAction":[{"@type":"ReadAction","target":["https:\/\/lesmassagesdelilas.fr\/index.php\/accueil\/soins-du-visage\/"]}]},{"@type":"ImageObject","inLanguage":"fr-FR","@id":"https:\/\/lesmassagesdelilas.fr\/index.php\/accueil\/soins-du-visage\/#primaryimage","url":"https:\/\/lesmassagesdelilas.fr\/wp-content\/uploads\/2024\/06\/ai-generated-8270432_1280.webp","contentUrl":"https:\/\/lesmassagesdelilas.fr\/wp-content\/uploads\/2024\/06\/ai-generated-8270432_1280.webp","width":1280,"height":1280,"caption":"Application masque"},{"@type":"BreadcrumbList","@id":"https:\/\/lesmassagesdelilas.fr\/index.php\/accueil\/soins-du-visage\/#breadcrumb","itemListElement":[{"@type":"ListItem","position":1,"name":"Accueil","item":"https:\/\/lesmassagesdelilas.fr\/"},{"@type":"ListItem","position":2,"name":"Accueil","item":"https:\/\/lesmassagesdelilas.fr\/"},{"@type":"ListItem","position":3,"name":"Soins du visage"}]},{"@type":"WebSite","@id":"https:\/\/lesmassagesdelilas.fr\/#website","url":"https:\/\/lesmassagesdelilas.fr\/","name":"Les Massages de Lilas","description":"Bien-\u00eatre et relaxation","publisher":{"@id":"https:\/\/lesmassagesdelilas.fr\/#organization"},"potentialAction":[{"@type":"SearchAction","target":{"@type":"EntryPoint","urlTemplate":"https:\/\/lesmassagesdelilas.fr\/?s={search_term_string}"},"query-input":{"@type":"PropertyValueSpecification","valueRequired":true,"valueName":"search_term_string"}}],"inLanguage":"fr-FR"},{"@type":"Organization","@id":"https:\/\/lesmassagesdelilas.fr\/#organization","name":"Les massages de Lilas","url":"https:\/\/lesmassagesdelilas.fr\/","logo":{"@type":"ImageObject","inLanguage":"fr-FR","@id":"https:\/\/lesmassagesdelilas.fr\/#\/schema\/logo\/image\/","url":"https:\/\/lesmassagesdelilas.fr\/wp-content\/uploads\/2021\/12\/8BA4F464-757E-486E-BC6B-ED19959EDFBE.png","contentUrl":"https:\/\/lesmassagesdelilas.fr\/wp-content\/uploads\/2021\/12\/8BA4F464-757E-486E-BC6B-ED19959EDFBE.png","width":2246,"height":1588,"caption":"Les massages de Lilas"},"image":{"@id":"https:\/\/lesmassagesdelilas.fr\/#\/schema\/logo\/image\/"},"sameAs":["https:\/\/www.facebook.com\/Lesmassagesdelilas\/","https:\/\/youtube.com\/channel\/UCVcWkG_2bZTUV0HCX0B8w9w"]}]}},"jetpack_sharing_enabled":true,"_links":{"self":[{"href":"https:\/\/lesmassagesdelilas.fr\/index.php\/wp-json\/wp\/v2\/pages\/670","targetHints":{"allow":["GET"]}}],"collection":[{"href":"https:\/\/lesmassagesdelilas.fr\/index.php\/wp-json\/wp\/v2\/pages"}],"about":[{"href":"https:\/\/lesmassagesdelilas.fr\/index.php\/wp-json\/wp\/v2\/types\/page"}],"author":[{"embeddable":true,"href":"https:\/\/lesmassagesdelilas.fr\/index.php\/wp-json\/wp\/v2\/users\/1"}],"replies":[{"embeddable":true,"href":"https:\/\/lesmassagesdelilas.fr\/index.php\/wp-json\/wp\/v2\/comments?post=670"}],"version-history":[{"count":4,"href":"https:\/\/lesmassagesdelilas.fr\/index.php\/wp-json\/wp\/v2\/pages\/670\/revisions"}],"predecessor-version":[{"id":678,"href":"https:\/\/lesmassagesdelilas.fr\/index.php\/wp-json\/wp\/v2\/pages\/670\/revisions\/678"}],"up":[{"embeddable":true,"href":"https:\/\/lesmassagesdelilas.fr\/index.php\/wp-json\/wp\/v2\/pages\/39"}],"wp:attachment":[{"href":"https:\/\/lesmassagesdelilas.fr\/index.php\/wp-json\/wp\/v2\/media?parent=670"}],"curies":[{"name":"wp","href":"https:\/\/api.w.org\/{rel}","templated":true}]}}