{"id":67,"date":"2021-02-11T18:50:04","date_gmt":"2021-02-11T17:50:04","guid":{"rendered":"https:\/\/lesmassagesdelilas.fr\/?page_id=67"},"modified":"2025-02-10T20:47:05","modified_gmt":"2025-02-10T19:47:05","slug":"prestations","status":"publish","type":"page","link":"https:\/\/lesmassagesdelilas.fr\/index.php\/prestations\/","title":{"rendered":"Les massages"},"content":{"rendered":"\r\n<p style=\"text-align: center;\"><span class=\"has-inline-color\" style=\"color: #a60724; font-size: 14pt;\"><strong>DANS NOTRE \u00c9TABLISSEMENT NOUS NE PRATIQUONS PAS LES MASSAGES \u00c0 CARACTERE SEXUEL, \u00c9ROTIQUE, TANTRIQUE\u00a0<\/strong><\/span><\/p>\r\n<p style=\"text-align: center;\"><span style=\"font-size: 18pt;\"><strong>Retrouvez ci dessous les diff\u00e9rents massages propos\u00e9s:<\/strong><\/span><\/p>\r\n<p>&nbsp;<\/p>\r\n\r\n\r\n\r\n<blockquote class=\"wp-block-quote\">\r\n<p><span class=\"has-inline-color\" style=\"color: #000000; font-size: 18pt;\">Sur mesure :<\/span><\/p>\r\n<\/blockquote>\r\n\r\n\r\n\r\n<ul class=\"has-medium-font-size wp-block-list\">\r\n<li><span style=\"font-size: 14pt;\"><span style=\"color: #800080;\"><span class=\"has-inline-color\"><strong><span style=\"text-decoration: underline;\">Massage intuitif relaxant <\/span><\/strong><\/span><\/span><span class=\"has-inline-color\" style=\"color: #000000;\">:Massage relaxant <strong>sans protocole<\/strong>\u00a0pr\u00e9d\u00e9fini instinctif et\u00a0<strong>individualis\u00e9<\/strong>. L\u2019approche intuitive\u00a0<strong>d\u00e9pendra du ressenti de l\u2019\u00e9tat<\/strong>\u00a0physiologique et psychologique de chaque individu. Il agit en profondeur pour entrer en contact avec vos \u00e9motions. <strong>Id\u00e9al pour r\u00e9pondre \u00e0 divers besoins<\/strong> (tensions, relaxation \u2026)<\/span><\/span><\/li>\r\n<\/ul>\r\n<p>&nbsp;<\/p>\r\n<ul class=\"has-medium-font-size\">\r\n<li><span style=\"font-size: 14pt;\"><span style=\"color: #800080;\"><span class=\"has-inline-color\"><strong><span style=\"text-decoration: underline;\">Massage intu<\/span><span style=\"text-decoration: underline;\">itif<\/span><\/strong><\/span><span class=\"has-inline-color\"><strong><span style=\"text-decoration: underline;\"> appuy\u00e9<\/span><\/strong> :<\/span><\/span><span class=\"has-inline-color\" style=\"color: #000000;\">Massage <strong>sans protocole<\/strong>\u00a0pr\u00e9d\u00e9fini instinctif et\u00a0<strong>individualis\u00e9<\/strong>. L\u2019approche intuitive et appuy\u00e9e permettra d\u2019entrer plus en profondeur dans les zones sous tensions, tout en gardant la partie l\u00e2ch\u00e9 prise du massage. <strong>Id\u00e9al pour r\u00e9pondre \u00e0 divers besoins<\/strong> (tensions, relaxation \u2026)<\/span><\/span><\/li>\r\n<\/ul>\r\n<p><span style=\"font-size: 18pt;\"><br \/>\u00a0 \u00a0 \u00a0 \u00a0Classique la valeur s\u00fbre :<\/span><\/p>\r\n\r\n\r\n\r\n<ul class=\"has-medium-font-size wp-block-list\">\r\n<li><span style=\"font-size: 14pt; color: #000000;\"><span style=\"color: #800080;\"><strong><span style=\"text-decoration: underline;\">Massage californien relaxant<\/span><\/strong><\/span> :Massage\u00a0<strong>relaxant, lent, doux et ample<\/strong>\u00a0du corps entier. Mouvements de glissages, p\u00e9trissages et effleurages. Ce massage apporte un r\u00e9confort et un apaisement profond. <strong>Id\u00e9al pour une d\u00e9couverte du massage<\/strong><\/span><\/li>\r\n<\/ul>\r\n\r\n\r\n\r\n<blockquote class=\"wp-block-quote is-layout-flow wp-block-quote-is-layout-flow\">\r\n<p><br \/><span style=\"font-size: 18pt;\">Une invitation au voyage:<\/span><\/p>\r\n<\/blockquote>\r\n\r\n\r\n\r\n<ul class=\"has-medium-font-size wp-block-list\">\r\n<li><span style=\"font-size: 14pt; color: #000000;\"><span style=\"color: #800080;\"><span style=\"text-decoration: underline;\"><strong>Massage Lomi Lomi Hawa\u00efen<\/strong><\/span>\u00a0<\/span>: Massage apportant une\u00a0<strong>relaxation profonde<\/strong>, pour r\u00e9\u00e9quilibrer le corps et le mental. Il est fait en grande partie de pressions gliss\u00e9es des avant-bras pour des mouvements tr\u00e8s amples, ainsi que de bercements et \u00e9tirements des jambes. <strong>Id\u00e9al pour un d\u00e9paysement complet<\/strong>.<\/span><\/li>\r\n<\/ul>\r\n<p><span style=\"font-size: 14pt; color: #000000;\">\r\n\r\n<\/span><\/p>\r\n<ul class=\"has-medium-font-size wp-block-list\">\r\n<li><span style=\"font-size: 14pt; color: #000000;\"><strong><span style=\"text-decoration: underline;\"><span style=\"color: #800080; text-decoration: underline;\">Massage Balinais<\/span> :<\/span><\/strong> Massage vari\u00e9 et polyvalent, \u00e0 la fois tonique et enveloppant, profond\u00e9ment relaxant et \u00e9nergisant . Il est constitu\u00e9 de pressions gliss\u00e9es, de lissages, d\u2019\u00e9tirements, de rolling des poings, de mouvements rapides \u00e0 l\u2019effet chauffant &#8230; il est ex\u00e9cut\u00e9 sur le trajet des muscles, tendons et circuits \u00e9nerg\u00e9tiques. <strong>Id\u00e9al pour un coup de boost<\/strong>.<\/span><\/li>\r\n<\/ul>\r\n<p><span style=\"font-size: 14pt; color: #000000;\">\r\n\r\n<\/span><\/p>\r\n<ul class=\"has-medium-font-size wp-block-list\">\r\n<li><span style=\"font-size: 14pt; color: #000000;\"><span style=\"color: #800080;\"><strong><span style=\"text-decoration: underline;\">Massage su\u00e9dois <\/span><\/strong><\/span>: Massage <strong>profond et relaxant<\/strong><strong>.<\/strong> Procure une grande sensation de bien-\u00eatre et permet un rel\u00e2chement de tous les muscles et articulations. Peut stimuler la lib\u00e9ration d&rsquo;endorphines, r\u00e9duire significativement le niveau de stress, favorise la relaxation et un sentiment de calme.<\/span><\/li>\r\n<\/ul>\r\n<p><span style=\"font-size: 14pt;\">\r\n\r\n<\/span><\/p>\r\n<blockquote class=\"wp-block-quote is-layout-flow wp-block-quote-is-layout-flow\">\r\n<p><br \/><span style=\"font-size: 18pt;\">Au sec :<\/span><\/p>\r\n<\/blockquote>\r\n\r\n\r\n\r\n<ul class=\"has-medium-font-size wp-block-list\">\r\n<li><span style=\"font-size: 14pt;\"><span style=\"color: #800080;\"><strong><span style=\"text-decoration: underline;\">Massage Amma Assis<\/span><\/strong><span style=\"color: #000000;\">\u00a0<\/span><\/span><span style=\"color: #000000;\">: Massage pratiqu\u00e9\u00a0<strong>assis habill\u00e9<\/strong>\u00a0sur une chaise de massage pr\u00e9vue \u00e0 cet effet. Apporte un\u00a0<strong>rel\u00e2chement<\/strong>\u00a0profond tout en restant\u00a0<strong>stimulant<\/strong>. Proche du Shiatsu les mouvements consistent en des\u00a0<strong>pressions et frictions<\/strong>\u00a0sur l\u2019ensemble du corps, principalement le dos. <strong>Id\u00e9al en entreprise ou \u00e9v\u00e9nement.<\/strong><\/span><\/span><\/li>\r\n<\/ul>\r\n\r\n\r\n\r\n<blockquote class=\"wp-block-quote is-layout-flow wp-block-quote-is-layout-flow\">\r\n<p><br \/><span style=\"font-size: 18pt;\">Soulager douleurs musculaires et blocages :<\/span><\/p>\r\n<\/blockquote>\r\n\r\n\r\n\r\n<ul class=\"has-medium-font-size wp-block-list\">\r\n<li><span style=\"font-size: 14pt;\"><strong><span style=\"text-decoration: underline;\"><span style=\"color: #800080; text-decoration: underline;\">Massage Deep Tissus (tissus profonds)<\/span> <\/span><\/strong><span style=\"color: #000000;\">: Technique de massage lente et profonde, tr\u00e8s compl\u00e9mentaire du massage su\u00e9dois. L\u2019intention est d\u2019identifier les tissus contract\u00e9s puis d\u2019agir directement et pr\u00e9cis\u00e9ment sur ceux-ci afin de modifier leurs structures d&rsquo;offrir un meilleur confort au mass\u00e9. Drainant et stimulant, il est d\u2019un grand secours pour les personnes souffrant de douleurs musculaires chroniques. <strong>Id\u00e9al apr\u00e8s ou avant un entra\u00eenement sportif.<\/strong><\/span><\/span><\/li>\r\n<\/ul>\r\n<p>&nbsp;<\/p>\r\n<ul class=\"has-medium-font-size\">\r\n<li><span style=\"font-size: 14pt;\"><strong><span style=\"text-decoration: underline;\"><span style=\"color: #800080; text-decoration: underline;\">Massage special tensions dorsales<\/span>\u00a0<\/span><\/strong><span style=\"color: #000000;\">: Technique de massage lente et relativement douce. Permettant de rel\u00e2cher les tensions plus ou moins anciennes accumul\u00e9es dans votre dos tout en respectant votre ressenti. La relaxation viendra non des man\u0153uvres enveloppantes, mais de la sensation de vos noeuds qui se rel\u00e2chent les uns apr\u00e8s les autres, vous laissant avec un dos lib\u00e9r\u00e9.<\/span><\/span><\/li>\r\n<\/ul>\r\n<p><span style=\"font-size: 14pt;\">\r\n\r\n<\/span><\/p>\r\n<ul class=\"has-medium-font-size wp-block-list\">\r\n<li><span style=\"font-size: 14pt;\"><strong><span style=\"text-decoration: underline;\"><span style=\"color: #800080; text-decoration: underline;\">Massage Trigger Points (points g\u00e2chette)<\/span> <\/span><\/strong><span style=\"color: #000000;\">: Le trigger point (point g\u00e2chette) est une zone congestionn\u00e9e et inflammatoire du tissu musculaire. C\u2019est une mini-contraction, une sorte de n\u0153ud. La technique du <strong>point Trigger<\/strong> consiste en l\u2019application d\u2019une pression sur un point r\u00e9flexe dans l\u2019objectif de forcer le syst\u00e8me nerveux \u00e0 rel\u00e2cher une r\u00e9gion particuli\u00e8re. Inspir\u00e9e de l\u2019acupression (digitopuncture), elle est combin\u00e9e au massage et peut \u00eatre int\u00e9gr\u00e9e \u00e0 toute forme de th\u00e9rapie manuelle. Bien que d\u00e9sagr\u00e9able \u00e0 recevoir sur le moment, la technique des points g\u00e2chettes est efficace pour rel\u00e2cher une musculature tr\u00e8s tendue. Agir sur un point g\u00e2chette permet de traiter un syndrome myofascial, c\u2019est-\u00e0-dire une douleur situ\u00e9e dans une zone autre que celle o\u00f9 se trouve la v\u00e9ritable tension musculaire. <strong>Id\u00e9al en compl\u00e9ment d\u2019un massage intuitif ou Deep tissus.<\/strong><\/span><\/span><\/li>\r\n<\/ul>\r\n\r\n\r\n\r\n<blockquote class=\"wp-block-quote is-layout-flow wp-block-quote-is-layout-flow\">\r\n<p><span style=\"font-size: 18pt;\">Effets cibl\u00e9s :<\/span><\/p>\r\n<\/blockquote>\r\n\r\n\r\n\r\n<ul class=\"has-medium-font-size wp-block-list\">\r\n<li><span style=\"font-size: 14pt;\"><strong><span style=\"text-decoration: underline;\"><span style=\"color: #800080; text-decoration: underline;\">Massage Anti-\u00e2ge type Ko Bi Do<\/span><span style=\"color: #000000; text-decoration: underline;\"> :<\/span><\/span><\/strong><span style=\"color: #000000;\"> anti-\u00e2ge naturel, tenseur et repulpant des rides superficielles. Il r\u00e9g\u00e9n\u00e8re et d\u00e9toxine les tissus du visage, oxyg\u00e8ne la peau et am\u00e9liore la circulation sanguine et lymphatique. Il favorise la d\u00e9tente de tout le corps et de votre syst\u00e8me nerveux. Il r\u00e9v\u00e8le l\u2019\u00e9clat d\u2019une <strong>peau<\/strong> du visage saine et <strong>repulp\u00e9e naturellement<\/strong>. <em>Pour une efficacit\u00e9 au long terme ce soin est <strong>recommand\u00e9 en cure de 6 s\u00e9ances ou 12 s\u00e9ances<\/strong> (selon la maturit\u00e9 de votre peau) au d\u00e9part puis en entretien mensuel par la suite. Il peut aussi \u00eatre utile pour redonner un beau coup d\u2019\u00e9clat au visage, \u00e0 l\u2019occasion d\u2019un \u00e9v\u00e9nement type mariage. <\/em><strong>Id\u00e9al pour un lifting naturel.<\/strong><\/span><\/span><\/li>\r\n<\/ul>\r\n<p>&nbsp;<\/p>\r\n<ul class=\"has-medium-font-size\">\r\n<li><span style=\"font-size: 14pt;\"><span style=\"text-decoration: underline; color: #800080;\"><strong>Massage face cupping<\/strong><\/span> Ventouses du visage : augmente la circulation sanguine riche en oxyg\u00e8ne . Renforce la peau et les tissus conjonctifs. stimulent les cellules responsables de la production de collag\u00e8ne<\/span>.<\/li>\r\n<\/ul>\r\n<p>&nbsp;<\/p>\r\n<ul class=\"has-medium-font-size\">\r\n<li><span style=\"font-size: 14pt;\"><strong><span style=\"text-decoration: underline;\"><span style=\"color: #800080; text-decoration: underline;\">Massage Drainant<\/span><\/span><\/strong><span style=\"color: #000000;\">: Massage visant \u00e0 drainer et \u00e0 am\u00e9liorer la circulation lymphatique. Les objectifs sont de detoxiquer les muscles des toxines prot\u00e9iques. Stimuler le syst\u00e8me sanguin et lymphatique. De r\u00e9gulariser la fonction intestinale. De renforcer le syst\u00e8me immunitaire en acc\u00e9l\u00e9rant le transport de la lymphe , en nettoyant les ganglions lymphatiques augmentant ainsi les d\u00e9fenses naturelles. Effet neuro-v\u00e9g\u00e9tatif : il produit des endorphines naturelles et des r\u00e9actions antalgiques entra\u00eenant une relaxation profonde et r\u00e9paratrice. <\/span><\/span><span style=\"font-size: 14pt;\"><span style=\"color: #000000;\">Il est caract\u00e9ris\u00e9 par sa douceur et son rythme lent. Ce massage est tr\u00e8s efficace en cure de 10 s\u00e9ances \u00e0 raison de 2 s\u00e9ances par semaine. Ses effets &amp;urgent jusqu\u2019\u00e0 3 jours.<\/span><\/span><\/li>\r\n<\/ul>\r\n<p><span style=\"font-size: 14pt;\">\r\n\r\n<\/span><\/p>\r\n<p>&nbsp;<\/p>\r\n<p><span style=\"font-size: 14pt;\">\r\n\r\n<\/span><\/p>\r\n<p><span style=\"color: #000000; font-size: 16pt;\">Pour prendre rdv suivre ce lien <\/span><span style=\"color: #ff00ff;\"><a style=\"color: #ff00ff;\" href=\"https:\/\/lesmassagesdelilas.fr\/index.php\/contact\/\">https:\/\/lesmassagesdelilas.fr\/index.php\/contact\/<\/a><\/span><\/p>\r\n\r\n\r\n\r\n<p>&nbsp;<\/p>\r\n<p><span style=\"color: #000000; font-size: 18pt;\">\r\n\r\n<\/span><\/p>\r\n<p>&nbsp;<\/p>\r\n","protected":false},"excerpt":{"rendered":"<p>DANS NOTRE \u00c9TABLISSEMENT NOUS NE PRATIQUONS PAS LES MASSAGES \u00c0 CARACTERE SEXUEL, \u00c9ROTIQUE, TANTRIQUE\u00a0 Retrouvez ci dessous les diff\u00e9rents massages propos\u00e9s: &nbsp; Sur mesure : Massage intuitif relaxant :Massage relaxant sans protocole\u00a0pr\u00e9d\u00e9fini instinctif et\u00a0individualis\u00e9. L\u2019approche intuitive\u00a0d\u00e9pendra du ressenti de l\u2019\u00e9tat\u00a0physiologique et psychologique de chaque individu. Il agit en profondeur pour entrer en contact avec vos &hellip; <\/p>\n","protected":false},"author":1,"featured_media":487,"parent":0,"menu_order":2,"comment_status":"closed","ping_status":"closed","template":"","meta":{"footnotes":""},"class_list":["post-67","page","type-page","status-publish","has-post-thumbnail","hentry"],"yoast_head":"<!-- This site is optimized with the Yoast SEO plugin v27.3 - https:\/\/yoast.com\/product\/yoast-seo-wordpress\/ -->\n<title>Les massages - Les Massages de Lilas<\/title>\n<meta name=\"description\" content=\"Salon de massage \u00e0 Prades - Massage Lomi Lomi Hawa\u00efen - Massage balinais - Massage californien - Massage Ayurvedique du ventre - Massage Deep tissus - Massage Trigger points\" \/>\n<meta name=\"robots\" content=\"index, follow, max-snippet:-1, max-image-preview:large, max-video-preview:-1\" \/>\n<link rel=\"canonical\" href=\"https:\/\/lesmassagesdelilas.fr\/index.php\/prestations\/\" \/>\n<meta property=\"og:locale\" content=\"fr_FR\" \/>\n<meta property=\"og:type\" content=\"article\" \/>\n<meta property=\"og:title\" content=\"Les massages - Les Massages de Lilas\" \/>\n<meta property=\"og:description\" content=\"Salon de massage \u00e0 Prades - Massage Lomi Lomi Hawa\u00efen - Massage balinais - Massage californien - Massage Ayurvedique du ventre - Massage Deep tissus - Massage Trigger points\" \/>\n<meta property=\"og:url\" content=\"https:\/\/lesmassagesdelilas.fr\/index.php\/prestations\/\" \/>\n<meta property=\"og:site_name\" content=\"Les Massages de Lilas\" \/>\n<meta property=\"article:publisher\" content=\"https:\/\/www.facebook.com\/Lesmassagesdelilas\/\" \/>\n<meta property=\"article:modified_time\" content=\"2025-02-10T19:47:05+00:00\" \/>\n<meta property=\"og:image\" content=\"https:\/\/lesmassagesdelilas.fr\/wp-content\/uploads\/2022\/04\/massage.jpg\" \/>\n\t<meta property=\"og:image:width\" content=\"1280\" \/>\n\t<meta property=\"og:image:height\" content=\"746\" \/>\n\t<meta property=\"og:image:type\" content=\"image\/jpeg\" \/>\n<meta name=\"twitter:card\" content=\"summary_large_image\" \/>\n<meta name=\"twitter:label1\" content=\"Dur\u00e9e de lecture estim\u00e9e\" \/>\n\t<meta name=\"twitter:data1\" content=\"5 minutes\" \/>\n<script type=\"application\/ld+json\" class=\"yoast-schema-graph\">{\"@context\":\"https:\\\/\\\/schema.org\",\"@graph\":[{\"@type\":\"WebPage\",\"@id\":\"https:\\\/\\\/lesmassagesdelilas.fr\\\/index.php\\\/prestations\\\/\",\"url\":\"https:\\\/\\\/lesmassagesdelilas.fr\\\/index.php\\\/prestations\\\/\",\"name\":\"Les massages - Les Massages de Lilas\",\"isPartOf\":{\"@id\":\"https:\\\/\\\/lesmassagesdelilas.fr\\\/#website\"},\"primaryImageOfPage\":{\"@id\":\"https:\\\/\\\/lesmassagesdelilas.fr\\\/index.php\\\/prestations\\\/#primaryimage\"},\"image\":{\"@id\":\"https:\\\/\\\/lesmassagesdelilas.fr\\\/index.php\\\/prestations\\\/#primaryimage\"},\"thumbnailUrl\":\"https:\\\/\\\/lesmassagesdelilas.fr\\\/wp-content\\\/uploads\\\/2022\\\/04\\\/massage.jpg\",\"datePublished\":\"2021-02-11T17:50:04+00:00\",\"dateModified\":\"2025-02-10T19:47:05+00:00\",\"description\":\"Salon de massage \u00e0 Prades - Massage Lomi Lomi Hawa\u00efen - Massage balinais - Massage californien - Massage Ayurvedique du ventre - Massage Deep tissus - Massage Trigger points\",\"breadcrumb\":{\"@id\":\"https:\\\/\\\/lesmassagesdelilas.fr\\\/index.php\\\/prestations\\\/#breadcrumb\"},\"inLanguage\":\"fr-FR\",\"potentialAction\":[{\"@type\":\"ReadAction\",\"target\":[\"https:\\\/\\\/lesmassagesdelilas.fr\\\/index.php\\\/prestations\\\/\"]}]},{\"@type\":\"ImageObject\",\"inLanguage\":\"fr-FR\",\"@id\":\"https:\\\/\\\/lesmassagesdelilas.fr\\\/index.php\\\/prestations\\\/#primaryimage\",\"url\":\"https:\\\/\\\/lesmassagesdelilas.fr\\\/wp-content\\\/uploads\\\/2022\\\/04\\\/massage.jpg\",\"contentUrl\":\"https:\\\/\\\/lesmassagesdelilas.fr\\\/wp-content\\\/uploads\\\/2022\\\/04\\\/massage.jpg\",\"width\":1280,\"height\":746},{\"@type\":\"BreadcrumbList\",\"@id\":\"https:\\\/\\\/lesmassagesdelilas.fr\\\/index.php\\\/prestations\\\/#breadcrumb\",\"itemListElement\":[{\"@type\":\"ListItem\",\"position\":1,\"name\":\"Accueil\",\"item\":\"https:\\\/\\\/lesmassagesdelilas.fr\\\/\"},{\"@type\":\"ListItem\",\"position\":2,\"name\":\"Les massages\"}]},{\"@type\":\"WebSite\",\"@id\":\"https:\\\/\\\/lesmassagesdelilas.fr\\\/#website\",\"url\":\"https:\\\/\\\/lesmassagesdelilas.fr\\\/\",\"name\":\"Les Massages de Lilas\",\"description\":\"Bien-\u00eatre et relaxation\",\"publisher\":{\"@id\":\"https:\\\/\\\/lesmassagesdelilas.fr\\\/#organization\"},\"potentialAction\":[{\"@type\":\"SearchAction\",\"target\":{\"@type\":\"EntryPoint\",\"urlTemplate\":\"https:\\\/\\\/lesmassagesdelilas.fr\\\/?s={search_term_string}\"},\"query-input\":{\"@type\":\"PropertyValueSpecification\",\"valueRequired\":true,\"valueName\":\"search_term_string\"}}],\"inLanguage\":\"fr-FR\"},{\"@type\":\"Organization\",\"@id\":\"https:\\\/\\\/lesmassagesdelilas.fr\\\/#organization\",\"name\":\"Les massages de Lilas\",\"url\":\"https:\\\/\\\/lesmassagesdelilas.fr\\\/\",\"logo\":{\"@type\":\"ImageObject\",\"inLanguage\":\"fr-FR\",\"@id\":\"https:\\\/\\\/lesmassagesdelilas.fr\\\/#\\\/schema\\\/logo\\\/image\\\/\",\"url\":\"https:\\\/\\\/lesmassagesdelilas.fr\\\/wp-content\\\/uploads\\\/2021\\\/12\\\/8BA4F464-757E-486E-BC6B-ED19959EDFBE.png\",\"contentUrl\":\"https:\\\/\\\/lesmassagesdelilas.fr\\\/wp-content\\\/uploads\\\/2021\\\/12\\\/8BA4F464-757E-486E-BC6B-ED19959EDFBE.png\",\"width\":2246,\"height\":1588,\"caption\":\"Les massages de Lilas\"},\"image\":{\"@id\":\"https:\\\/\\\/lesmassagesdelilas.fr\\\/#\\\/schema\\\/logo\\\/image\\\/\"},\"sameAs\":[\"https:\\\/\\\/www.facebook.com\\\/Lesmassagesdelilas\\\/\",\"https:\\\/\\\/youtube.com\\\/channel\\\/UCVcWkG_2bZTUV0HCX0B8w9w\"]}]}<\/script>\n<!-- \/ Yoast SEO plugin. -->","yoast_head_json":{"title":"Les massages - Les Massages de Lilas","description":"Salon de massage \u00e0 Prades - Massage Lomi Lomi Hawa\u00efen - Massage balinais - Massage californien - Massage Ayurvedique du ventre - Massage Deep tissus - Massage Trigger points","robots":{"index":"index","follow":"follow","max-snippet":"max-snippet:-1","max-image-preview":"max-image-preview:large","max-video-preview":"max-video-preview:-1"},"canonical":"https:\/\/lesmassagesdelilas.fr\/index.php\/prestations\/","og_locale":"fr_FR","og_type":"article","og_title":"Les massages - Les Massages de Lilas","og_description":"Salon de massage \u00e0 Prades - Massage Lomi Lomi Hawa\u00efen - Massage balinais - Massage californien - Massage Ayurvedique du ventre - Massage Deep tissus - Massage Trigger points","og_url":"https:\/\/lesmassagesdelilas.fr\/index.php\/prestations\/","og_site_name":"Les Massages de Lilas","article_publisher":"https:\/\/www.facebook.com\/Lesmassagesdelilas\/","article_modified_time":"2025-02-10T19:47:05+00:00","og_image":[{"width":1280,"height":746,"url":"https:\/\/lesmassagesdelilas.fr\/wp-content\/uploads\/2022\/04\/massage.jpg","type":"image\/jpeg"}],"twitter_card":"summary_large_image","twitter_misc":{"Dur\u00e9e de lecture estim\u00e9e":"5 minutes"},"schema":{"@context":"https:\/\/schema.org","@graph":[{"@type":"WebPage","@id":"https:\/\/lesmassagesdelilas.fr\/index.php\/prestations\/","url":"https:\/\/lesmassagesdelilas.fr\/index.php\/prestations\/","name":"Les massages - Les Massages de Lilas","isPartOf":{"@id":"https:\/\/lesmassagesdelilas.fr\/#website"},"primaryImageOfPage":{"@id":"https:\/\/lesmassagesdelilas.fr\/index.php\/prestations\/#primaryimage"},"image":{"@id":"https:\/\/lesmassagesdelilas.fr\/index.php\/prestations\/#primaryimage"},"thumbnailUrl":"https:\/\/lesmassagesdelilas.fr\/wp-content\/uploads\/2022\/04\/massage.jpg","datePublished":"2021-02-11T17:50:04+00:00","dateModified":"2025-02-10T19:47:05+00:00","description":"Salon de massage \u00e0 Prades - Massage Lomi Lomi Hawa\u00efen - Massage balinais - Massage californien - Massage Ayurvedique du ventre - Massage Deep tissus - Massage Trigger points","breadcrumb":{"@id":"https:\/\/lesmassagesdelilas.fr\/index.php\/prestations\/#breadcrumb"},"inLanguage":"fr-FR","potentialAction":[{"@type":"ReadAction","target":["https:\/\/lesmassagesdelilas.fr\/index.php\/prestations\/"]}]},{"@type":"ImageObject","inLanguage":"fr-FR","@id":"https:\/\/lesmassagesdelilas.fr\/index.php\/prestations\/#primaryimage","url":"https:\/\/lesmassagesdelilas.fr\/wp-content\/uploads\/2022\/04\/massage.jpg","contentUrl":"https:\/\/lesmassagesdelilas.fr\/wp-content\/uploads\/2022\/04\/massage.jpg","width":1280,"height":746},{"@type":"BreadcrumbList","@id":"https:\/\/lesmassagesdelilas.fr\/index.php\/prestations\/#breadcrumb","itemListElement":[{"@type":"ListItem","position":1,"name":"Accueil","item":"https:\/\/lesmassagesdelilas.fr\/"},{"@type":"ListItem","position":2,"name":"Les massages"}]},{"@type":"WebSite","@id":"https:\/\/lesmassagesdelilas.fr\/#website","url":"https:\/\/lesmassagesdelilas.fr\/","name":"Les Massages de Lilas","description":"Bien-\u00eatre et relaxation","publisher":{"@id":"https:\/\/lesmassagesdelilas.fr\/#organization"},"potentialAction":[{"@type":"SearchAction","target":{"@type":"EntryPoint","urlTemplate":"https:\/\/lesmassagesdelilas.fr\/?s={search_term_string}"},"query-input":{"@type":"PropertyValueSpecification","valueRequired":true,"valueName":"search_term_string"}}],"inLanguage":"fr-FR"},{"@type":"Organization","@id":"https:\/\/lesmassagesdelilas.fr\/#organization","name":"Les massages de Lilas","url":"https:\/\/lesmassagesdelilas.fr\/","logo":{"@type":"ImageObject","inLanguage":"fr-FR","@id":"https:\/\/lesmassagesdelilas.fr\/#\/schema\/logo\/image\/","url":"https:\/\/lesmassagesdelilas.fr\/wp-content\/uploads\/2021\/12\/8BA4F464-757E-486E-BC6B-ED19959EDFBE.png","contentUrl":"https:\/\/lesmassagesdelilas.fr\/wp-content\/uploads\/2021\/12\/8BA4F464-757E-486E-BC6B-ED19959EDFBE.png","width":2246,"height":1588,"caption":"Les massages de Lilas"},"image":{"@id":"https:\/\/lesmassagesdelilas.fr\/#\/schema\/logo\/image\/"},"sameAs":["https:\/\/www.facebook.com\/Lesmassagesdelilas\/","https:\/\/youtube.com\/channel\/UCVcWkG_2bZTUV0HCX0B8w9w"]}]}},"jetpack_sharing_enabled":true,"_links":{"self":[{"href":"https:\/\/lesmassagesdelilas.fr\/index.php\/wp-json\/wp\/v2\/pages\/67","targetHints":{"allow":["GET"]}}],"collection":[{"href":"https:\/\/lesmassagesdelilas.fr\/index.php\/wp-json\/wp\/v2\/pages"}],"about":[{"href":"https:\/\/lesmassagesdelilas.fr\/index.php\/wp-json\/wp\/v2\/types\/page"}],"author":[{"embeddable":true,"href":"https:\/\/lesmassagesdelilas.fr\/index.php\/wp-json\/wp\/v2\/users\/1"}],"replies":[{"embeddable":true,"href":"https:\/\/lesmassagesdelilas.fr\/index.php\/wp-json\/wp\/v2\/comments?post=67"}],"version-history":[{"count":70,"href":"https:\/\/lesmassagesdelilas.fr\/index.php\/wp-json\/wp\/v2\/pages\/67\/revisions"}],"predecessor-version":[{"id":710,"href":"https:\/\/lesmassagesdelilas.fr\/index.php\/wp-json\/wp\/v2\/pages\/67\/revisions\/710"}],"wp:featuredmedia":[{"embeddable":true,"href":"https:\/\/lesmassagesdelilas.fr\/index.php\/wp-json\/wp\/v2\/media\/487"}],"wp:attachment":[{"href":"https:\/\/lesmassagesdelilas.fr\/index.php\/wp-json\/wp\/v2\/media?parent=67"}],"curies":[{"name":"wp","href":"https:\/\/api.w.org\/{rel}","templated":true}]}}