{"id":500,"date":"2022-04-11T11:57:32","date_gmt":"2022-04-11T09:57:32","guid":{"rendered":"https:\/\/lesmassagesdelilas.fr\/index.php\/map\/"},"modified":"2022-04-11T11:57:32","modified_gmt":"2022-04-11T09:57:32","slug":"map","status":"publish","type":"page","link":"https:\/\/lesmassagesdelilas.fr\/index.php\/map\/","title":{"rendered":"Enregistrer la carte"},"content":{"rendered":"<div id=\"wpgmza_map\" class=\"wpgmza_map\" data-settings='{\"id\":\"1\",\"map_title\":\"Emplacement\",\"map_width\":\"100\",\"map_height\":\"400\",\"map_start_lat\":\"42.506572584293885\",\"map_start_lng\":\"2.4066550398476583\",\"map_start_location\":\"45.950464398418106,-109.81550500000003\",\"map_start_zoom\":\"9\",\"default_marker\":\"\",\"type\":\"1\",\"alignment\":\"4\",\"directions_enabled\":\"0\",\"styling_enabled\":\"0\",\"styling_json\":\"\",\"active\":\"0\",\"kml\":\"\",\"bicycle\":\"0\",\"traffic\":\"0\",\"dbox\":\"0\",\"dbox_width\":\"\",\"listmarkers\":\"0\",\"listmarkers_advanced\":\"0\",\"filterbycat\":\"0\",\"ugm_enabled\":\"0\",\"ugm_category_enabled\":\"0\",\"fusion\":\"\",\"map_width_type\":\"%\",\"map_height_type\":\"px\",\"mass_marker_support\":\"0\",\"ugm_access\":\"0\",\"order_markers_by\":\"0\",\"order_markers_choice\":\"0\",\"show_user_location\":\"0\",\"default_to\":\"\",\"other_settings\":{\"map_type\":1,\"sl_stroke_color\":\"\",\"sl_fill_color\":\"\",\"sl_stroke_opacity\":\"\",\"sl_fill_opacity\":\"\",\"transport_layer\":false,\"action\":\"wpgmza_save_map\",\"redirect_to\":\"\\\/wp-admin\\\/admin-post.php\",\"map_id\":\"1\",\"http_referer\":\"\\\/wp-admin\\\/admin.php?page=wp-google-maps-menu&amp;amp;override=1&amp;amp;action=edit&amp;amp;map_id=1\",\"wpgmza_id\":\"1\",\"wpgmza_start_location\":\"42.506572584293885,2.4066550398476583\",\"wpgmza_start_zoom\":\"9\",\"wpgmza_theme_data\":\"\",\"store_locator_enabled\":false,\"store_locator_search_area\":\"radial\",\"wpgmza_store_locator_radius_style\":\"legacy\",\"wpgmza_store_locator_default_radius\":\"10\",\"store_locator_auto_area_max_zoom\":\"\",\"store_locator_distance\":false,\"wpgmza_store_locator_position\":false,\"store_locator_show_distance\":false,\"store_locator_category\":false,\"wpgmza_store_locator_use_their_location\":false,\"wpgmza_store_locator_bounce\":false,\"wpgmza_sl_animation\":null,\"wpgmza_store_locator_hide_before_search\":false,\"store_locator_query_string\":\"\",\"store_locator_default_address\":\"\",\"store_locator_name_search\":false,\"store_locator_name_string\":\"\",\"store_locator_not_found_message\":\"\",\"wpgmza_map_align\":\"1\",\"jump_to_nearest_marker_on_initialization\":false,\"automatically_pan_to_users_location\":false,\"override_users_location_zoom_level\":false,\"override_users_location_zoom_levels\":\"\",\"show_distance_from_location\":false,\"map_max_zoom\":\"21\",\"map_min_zoom\":\"0\",\"click_open_link\":false,\"fit_maps_bounds_to_markers\":false,\"fit_maps_bounds_to_markers_after_filtering\":false,\"hide_point_of_interest\":false,\"wpgmza_zoom_on_marker_click\":false,\"wpgmza_zoom_on_marker_click_slider\":\"\",\"close_infowindow_on_map_click\":false,\"disable_lightbox_images\":false,\"use_Raw_Jpeg_Coordinates\":false,\"polygon_labels\":false,\"disable_polygon_info_windows\":false,\"enable_marker_ratings\":false,\"only_load_markers_within_viewport\":false,\"iw_primary_color\":\"#000000\",\"iw_accent_color\":\"#000000\",\"iw_text_color\":\"#000000\",\"wpgmza_listmarkers_by\":\"0\",\"wpgmza_marker_listing_position\":false,\"wpgmza_push_in_map\":false,\"wpgmza_push_in_map_placement\":null,\"wpgmza_push_in_map_width\":\"\",\"wpgmza_push_in_map_height\":\"\",\"zoom_level_on_marker_listing_override\":false,\"zoom_level_on_marker_listing_click\":\"\",\"datatable_no_result_message\":\"\",\"remove_search_box_datables\":false,\"dataTable_pagination_style\":null,\"datatable_search_string\":\"\",\"datatable_result_start\":\"\",\"datatable_result_of\":\"\",\"datatable_result_to\":\"\",\"datatable_result_total\":\"\",\"datatable_result_show\":\"\",\"datatable_result_entries\":\"\",\"wpgmza_savemap\":\"Enregistrer la carte \\u00bb\"}}' data-map-id='1' Data-maps-engine='open-layers' data-shortcode-attributes='{\"id\":\"1\"}' style=\"display:block; overflow:auto; width:100%; height:400px; float:left;\"><\/div>\n","protected":false},"excerpt":{"rendered":"","protected":false},"author":1,"featured_media":0,"parent":0,"menu_order":0,"comment_status":"closed","ping_status":"closed","template":"","meta":{"footnotes":""},"class_list":["post-500","page","type-page","status-publish","hentry"],"yoast_head":"<!-- This site is optimized with the Yoast SEO plugin v27.3 - https:\/\/yoast.com\/product\/yoast-seo-wordpress\/ -->\n<title>Enregistrer la carte - Les Massages de Lilas<\/title>\n<meta name=\"description\" content=\"Le salon de massage \u00e0 Prades (66) - D\u00e9couvrez nos massages du monde - Lieu d\u00e9di\u00e9 au bien-\u00eatre et \u00e0 la relaxation - sur RDV et \u00e0 domicile dans les Pyr\u00e9n\u00e9es-Orientales\" \/>\n<meta name=\"robots\" content=\"index, follow, max-snippet:-1, max-image-preview:large, max-video-preview:-1\" \/>\n<link rel=\"canonical\" href=\"https:\/\/lesmassagesdelilas.fr\/index.php\/map\/\" \/>\n<meta property=\"og:locale\" content=\"fr_FR\" \/>\n<meta property=\"og:type\" content=\"article\" \/>\n<meta property=\"og:title\" content=\"Enregistrer la carte - Les Massages de Lilas\" \/>\n<meta property=\"og:description\" content=\"Le salon de massage \u00e0 Prades (66) - D\u00e9couvrez nos massages du monde - Lieu d\u00e9di\u00e9 au bien-\u00eatre et \u00e0 la relaxation - sur RDV et \u00e0 domicile dans les Pyr\u00e9n\u00e9es-Orientales\" \/>\n<meta property=\"og:url\" content=\"https:\/\/lesmassagesdelilas.fr\/index.php\/map\/\" \/>\n<meta property=\"og:site_name\" content=\"Les Massages de Lilas\" \/>\n<meta property=\"article:publisher\" content=\"https:\/\/www.facebook.com\/Lesmassagesdelilas\/\" \/>\n<meta name=\"twitter:card\" content=\"summary_large_image\" \/>\n<script type=\"application\/ld+json\" class=\"yoast-schema-graph\">{\"@context\":\"https:\\\/\\\/schema.org\",\"@graph\":[{\"@type\":\"WebPage\",\"@id\":\"https:\\\/\\\/lesmassagesdelilas.fr\\\/index.php\\\/map\\\/\",\"url\":\"https:\\\/\\\/lesmassagesdelilas.fr\\\/index.php\\\/map\\\/\",\"name\":\"Enregistrer la carte - Les Massages de Lilas\",\"isPartOf\":{\"@id\":\"https:\\\/\\\/lesmassagesdelilas.fr\\\/#website\"},\"datePublished\":\"2022-04-11T09:57:32+00:00\",\"description\":\"Le salon de massage \u00e0 Prades (66) - D\u00e9couvrez nos massages du monde - Lieu d\u00e9di\u00e9 au bien-\u00eatre et \u00e0 la relaxation - sur RDV et \u00e0 domicile dans les Pyr\u00e9n\u00e9es-Orientales\",\"breadcrumb\":{\"@id\":\"https:\\\/\\\/lesmassagesdelilas.fr\\\/index.php\\\/map\\\/#breadcrumb\"},\"inLanguage\":\"fr-FR\",\"potentialAction\":[{\"@type\":\"ReadAction\",\"target\":[\"https:\\\/\\\/lesmassagesdelilas.fr\\\/index.php\\\/map\\\/\"]}]},{\"@type\":\"BreadcrumbList\",\"@id\":\"https:\\\/\\\/lesmassagesdelilas.fr\\\/index.php\\\/map\\\/#breadcrumb\",\"itemListElement\":[{\"@type\":\"ListItem\",\"position\":1,\"name\":\"Accueil\",\"item\":\"https:\\\/\\\/lesmassagesdelilas.fr\\\/\"},{\"@type\":\"ListItem\",\"position\":2,\"name\":\"Enregistrer la carte\"}]},{\"@type\":\"WebSite\",\"@id\":\"https:\\\/\\\/lesmassagesdelilas.fr\\\/#website\",\"url\":\"https:\\\/\\\/lesmassagesdelilas.fr\\\/\",\"name\":\"Les Massages de Lilas\",\"description\":\"Bien-\u00eatre et relaxation\",\"publisher\":{\"@id\":\"https:\\\/\\\/lesmassagesdelilas.fr\\\/#organization\"},\"potentialAction\":[{\"@type\":\"SearchAction\",\"target\":{\"@type\":\"EntryPoint\",\"urlTemplate\":\"https:\\\/\\\/lesmassagesdelilas.fr\\\/?s={search_term_string}\"},\"query-input\":{\"@type\":\"PropertyValueSpecification\",\"valueRequired\":true,\"valueName\":\"search_term_string\"}}],\"inLanguage\":\"fr-FR\"},{\"@type\":\"Organization\",\"@id\":\"https:\\\/\\\/lesmassagesdelilas.fr\\\/#organization\",\"name\":\"Les massages de Lilas\",\"url\":\"https:\\\/\\\/lesmassagesdelilas.fr\\\/\",\"logo\":{\"@type\":\"ImageObject\",\"inLanguage\":\"fr-FR\",\"@id\":\"https:\\\/\\\/lesmassagesdelilas.fr\\\/#\\\/schema\\\/logo\\\/image\\\/\",\"url\":\"https:\\\/\\\/lesmassagesdelilas.fr\\\/wp-content\\\/uploads\\\/2021\\\/12\\\/8BA4F464-757E-486E-BC6B-ED19959EDFBE.png\",\"contentUrl\":\"https:\\\/\\\/lesmassagesdelilas.fr\\\/wp-content\\\/uploads\\\/2021\\\/12\\\/8BA4F464-757E-486E-BC6B-ED19959EDFBE.png\",\"width\":2246,\"height\":1588,\"caption\":\"Les massages de Lilas\"},\"image\":{\"@id\":\"https:\\\/\\\/lesmassagesdelilas.fr\\\/#\\\/schema\\\/logo\\\/image\\\/\"},\"sameAs\":[\"https:\\\/\\\/www.facebook.com\\\/Lesmassagesdelilas\\\/\",\"https:\\\/\\\/youtube.com\\\/channel\\\/UCVcWkG_2bZTUV0HCX0B8w9w\"]}]}<\/script>\n<!-- \/ Yoast SEO plugin. -->","yoast_head_json":{"title":"Enregistrer la carte - Les Massages de Lilas","description":"Le salon de massage \u00e0 Prades (66) - D\u00e9couvrez nos massages du monde - Lieu d\u00e9di\u00e9 au bien-\u00eatre et \u00e0 la relaxation - sur RDV et \u00e0 domicile dans les Pyr\u00e9n\u00e9es-Orientales","robots":{"index":"index","follow":"follow","max-snippet":"max-snippet:-1","max-image-preview":"max-image-preview:large","max-video-preview":"max-video-preview:-1"},"canonical":"https:\/\/lesmassagesdelilas.fr\/index.php\/map\/","og_locale":"fr_FR","og_type":"article","og_title":"Enregistrer la carte - Les Massages de Lilas","og_description":"Le salon de massage \u00e0 Prades (66) - D\u00e9couvrez nos massages du monde - Lieu d\u00e9di\u00e9 au bien-\u00eatre et \u00e0 la relaxation - sur RDV et \u00e0 domicile dans les Pyr\u00e9n\u00e9es-Orientales","og_url":"https:\/\/lesmassagesdelilas.fr\/index.php\/map\/","og_site_name":"Les Massages de Lilas","article_publisher":"https:\/\/www.facebook.com\/Lesmassagesdelilas\/","twitter_card":"summary_large_image","schema":{"@context":"https:\/\/schema.org","@graph":[{"@type":"WebPage","@id":"https:\/\/lesmassagesdelilas.fr\/index.php\/map\/","url":"https:\/\/lesmassagesdelilas.fr\/index.php\/map\/","name":"Enregistrer la carte - Les Massages de Lilas","isPartOf":{"@id":"https:\/\/lesmassagesdelilas.fr\/#website"},"datePublished":"2022-04-11T09:57:32+00:00","description":"Le salon de massage \u00e0 Prades (66) - D\u00e9couvrez nos massages du monde - Lieu d\u00e9di\u00e9 au bien-\u00eatre et \u00e0 la relaxation - sur RDV et \u00e0 domicile dans les Pyr\u00e9n\u00e9es-Orientales","breadcrumb":{"@id":"https:\/\/lesmassagesdelilas.fr\/index.php\/map\/#breadcrumb"},"inLanguage":"fr-FR","potentialAction":[{"@type":"ReadAction","target":["https:\/\/lesmassagesdelilas.fr\/index.php\/map\/"]}]},{"@type":"BreadcrumbList","@id":"https:\/\/lesmassagesdelilas.fr\/index.php\/map\/#breadcrumb","itemListElement":[{"@type":"ListItem","position":1,"name":"Accueil","item":"https:\/\/lesmassagesdelilas.fr\/"},{"@type":"ListItem","position":2,"name":"Enregistrer la carte"}]},{"@type":"WebSite","@id":"https:\/\/lesmassagesdelilas.fr\/#website","url":"https:\/\/lesmassagesdelilas.fr\/","name":"Les Massages de Lilas","description":"Bien-\u00eatre et relaxation","publisher":{"@id":"https:\/\/lesmassagesdelilas.fr\/#organization"},"potentialAction":[{"@type":"SearchAction","target":{"@type":"EntryPoint","urlTemplate":"https:\/\/lesmassagesdelilas.fr\/?s={search_term_string}"},"query-input":{"@type":"PropertyValueSpecification","valueRequired":true,"valueName":"search_term_string"}}],"inLanguage":"fr-FR"},{"@type":"Organization","@id":"https:\/\/lesmassagesdelilas.fr\/#organization","name":"Les massages de Lilas","url":"https:\/\/lesmassagesdelilas.fr\/","logo":{"@type":"ImageObject","inLanguage":"fr-FR","@id":"https:\/\/lesmassagesdelilas.fr\/#\/schema\/logo\/image\/","url":"https:\/\/lesmassagesdelilas.fr\/wp-content\/uploads\/2021\/12\/8BA4F464-757E-486E-BC6B-ED19959EDFBE.png","contentUrl":"https:\/\/lesmassagesdelilas.fr\/wp-content\/uploads\/2021\/12\/8BA4F464-757E-486E-BC6B-ED19959EDFBE.png","width":2246,"height":1588,"caption":"Les massages de Lilas"},"image":{"@id":"https:\/\/lesmassagesdelilas.fr\/#\/schema\/logo\/image\/"},"sameAs":["https:\/\/www.facebook.com\/Lesmassagesdelilas\/","https:\/\/youtube.com\/channel\/UCVcWkG_2bZTUV0HCX0B8w9w"]}]}},"jetpack_sharing_enabled":true,"_links":{"self":[{"href":"https:\/\/lesmassagesdelilas.fr\/index.php\/wp-json\/wp\/v2\/pages\/500","targetHints":{"allow":["GET"]}}],"collection":[{"href":"https:\/\/lesmassagesdelilas.fr\/index.php\/wp-json\/wp\/v2\/pages"}],"about":[{"href":"https:\/\/lesmassagesdelilas.fr\/index.php\/wp-json\/wp\/v2\/types\/page"}],"author":[{"embeddable":true,"href":"https:\/\/lesmassagesdelilas.fr\/index.php\/wp-json\/wp\/v2\/users\/1"}],"replies":[{"embeddable":true,"href":"https:\/\/lesmassagesdelilas.fr\/index.php\/wp-json\/wp\/v2\/comments?post=500"}],"version-history":[{"count":0,"href":"https:\/\/lesmassagesdelilas.fr\/index.php\/wp-json\/wp\/v2\/pages\/500\/revisions"}],"wp:attachment":[{"href":"https:\/\/lesmassagesdelilas.fr\/index.php\/wp-json\/wp\/v2\/media?parent=500"}],"curies":[{"name":"wp","href":"https:\/\/api.w.org\/{rel}","templated":true}]}}