{"id":39,"date":"2021-02-11T15:01:30","date_gmt":"2021-02-11T14:01:30","guid":{"rendered":"https:\/\/lesmassagesdelilas.fr\/?page_id=39"},"modified":"2025-02-10T21:12:06","modified_gmt":"2025-02-10T20:12:06","slug":"accueil","status":"publish","type":"page","link":"https:\/\/lesmassagesdelilas.fr\/","title":{"rendered":"Accueil"},"content":{"rendered":"<ul>\r\n<li>\u00a0<\/li>\r\n<\/ul>\r\n\r\n<p style=\"text-align: justify;\"><span style=\"font-size: 14pt; font-family: 'times new roman', times, serif;\">Bienvenue sur notre site Internet d\u00e9di\u00e9 \u00e0 l&rsquo;entreprise \u00ab\u00a0<strong><span style=\"color: #956096;\">Les massages de Lilas\u00a0\u00bb<\/span><\/strong>. Vous y trouverez les informations n\u00e9cessaires concernant les massages et techniques utilis\u00e9es. Bonne navigation!<\/span><\/p>\r\n\r\n\r\n\r\n\r\n\r\n\r\n\r\n<h2 class=\"has-text-align-center\" style=\"text-align: left;\"><span class=\"has-inline-color\" style=\"color: #956096; font-size: 16pt; font-family: verdana, geneva, sans-serif;\"><strong>VOTRE SALON DE MASSAGE \u00c0 PRADES<\/strong><\/span><\/h2>\r\n\r\n\r\n\r\n\r\n\r\n<p class=\"has-black-color has-text-color has-medium-font-size\" style=\"text-align: justify;\"><img fetchpriority=\"high\" decoding=\"async\" class=\"wp-image-261 alignright\" src=\"https:\/\/lesmassagesdelilas.fr\/wp-content\/uploads\/2021\/02\/470EFB2F-D8A0-4836-B348-DE5E4C2C8C17-1024x768.jpeg\" alt=\"\" width=\"483\" height=\"362\" srcset=\"https:\/\/lesmassagesdelilas.fr\/wp-content\/uploads\/2021\/02\/470EFB2F-D8A0-4836-B348-DE5E4C2C8C17-1024x768.jpeg 1024w, https:\/\/lesmassagesdelilas.fr\/wp-content\/uploads\/2021\/02\/470EFB2F-D8A0-4836-B348-DE5E4C2C8C17-300x225.jpeg 300w, https:\/\/lesmassagesdelilas.fr\/wp-content\/uploads\/2021\/02\/470EFB2F-D8A0-4836-B348-DE5E4C2C8C17-768x576.jpeg 768w, https:\/\/lesmassagesdelilas.fr\/wp-content\/uploads\/2021\/02\/470EFB2F-D8A0-4836-B348-DE5E4C2C8C17-1536x1152.jpeg 1536w, https:\/\/lesmassagesdelilas.fr\/wp-content\/uploads\/2021\/02\/470EFB2F-D8A0-4836-B348-DE5E4C2C8C17.jpeg 1920w\" sizes=\"(max-width: 483px) 100vw, 483px\" \/><span style=\"font-family: 'times new roman', times, serif; font-size: 14pt;\">Id\u00e9al pour se ressourcer proche du centre ville et de la gare des trains et bus si l\u2019on est \u00e0 pieds, mais assez \u00e9loign\u00e9 pour vous offrir calme et d\u00e9tente, le salon est nich\u00e9 au premier \u00e9tage d\u2019une maison de quartier, l\u2019acc\u00e8s se fait par l\u2019entr\u00e9e principale de la maison (petit plus les wc se trouvent aussi dans l\u2019entr\u00e9e si besoin).\u00a0<\/span><\/p>\r\n<p><span style=\"font-family: 'times new roman', times, serif; font-size: 14pt;\">\r\n\r\n<\/span><\/p>\r\n<p class=\"has-black-color has-text-color has-medium-font-size\" style=\"text-align: justify;\"><span style=\"font-family: 'times new roman', times, serif; font-size: 14pt;\">Ce salon offre en entrant sur la droite un petit coin cosy pour s\u2019asseoir. L\u2019\u00e9clairage est tamis\u00e9, id\u00e9al pour se changer dans une ambiance qui nous donne d\u00e9j\u00e0 l\u2019envie de commencer \u00e0 \u00eatre mass\u00e9. Il est possible d\u2019y prendre un th\u00e9 avant ou apr\u00e8s le massage id\u00e9alement. Juste \u00e0 c\u00f4t\u00e9 se trouve la table de massage. La salle est d\u00e9cor\u00e9e sur une base de blanc pour un sentiment d\u2019apaisement et de propret\u00e9 elle est \u00e9clair\u00e9e par une lumi\u00e8re color\u00e9e qui reproduit des ambiances apaisantes (cr\u00e9puscule, couch\u00e9 du soleil\u2026). Elle est parfum\u00e9e par un diffuseur d\u2019huiles essentielles et pour commencer votre beau voyage une musique zen est diffus\u00e9e \u00e0 bas volume.<\/span><\/p>\r\n<p><span style=\"font-family: 'times new roman', times, serif; font-size: 14pt;\">\r\n\r\n<\/span><\/p>\r\n<p class=\"has-black-color has-text-color has-medium-font-size\" style=\"text-align: justify;\"><span style=\"font-family: 'times new roman', times, serif; font-size: 14pt;\">Le salon est \u00e9quip\u00e9 de la climatisation. La table quant \u00e0 elle poss\u00e8de un surmatelas chauffant. Ainsi la temp\u00e9rature de la pi\u00e8ce est totalement adapt\u00e9e \u00e0 vos besoins. Les plus frileux peuvent donc se d\u00e9tendre au contact d\u2019une table chauff\u00e9e \u00e0 leur go\u00fbt . Quand aux personnes qui pr\u00e9f\u00e8rent la fraicheur, elles peuvent se r\u00e9fugier l\u2019\u00e9t\u00e9, dans une salle climatis\u00e9e pour profiter de leur massage.<\/span><\/p>\r\n<p><span style=\"font-family: 'times new roman', times, serif; font-size: 14pt;\">\r\n\r\n<\/span><\/p>\r\n<p class=\"has-text-align-left has-black-color has-text-color has-medium-font-size\" style=\"text-align: justify;\"><span style=\"font-family: 'times new roman', times, serif; font-size: 14pt;\">A votre arriv\u00e9e un questionnaire sant\u00e9 vous est remit. Il permet de faire un point sur vos besoins, vos envies mais aussi les \u00e9ventuelles contre-indications li\u00e9es \u00e0 votre massage. Il reste enti\u00e8rement confidentiel et n\u2019a qu\u2019un but, am\u00e9liorer la qualit\u00e9 de votre massage.<\/span><\/p>\r\n<hr \/>\r\n<p class=\"has-large-font-size\" style=\"text-align: center;\"><span style=\"font-size: 18pt;\"><span style=\"color: #956096; font-family: 'times new roman', times, serif;\"><strong>Horaires :<\/strong> <\/span><span style=\"font-family: 'times new roman', times, serif;\">Re\u00e7ois du lundi au samedi sur rdv :<\/span><\/span><\/p>\r\n<p><a href=\"https:\/\/www.fresha.com\/fr\/book-now\/les-massages-de-lilas-by2qntmo\/services?lid=1324325&amp;share&amp;pId=1257558\">https:\/\/www.fresha.com\/fr\/book-now\/les-massages-de-lilas-by2qntmo\/services?lid=1324325&amp;share&amp;pId=1257558<\/a><\/p>\r\n<p><span style=\"font-family: 'times new roman', times, serif;\">\r\n\r\n<\/span><\/p>\r\n\r\n\r\n\r\n\r\n","protected":false},"excerpt":{"rendered":"<p>\u00a0 Bienvenue sur notre site Internet d\u00e9di\u00e9 \u00e0 l&rsquo;entreprise \u00ab\u00a0Les massages de Lilas\u00a0\u00bb. Vous y trouverez les informations n\u00e9cessaires concernant les massages et techniques utilis\u00e9es. Bonne navigation! VOTRE SALON DE MASSAGE \u00c0 PRADES Id\u00e9al pour se ressourcer proche du centre ville et de la gare des trains et bus si l\u2019on est \u00e0 pieds, mais &hellip; <\/p>\n","protected":false},"author":1,"featured_media":0,"parent":0,"menu_order":0,"comment_status":"closed","ping_status":"closed","template":"","meta":{"footnotes":""},"class_list":["post-39","page","type-page","status-publish","hentry"],"yoast_head":"<!-- This site is optimized with the Yoast SEO plugin v27.3 - https:\/\/yoast.com\/product\/yoast-seo-wordpress\/ -->\n<title>Les Massages de Lilas - Bien-\u00eatre et relaxation<\/title>\n<meta name=\"description\" content=\"Salon de massage \u00e0 Prades (66) - Massages du monde: Lomi Lomi, Balinais, Californien, Ayurvedique, Amma Assis - Dans les Pyr\u00e9n\u00e9es-Orientales\" \/>\n<meta name=\"robots\" content=\"index, follow, max-snippet:-1, max-image-preview:large, max-video-preview:-1\" \/>\n<link rel=\"canonical\" href=\"https:\/\/lesmassagesdelilas.fr\/\" \/>\n<meta property=\"og:locale\" content=\"fr_FR\" \/>\n<meta property=\"og:type\" content=\"article\" \/>\n<meta property=\"og:title\" content=\"Les Massages de Lilas - Bien-\u00eatre et relaxation\" \/>\n<meta property=\"og:description\" content=\"Salon de massage \u00e0 Prades (66) - Massages du monde: Lomi Lomi, Balinais, Californien, Ayurvedique, Amma Assis - Dans les Pyr\u00e9n\u00e9es-Orientales\" \/>\n<meta property=\"og:url\" content=\"https:\/\/lesmassagesdelilas.fr\/\" \/>\n<meta property=\"og:site_name\" content=\"Les Massages de Lilas\" \/>\n<meta property=\"article:publisher\" content=\"https:\/\/www.facebook.com\/Lesmassagesdelilas\/\" \/>\n<meta property=\"article:modified_time\" content=\"2025-02-10T20:12:06+00:00\" \/>\n<meta property=\"og:image\" content=\"https:\/\/lesmassagesdelilas.fr\/wp-content\/uploads\/2021\/02\/cropped-cropped-logo4.png\" \/>\n\t<meta property=\"og:image:width\" content=\"250\" \/>\n\t<meta property=\"og:image:height\" content=\"250\" \/>\n\t<meta property=\"og:image:type\" content=\"image\/png\" \/>\n<meta name=\"twitter:card\" content=\"summary_large_image\" \/>\n<meta name=\"twitter:label1\" content=\"Dur\u00e9e de lecture estim\u00e9e\" \/>\n\t<meta name=\"twitter:data1\" content=\"2 minutes\" \/>\n<script type=\"application\/ld+json\" class=\"yoast-schema-graph\">{\"@context\":\"https:\\\/\\\/schema.org\",\"@graph\":[{\"@type\":\"WebPage\",\"@id\":\"https:\\\/\\\/lesmassagesdelilas.fr\\\/\",\"url\":\"https:\\\/\\\/lesmassagesdelilas.fr\\\/\",\"name\":\"Les Massages de Lilas - Bien-\u00eatre et relaxation\",\"isPartOf\":{\"@id\":\"https:\\\/\\\/lesmassagesdelilas.fr\\\/#website\"},\"primaryImageOfPage\":{\"@id\":\"https:\\\/\\\/lesmassagesdelilas.fr\\\/#primaryimage\"},\"image\":{\"@id\":\"https:\\\/\\\/lesmassagesdelilas.fr\\\/#primaryimage\"},\"thumbnailUrl\":\"https:\\\/\\\/lesmassagesdelilas.fr\\\/wp-content\\\/uploads\\\/2021\\\/02\\\/470EFB2F-D8A0-4836-B348-DE5E4C2C8C17-1024x768.jpeg\",\"datePublished\":\"2021-02-11T14:01:30+00:00\",\"dateModified\":\"2025-02-10T20:12:06+00:00\",\"description\":\"Salon de massage \u00e0 Prades (66) - Massages du monde: Lomi Lomi, Balinais, Californien, Ayurvedique, Amma Assis - Dans les Pyr\u00e9n\u00e9es-Orientales\",\"breadcrumb\":{\"@id\":\"https:\\\/\\\/lesmassagesdelilas.fr\\\/#breadcrumb\"},\"inLanguage\":\"fr-FR\",\"potentialAction\":[{\"@type\":\"ReadAction\",\"target\":[\"https:\\\/\\\/lesmassagesdelilas.fr\\\/\"]}]},{\"@type\":\"ImageObject\",\"inLanguage\":\"fr-FR\",\"@id\":\"https:\\\/\\\/lesmassagesdelilas.fr\\\/#primaryimage\",\"url\":\"https:\\\/\\\/lesmassagesdelilas.fr\\\/wp-content\\\/uploads\\\/2021\\\/02\\\/470EFB2F-D8A0-4836-B348-DE5E4C2C8C17.jpeg\",\"contentUrl\":\"https:\\\/\\\/lesmassagesdelilas.fr\\\/wp-content\\\/uploads\\\/2021\\\/02\\\/470EFB2F-D8A0-4836-B348-DE5E4C2C8C17.jpeg\",\"width\":1920,\"height\":1440},{\"@type\":\"BreadcrumbList\",\"@id\":\"https:\\\/\\\/lesmassagesdelilas.fr\\\/#breadcrumb\",\"itemListElement\":[{\"@type\":\"ListItem\",\"position\":1,\"name\":\"Accueil\",\"item\":\"https:\\\/\\\/lesmassagesdelilas.fr\\\/\"},{\"@type\":\"ListItem\",\"position\":2,\"name\":\"Accueil\"}]},{\"@type\":\"WebSite\",\"@id\":\"https:\\\/\\\/lesmassagesdelilas.fr\\\/#website\",\"url\":\"https:\\\/\\\/lesmassagesdelilas.fr\\\/\",\"name\":\"Les Massages de Lilas\",\"description\":\"Bien-\u00eatre et relaxation\",\"publisher\":{\"@id\":\"https:\\\/\\\/lesmassagesdelilas.fr\\\/#organization\"},\"potentialAction\":[{\"@type\":\"SearchAction\",\"target\":{\"@type\":\"EntryPoint\",\"urlTemplate\":\"https:\\\/\\\/lesmassagesdelilas.fr\\\/?s={search_term_string}\"},\"query-input\":{\"@type\":\"PropertyValueSpecification\",\"valueRequired\":true,\"valueName\":\"search_term_string\"}}],\"inLanguage\":\"fr-FR\"},{\"@type\":\"Organization\",\"@id\":\"https:\\\/\\\/lesmassagesdelilas.fr\\\/#organization\",\"name\":\"Les massages de Lilas\",\"url\":\"https:\\\/\\\/lesmassagesdelilas.fr\\\/\",\"logo\":{\"@type\":\"ImageObject\",\"inLanguage\":\"fr-FR\",\"@id\":\"https:\\\/\\\/lesmassagesdelilas.fr\\\/#\\\/schema\\\/logo\\\/image\\\/\",\"url\":\"https:\\\/\\\/lesmassagesdelilas.fr\\\/wp-content\\\/uploads\\\/2021\\\/12\\\/8BA4F464-757E-486E-BC6B-ED19959EDFBE.png\",\"contentUrl\":\"https:\\\/\\\/lesmassagesdelilas.fr\\\/wp-content\\\/uploads\\\/2021\\\/12\\\/8BA4F464-757E-486E-BC6B-ED19959EDFBE.png\",\"width\":2246,\"height\":1588,\"caption\":\"Les massages de Lilas\"},\"image\":{\"@id\":\"https:\\\/\\\/lesmassagesdelilas.fr\\\/#\\\/schema\\\/logo\\\/image\\\/\"},\"sameAs\":[\"https:\\\/\\\/www.facebook.com\\\/Lesmassagesdelilas\\\/\",\"https:\\\/\\\/youtube.com\\\/channel\\\/UCVcWkG_2bZTUV0HCX0B8w9w\"]}]}<\/script>\n<!-- \/ Yoast SEO plugin. -->","yoast_head_json":{"title":"Les Massages de Lilas - Bien-\u00eatre et relaxation","description":"Salon de massage \u00e0 Prades (66) - Massages du monde: Lomi Lomi, Balinais, Californien, Ayurvedique, Amma Assis - Dans les Pyr\u00e9n\u00e9es-Orientales","robots":{"index":"index","follow":"follow","max-snippet":"max-snippet:-1","max-image-preview":"max-image-preview:large","max-video-preview":"max-video-preview:-1"},"canonical":"https:\/\/lesmassagesdelilas.fr\/","og_locale":"fr_FR","og_type":"article","og_title":"Les Massages de Lilas - Bien-\u00eatre et relaxation","og_description":"Salon de massage \u00e0 Prades (66) - Massages du monde: Lomi Lomi, Balinais, Californien, Ayurvedique, Amma Assis - Dans les Pyr\u00e9n\u00e9es-Orientales","og_url":"https:\/\/lesmassagesdelilas.fr\/","og_site_name":"Les Massages de Lilas","article_publisher":"https:\/\/www.facebook.com\/Lesmassagesdelilas\/","article_modified_time":"2025-02-10T20:12:06+00:00","og_image":[{"width":250,"height":250,"url":"https:\/\/lesmassagesdelilas.fr\/wp-content\/uploads\/2021\/02\/cropped-cropped-logo4.png","type":"image\/png"}],"twitter_card":"summary_large_image","twitter_misc":{"Dur\u00e9e de lecture estim\u00e9e":"2 minutes"},"schema":{"@context":"https:\/\/schema.org","@graph":[{"@type":"WebPage","@id":"https:\/\/lesmassagesdelilas.fr\/","url":"https:\/\/lesmassagesdelilas.fr\/","name":"Les Massages de Lilas - Bien-\u00eatre et relaxation","isPartOf":{"@id":"https:\/\/lesmassagesdelilas.fr\/#website"},"primaryImageOfPage":{"@id":"https:\/\/lesmassagesdelilas.fr\/#primaryimage"},"image":{"@id":"https:\/\/lesmassagesdelilas.fr\/#primaryimage"},"thumbnailUrl":"https:\/\/lesmassagesdelilas.fr\/wp-content\/uploads\/2021\/02\/470EFB2F-D8A0-4836-B348-DE5E4C2C8C17-1024x768.jpeg","datePublished":"2021-02-11T14:01:30+00:00","dateModified":"2025-02-10T20:12:06+00:00","description":"Salon de massage \u00e0 Prades (66) - Massages du monde: Lomi Lomi, Balinais, Californien, Ayurvedique, Amma Assis - Dans les Pyr\u00e9n\u00e9es-Orientales","breadcrumb":{"@id":"https:\/\/lesmassagesdelilas.fr\/#breadcrumb"},"inLanguage":"fr-FR","potentialAction":[{"@type":"ReadAction","target":["https:\/\/lesmassagesdelilas.fr\/"]}]},{"@type":"ImageObject","inLanguage":"fr-FR","@id":"https:\/\/lesmassagesdelilas.fr\/#primaryimage","url":"https:\/\/lesmassagesdelilas.fr\/wp-content\/uploads\/2021\/02\/470EFB2F-D8A0-4836-B348-DE5E4C2C8C17.jpeg","contentUrl":"https:\/\/lesmassagesdelilas.fr\/wp-content\/uploads\/2021\/02\/470EFB2F-D8A0-4836-B348-DE5E4C2C8C17.jpeg","width":1920,"height":1440},{"@type":"BreadcrumbList","@id":"https:\/\/lesmassagesdelilas.fr\/#breadcrumb","itemListElement":[{"@type":"ListItem","position":1,"name":"Accueil","item":"https:\/\/lesmassagesdelilas.fr\/"},{"@type":"ListItem","position":2,"name":"Accueil"}]},{"@type":"WebSite","@id":"https:\/\/lesmassagesdelilas.fr\/#website","url":"https:\/\/lesmassagesdelilas.fr\/","name":"Les Massages de Lilas","description":"Bien-\u00eatre et relaxation","publisher":{"@id":"https:\/\/lesmassagesdelilas.fr\/#organization"},"potentialAction":[{"@type":"SearchAction","target":{"@type":"EntryPoint","urlTemplate":"https:\/\/lesmassagesdelilas.fr\/?s={search_term_string}"},"query-input":{"@type":"PropertyValueSpecification","valueRequired":true,"valueName":"search_term_string"}}],"inLanguage":"fr-FR"},{"@type":"Organization","@id":"https:\/\/lesmassagesdelilas.fr\/#organization","name":"Les massages de Lilas","url":"https:\/\/lesmassagesdelilas.fr\/","logo":{"@type":"ImageObject","inLanguage":"fr-FR","@id":"https:\/\/lesmassagesdelilas.fr\/#\/schema\/logo\/image\/","url":"https:\/\/lesmassagesdelilas.fr\/wp-content\/uploads\/2021\/12\/8BA4F464-757E-486E-BC6B-ED19959EDFBE.png","contentUrl":"https:\/\/lesmassagesdelilas.fr\/wp-content\/uploads\/2021\/12\/8BA4F464-757E-486E-BC6B-ED19959EDFBE.png","width":2246,"height":1588,"caption":"Les massages de Lilas"},"image":{"@id":"https:\/\/lesmassagesdelilas.fr\/#\/schema\/logo\/image\/"},"sameAs":["https:\/\/www.facebook.com\/Lesmassagesdelilas\/","https:\/\/youtube.com\/channel\/UCVcWkG_2bZTUV0HCX0B8w9w"]}]}},"jetpack_sharing_enabled":true,"_links":{"self":[{"href":"https:\/\/lesmassagesdelilas.fr\/index.php\/wp-json\/wp\/v2\/pages\/39","targetHints":{"allow":["GET"]}}],"collection":[{"href":"https:\/\/lesmassagesdelilas.fr\/index.php\/wp-json\/wp\/v2\/pages"}],"about":[{"href":"https:\/\/lesmassagesdelilas.fr\/index.php\/wp-json\/wp\/v2\/types\/page"}],"author":[{"embeddable":true,"href":"https:\/\/lesmassagesdelilas.fr\/index.php\/wp-json\/wp\/v2\/users\/1"}],"replies":[{"embeddable":true,"href":"https:\/\/lesmassagesdelilas.fr\/index.php\/wp-json\/wp\/v2\/comments?post=39"}],"version-history":[{"count":52,"href":"https:\/\/lesmassagesdelilas.fr\/index.php\/wp-json\/wp\/v2\/pages\/39\/revisions"}],"predecessor-version":[{"id":716,"href":"https:\/\/lesmassagesdelilas.fr\/index.php\/wp-json\/wp\/v2\/pages\/39\/revisions\/716"}],"wp:attachment":[{"href":"https:\/\/lesmassagesdelilas.fr\/index.php\/wp-json\/wp\/v2\/media?parent=39"}],"curies":[{"name":"wp","href":"https:\/\/api.w.org\/{rel}","templated":true}]}}