{"id":304,"date":"2021-02-21T14:00:38","date_gmt":"2021-02-21T13:00:38","guid":{"rendered":"https:\/\/lesmassagesdelilas.fr\/index.php\/politique-de-cookies-ue\/"},"modified":"2022-04-12T12:53:43","modified_gmt":"2022-04-12T10:53:43","slug":"politique-de-cookies-ue","status":"publish","type":"page","link":"https:\/\/lesmassagesdelilas.fr\/index.php\/politique-de-cookies-ue\/","title":{"rendered":"Politique de cookies (UE)"},"content":{"rendered":"<p>&nbsp;<\/p>\r\n<h2><span style=\"color: #000000; font-size: 14pt;\">LES COOKIES<\/span><\/h2>\r\n<p><span style=\"font-size: 14pt;\">Lorsque vous consultez notre site internet, des donn\u00e9es peuvent \u00eatre stock\u00e9es dans votre navigateur ou r\u00e9cup\u00e9r\u00e9es \u00e0 partir de celui-ci sous la forme de cookies ou autres traceurs. Ces informations peuvent porter sur vous, sur vos pr\u00e9f\u00e9rences ou sur votre appareil. Ces informations sont des donn\u00e9es personnelles car elles permettent de vous identifier indirectement. Elles sont principalement utilis\u00e9es pour s&rsquo;assurer que le site fonctionne correctement et pour vous offrir une exp\u00e9rience personnalis\u00e9e. Vous avez la possibilit\u00e9 de ne pas autoriser certains types de cookies. Cliquez sur les diff\u00e9rentes cat\u00e9gories de cookies pour obtenir plus de d\u00e9tails sur chacune d&rsquo;entre elles et sur les cookies utilis\u00e9s par nous et nos partenaires. \u00c0 tout moment, vous pouvez modifier les param\u00e8tres par d\u00e9faut. Vos choix sont conserv\u00e9s six mois. Toutefois, si vous bloquez certains types de cookies, votre exp\u00e9rience de navigation et les services que nous sommes en mesure de vous offrir peuvent \u00eatre impact\u00e9s. Les cookies sont conserv\u00e9s pour une dur\u00e9e maximum de treize mois.<\/span><\/p>\r\n<h2 class=\"subtitle\"><span style=\"font-size: 14pt; color: #000000;\">Qu&rsquo;est-ce qu&rsquo;une\u00a0<strong>donn\u00e9e personnelle ?<\/strong><\/span><\/h2>\r\n<p class=\"text_header m-b_mob text_justify\"><span style=\"font-size: 14pt;\">Les\u00a0<strong>donn\u00e9es personnelles<\/strong>\u00a0sont des informations permettant de\u00a0<strong>vous identifier directement<\/strong>\u00a0ou\u00a0<strong>indirectement<\/strong>. Par exemple vos nom, pr\u00e9nom, date de naissance, adresse postale ou e-mail, votre num\u00e9ro de client, votre historique d\u2019achat\u2026ou encore l\u2019adresse IP de votre ordinateur etc.<\/span><\/p>\r\n<p class=\"text_header text_justify\"><span style=\"font-size: 14pt;\">Un\u00a0<strong>traitement de donn\u00e9es personnelles<\/strong>\u00a0est toute op\u00e9ration ou ensemble d\u2019op\u00e9rations effectu\u00e9es sur des donn\u00e9es personnelles. Par exemple, la collecte, l\u2019enregistrement, la consultation, l\u2019analyse de vos donn\u00e9es personnelles sont des traitements de vos donn\u00e9es.<\/span><\/p>\r\n<p>&nbsp;<\/p>\r\n<h3 class=\"card-title\"><span style=\"font-size: 14pt; color: #000000;\">Comment utilisons-nous les cookies ?<\/span><\/h3>\r\n<p class=\"card-details text_justify text_light text_underline text_bold\"><span style=\"font-size: 14pt; color: #000000;\"><strong>Qu&rsquo;est-ce qu&rsquo;un cookie ?<\/strong><\/span><\/p>\r\n<p class=\"card-details text_justify text_light\"><span style=\"font-size: 14pt;\">Un cookie est un petit fichier d\u00e9pos\u00e9 et lu lors de votre consultation sur notre Site. Un cookie peut \u00e9galement \u00eatre utilis\u00e9 lors de la lecture d&rsquo;un courrier \u00e9lectronique, de l&rsquo;installation ou de l&rsquo;utilisation d&rsquo;une application mobile via votre ordinateur, smartphone, tablette, etc.<\/span><\/p>\r\n<p class=\"card-details text_justify text_light text_underline text_bold\"><span style=\"font-size: 14pt; color: #000000;\"><strong>Pourquoi utilisons-nous les cookies ?<\/strong><\/span><\/p>\r\n<p class=\"card-details text_justify text_light\"><span style=\"font-size: 14pt;\">Selon vos choix, les cookies ont pour objectif de :<\/span><\/p>\r\n<ul class=\"data-type m-b_L text_light\">\r\n<li class=\"item\"><span style=\"font-size: 14pt;\">D\u00e9terminer en temps r\u00e9el les publicit\u00e9s les plus pertinentes selon votre navigation sur notre Site<\/span><\/li>\r\n<li class=\"item\"><span style=\"font-size: 14pt;\">Proposer des contenus adapt\u00e9s \u00e0 vos centres d&rsquo;int\u00e9r\u00eat<\/span><\/li>\r\n<li class=\"item\"><span style=\"font-size: 14pt;\">Analyser le trafic et la performance du Site (statistiques, m\u00e9morisation de votre appareil, mise en oeuvre de mesures de s\u00e9curit\u00e9)<\/span><\/li>\r\n<li class=\"item\"><span style=\"font-size: 14pt;\">Proposer des services li\u00e9s aux r\u00e9seaux sociaux<\/span><\/li>\r\n<\/ul>\r\n<p class=\"popin-body-content text_underline text_bold\"><span style=\"font-size: 14pt; color: #000000;\"><strong>Comment param\u00e9trer vos choix de cookies ?<\/strong><\/span><\/p>\r\n<p class=\"popin-body-content\"><span style=\"font-size: 14pt;\">Vos choix de cookies peuvent se faire par cat\u00e9gorie. Seuls les cookies strictement n\u00e9cessaires sont toujours d\u00e9pos\u00e9s pour le bon fonctionnment du Site.<\/span><br \/><span style=\"font-size: 14pt;\">Vous disposez de plusieurs choix :<\/span><\/p>\r\n<ul class=\"list-body-content\">\r\n<li class=\"item\"><span style=\"font-size: 14pt;\">Accepter tous les cookies : toutes les cat\u00e9gories de cookies sont utilis\u00e9es<\/span><\/li>\r\n<li class=\"item\"><span style=\"font-size: 14pt;\">Refuser tous les cookies sauf ceux strictement n\u00e9cessaires<\/span><\/li>\r\n<li class=\"item\"><span style=\"font-size: 14pt;\">Param\u00e9trer les cookies en acceptant ou non les cat\u00e9gories souhait\u00e9es<\/span><\/li>\r\n<\/ul>\r\n<p class=\"popin-body-content\"><span style=\"font-size: 14pt;\">Au bout de 6 mois, nous vous redemanderons de formuler vos choix.<\/span><\/p>\r\n<p class=\"popin-body-content\">\u00a0<\/p>\r\n<p class=\"popin-body-content text_underline text_bold\"><span style=\"font-size: 14pt; color: #000000;\"><strong>Quelle est la dur\u00e9e de conservation des cookies ?<\/strong><\/span><\/p>\r\n<p class=\"popin-body-content\"><span style=\"font-size: 14pt;\">Chaque cookie \u00e0 sa propre dur\u00e9e de vie, dans la limite de 13 mois.<\/span><br \/><span style=\"font-size: 14pt;\">Vous pouvez \u00e0 tout moment retrouver les dur\u00e9es de conservation de chaque cookie dans la rubrique \u00ab\u00a0d\u00e9tail des partenaires et des cookies\u00a0\u00bb en cliquant sur le bouton \u00ab\u00a0Param\u00e8tres des cookies\u00a0\u00bb plus haut.<\/span><\/p>\r\n<p class=\"popin-body-content text_underline text_bold\"><span style=\"font-size: 14pt;\">Quels sont les cookies de tiers pr\u00e9sents sur notre Site ?<\/span><\/p>\r\n<p class=\"popin-body-content\"><span style=\"font-size: 14pt;\">Lorsque des cookies sont \u00e9mis et utilis\u00e9s par des partenaires, ils sont soumis \u00e0 leur politique de protection de vie priv\u00e9e. Nous vous invitons \u00e0 les consulter directement sur leur site.<\/span><\/p>\r\n<p>&nbsp;<\/p>\r\n<h3 class=\"card-title\"><span style=\"font-size: 14pt; color: #000000;\">Quels sont vos droits ?<\/span><\/h3>\r\n<p class=\"popin-body-content\"><span style=\"font-size: 14pt;\">Conform\u00e9ment \u00e0 la r\u00e8glementation applicable, vous disposez de\u00a0<strong>diff\u00e9rents droits<\/strong>\u00a0que vous pouvez exercer \u00e0 tout moment.<\/span><\/p>\r\n<p class=\"popin-body-content\"><span style=\"font-size: 14pt;\">Vous disposez d\u2019un\u00a0<strong>droit d\u2019acc\u00e8s<\/strong>, d\u2019un\u00a0<strong>droit de rectification<\/strong>, d\u2019un\u00a0<strong>droit \u00e0 l\u2019effacement<\/strong>\u00a0des donn\u00e9es vous concernant, ainsi que du\u00a0<strong>droit de demander la portabilit\u00e9<\/strong>\u00a0des donn\u00e9es que vous nous avez fournies.<\/span><\/p>\r\n<p class=\"popin-body-content\"><span style=\"font-size: 14pt;\">Vous avez le droit de vous\u00a0<strong>opposer pour des motifs l\u00e9gitimes<\/strong>\u00a0aux traitements r\u00e9alis\u00e9s concernant vos donn\u00e9es, ou de\u00a0<strong>demander la limitation de ces traitements<\/strong>.<\/span><\/p>\r\n<p class=\"popin-body-content\"><span style=\"font-size: 14pt;\">Vous avez \u00e9galement le droit de vous\u00a0<strong>opposer \u00e0 tout moment et sans motif au traitement de vos donn\u00e9es \u00e0 des fins de publicit\u00e9<\/strong>, ainsi qu\u2019au\u00a0<strong>profilage<\/strong>\u00a0lorsque celui-ci est r\u00e9alis\u00e9 \u00e0 cette m\u00eame fin.<\/span><\/p>\r\n<p class=\"popin-body-content\"><span style=\"font-size: 14pt;\">Vous disposez du droit de d\u2019\u00e9mettre des\u00a0<strong>directives relatives au sort de vos donn\u00e9es<\/strong>\u00a0apr\u00e8s votre d\u00e9c\u00e8s.<\/span><\/p>\r\n<p class=\"popin-body-content\"><span style=\"font-size: 14pt;\">Nous vous informons d\u2019une disposition sp\u00e9cifique au\u00a0<strong>d\u00e9marchage t\u00e9l\u00e9phonique<\/strong>\u00a0: Si vous ne souhaitez pas \u00eatre d\u00e9march\u00e9(e) par t\u00e9l\u00e9phone par des soci\u00e9t\u00e9s dont vous n\u2019\u00eates pas client(e), vous pouvez vous inscrire gratuitement sur le site\u00a0<a class=\"text_underline\" href=\"http:\/\/www.bloctel.gouv.fr\/\" target=\"_blank\" rel=\"noopener\">www.bloctel.gouv.fr<\/a><\/span><\/p>\r\n<p>&nbsp;<\/p>\r\n<h3 class=\"card-title\"><span style=\"font-size: 14pt; color: #000000;\">Comment assurons-nous la s\u00e9curit\u00e9 de vos donn\u00e9es ?<\/span><\/h3>\r\n<p class=\"popin-body-content\"><span style=\"font-size: 14pt;\">Nous prenons toutes les mesures n\u00e9cessaires pour\u00a0<strong>assurer la s\u00e9curit\u00e9 et la confidentialit\u00e9 de vos donn\u00e9es<\/strong>\u00a0afin d\u2019emp\u00eacher leur perte, leur destruction accidentelle, leur mauvaise utilisation et tout acc\u00e8s non autoris\u00e9. La\u00a0<strong>s\u00e9curit\u00e9 de vos donn\u00e9es<\/strong>\u00a0est assur\u00e9e par des mesures\u00a0<strong>d\u2019anonymisation<\/strong>, de\u00a0<strong>chiffrement<\/strong>, de\u00a0<strong>protection de nos syst\u00e8mes d\u2019information<\/strong>, de\u00a0<strong>sauvegarde<\/strong>\u00a0des donn\u00e9es\u2026 etc.<\/span><\/p>\r\n<p>&nbsp;<\/p>\r\n<h3 class=\"card-title\"><span style=\"font-size: 14pt;\">Allez-vous recevoir des offres commerciales ?<\/span><\/h3>\r\n<p class=\"popin-body-content\"><span style=\"font-size: 14pt;\"><strong>Dans le respect des choix que vous avez effectu\u00e9s<\/strong>, nous pouvons \u00eatre amen\u00e9s \u00e0 utiliser vos coordonn\u00e9es pour vous\u00a0<strong>adresser des offres commerciales<\/strong>, notamment par courrier postal, t\u00e9l\u00e9phone, e-mail ou SMS.<\/span><\/p>\r\n<p class=\"popin-body-content text_underline\"><span style=\"font-size: 14pt;\">Offres par\u00a0<strong>e-mail<\/strong>\u00a0ou par\u00a0<strong>SMS<\/strong>\u00a0:<\/span><\/p>\r\n<p class=\"popin-body-content\"><span style=\"font-size: 14pt;\"><strong>Sous r\u00e9serve de votre consentement<\/strong>, vous pouvez recevoir des offres par e-mail ou par SMS pour nos produits et services, ainsi que des offres pour les produits et services de soci\u00e9t\u00e9s partenaires. Vous pouvez retirer votre consentement \u00e0 tout moment. Dans l\u2019hypoth\u00e8se o\u00f9 vous nous avez communiqu\u00e9 vos donn\u00e9es \u00e0 l\u2019occasion d\u2019une commande et\u00a0<strong>sauf opposition de votre part<\/strong>, nous pouvons vous adresser des offres pour nos produits et services.<\/span><\/p>\r\n<p class=\"popin-body-content\"><span style=\"font-size: 14pt;\">Vous\u00a0<strong>restez libre de vous opposer \u00e0 tout moment \u00e0 recevoir ces offres<\/strong>.<\/span><\/p>\r\n<ul class=\"list-body-content\">\r\n<li class=\"item\"><span style=\"font-size: 14pt;\">Pour nos offres par\u00a0<strong>email<\/strong>\u00a0: en cliquant sur le lien de d\u00e9sabonnement figurant dans chaque e-mail, ou en vous rendant sur votre compte client depuis notre Site Internet, ou en contactant notre service clients.<\/span><\/li>\r\n<li class=\"item\"><span style=\"font-size: 14pt;\">Pour nos offres par\u00a0<strong>SMS<\/strong>\u00a0: en cliquant sur le lien \u00ab STOP SMS \u00bb figurant dans chaque SMS, ou en vous rendant sur votre compte client depuis notre site Internet, ou en contactant notre service clients<\/span><\/li>\r\n<\/ul>\r\n<p class=\"popin-body-content\"><span style=\"font-size: 14pt;\"><strong>Messages non publicitaires<\/strong>\u00a0: Nous pouvons \u00eatre amen\u00e9s \u00e0 vous contacter par e-mail ou par SMS pour vous rendre un meilleur service ou remplir nos obligations l\u00e9gales. Il ne s\u2019agit pas d\u2019offres commerciales et ces messages ne comportent pas de lien de d\u00e9sabonnement. Par exemple, l\u2019envoi de votre r\u00e9compense fid\u00e9lit\u00e9 ou le rappel de son d\u00e9lai d\u2019utilisation.<\/span><\/p>\r\n<p class=\"popin-body-content text_underline\"><span style=\"font-size: 14pt;\">Offres par\u00a0<strong>courrier postal<\/strong>\u00a0ou par\u00a0<strong>t\u00e9l\u00e9phone<\/strong>\u00a0:<\/span><\/p>\r\n<p class=\"popin-body-content\"><span style=\"font-size: 14pt;\">Nous pouvons vous adresser des offres par courrier postal ou vous contacter par t\u00e9l\u00e9phone pour vous proposer des offres pour nos produits et services. Vous pouvez \u00e9galement recevoir par notre interm\u00e9diaire des offres par courrier postal ou par t\u00e9l\u00e9phone de la part de soci\u00e9t\u00e9s partenaires.\u00a0<strong>Si vous ne le souhaitez plus, il vous suffit d\u2019en informer le service client<\/strong>.<\/span><\/p>\r\n<p>&nbsp;<\/p>\r\n<h3 class=\"card-title\"><span style=\"font-size: 14pt;\">Pourquoi traitons-nous vos donn\u00e9es ?<\/span><\/h3>\r\n<p class=\"popin-body-content\"><span style=\"font-size: 14pt;\">Pour chaque traitement, nous recueillons et\u00a0<strong>utilisons uniquement les donn\u00e9es pertinentes et n\u00e9cessaires<\/strong>\u00a0\u00e0 l\u2019objectif poursuivi.<\/span><\/p>\r\n<p class=\"popin-body-content\"><span style=\"font-size: 14pt;\">Nous traitons vos donn\u00e9es pour les besoins de\u00a0<strong>l\u2019ex\u00e9cution d\u2019un contrat<\/strong>\u00a0avec vous afin :<\/span><\/p>\r\n<ul class=\"list-body-content\">\r\n<li class=\"item\"><span style=\"font-size: 14pt;\">D&rsquo;enregistrer et ex\u00e9cuter vos commandes<\/span><\/li>\r\n<li class=\"item\"><span style=\"font-size: 14pt;\">De vous fournir les services auxquels vous souscrivez<\/span><\/li>\r\n<li class=\"item\"><span style=\"font-size: 14pt;\">De traiter vos demandes et vos r\u00e9clamations<\/span><\/li>\r\n<li class=\"item\"><span style=\"font-size: 14pt;\">D&rsquo;assurer le service apr\u00e8s-vente<\/span><\/li>\r\n<li class=\"item\"><span style=\"font-size: 14pt;\">De recouvrer les impay\u00e9s<\/span><\/li>\r\n<\/ul>\r\n<p class=\"popin-body-content\"><span style=\"font-size: 14pt;\">Nous utilisons \u00e9galement vos donn\u00e9es pour d\u2019autres objectifs nous permettant de\u00a0<strong>poursuivre nos int\u00e9r\u00eats l\u00e9gitimes, en veillant \u00e0 toujours respecter vos droits et int\u00e9r\u00eats<\/strong>, et lorsque n\u00e9cessaire, sur la base de votre\u00a0<strong>consentement expr\u00e8s<\/strong>\u00a0:<\/span><\/p>\r\n<ul class=\"list-body-content\">\r\n<li class=\"item\"><span style=\"font-size: 14pt;\">G\u00e9rer et am\u00e9liorer la relation client et la qualit\u00e9 du Service clients<\/span><\/li>\r\n<li class=\"item\"><span style=\"font-size: 14pt;\">G\u00e9rer votre prise de rendez-vous en Institut<\/span><\/li>\r\n<li class=\"item\"><span style=\"font-size: 14pt;\">Am\u00e9liorer votre exp\u00e9rience lors de votre utilisation de nos sites Internet et applications mobiles<\/span><\/li>\r\n<li class=\"item\"><span style=\"font-size: 14pt;\">Mettre en \u0153uvre des op\u00e9rations de prospection commerciale<\/span><\/li>\r\n<li class=\"item\"><span style=\"font-size: 14pt;\">Vous proposer des offres adapt\u00e9es \u00e0 vos pr\u00e9f\u00e9rences au moyen de m\u00e9thodes de profilage et segmentation (m\u00e9thodes permettant de mieux comprendre vos pr\u00e9f\u00e9rences afin de vous proposer des offres de services et produits personnalis\u00e9es)<\/span><\/li>\r\n<li class=\"item\"><span style=\"font-size: 14pt;\">Mettre en \u0153uvre des jeux et concours publicitaires<\/span><\/li>\r\n<li class=\"item\"><span style=\"font-size: 14pt;\">R\u00e9aliser des analyses statistiques<\/span><\/li>\r\n<li class=\"item\"><span style=\"font-size: 14pt;\">R\u00e9aliser des enqu\u00eates de satisfaction<\/span><\/li>\r\n<li class=\"item\"><span style=\"font-size: 14pt;\">Assurer la gestion et publication des avis clients sur nos produits<\/span><\/li>\r\n<li class=\"item\"><span style=\"font-size: 14pt;\">Pr\u00e9venir les abus et les fraudes et g\u00e9rer les contentieux<\/span><\/li>\r\n<li class=\"item\"><span style=\"font-size: 14pt;\">Vous informer de nouveaux services ou de modifications sur nos sites et applications<\/span><\/li>\r\n<\/ul>\r\n<p class=\"popin-body-content\"><span style=\"font-size: 14pt;\">Vos donn\u00e9es peuvent \u00e9galement \u00eatre utilis\u00e9es pour\u00a0<strong>nous permettre de respecter nos obligations l\u00e9gales ou r\u00e9glementaires<\/strong>.<\/span><\/p>\r\n","protected":false},"excerpt":{"rendered":"<p>&nbsp; LES COOKIES Lorsque vous consultez notre site internet, des donn\u00e9es peuvent \u00eatre stock\u00e9es dans votre navigateur ou r\u00e9cup\u00e9r\u00e9es \u00e0 partir de celui-ci sous la forme de cookies ou autres traceurs. Ces informations peuvent porter sur vous, sur vos pr\u00e9f\u00e9rences ou sur votre appareil. Ces informations sont des donn\u00e9es personnelles car elles permettent de vous &hellip; <\/p>\n","protected":false},"author":1,"featured_media":0,"parent":0,"menu_order":0,"comment_status":"closed","ping_status":"closed","template":"","meta":{"footnotes":""},"class_list":["post-304","page","type-page","status-publish","hentry"],"yoast_head":"<!-- This site is optimized with the Yoast SEO plugin v27.3 - https:\/\/yoast.com\/product\/yoast-seo-wordpress\/ -->\n<title>Politique de cookies (UE) - Les Massages de Lilas<\/title>\n<meta name=\"description\" content=\"Le salon de massage \u00e0 Prades (66) - D\u00e9couvrez nos massages du monde - Lieu d\u00e9di\u00e9 au bien-\u00eatre et \u00e0 la relaxation - sur RDV et \u00e0 domicile dans les Pyr\u00e9n\u00e9es-Orientales\" \/>\n<meta name=\"robots\" content=\"index, follow, max-snippet:-1, max-image-preview:large, max-video-preview:-1\" \/>\n<link rel=\"canonical\" href=\"https:\/\/lesmassagesdelilas.fr\/index.php\/politique-de-cookies-ue\/\" \/>\n<meta property=\"og:locale\" content=\"fr_FR\" \/>\n<meta property=\"og:type\" content=\"article\" \/>\n<meta property=\"og:title\" content=\"Politique de cookies (UE) - Les Massages de Lilas\" \/>\n<meta property=\"og:description\" content=\"Le salon de massage \u00e0 Prades (66) - D\u00e9couvrez nos massages du monde - Lieu d\u00e9di\u00e9 au bien-\u00eatre et \u00e0 la relaxation - sur RDV et \u00e0 domicile dans les Pyr\u00e9n\u00e9es-Orientales\" \/>\n<meta property=\"og:url\" content=\"https:\/\/lesmassagesdelilas.fr\/index.php\/politique-de-cookies-ue\/\" \/>\n<meta property=\"og:site_name\" content=\"Les Massages de Lilas\" \/>\n<meta property=\"article:publisher\" content=\"https:\/\/www.facebook.com\/Lesmassagesdelilas\/\" \/>\n<meta property=\"article:modified_time\" content=\"2022-04-12T10:53:43+00:00\" \/>\n<meta name=\"twitter:card\" content=\"summary_large_image\" \/>\n<meta name=\"twitter:label1\" content=\"Dur\u00e9e de lecture estim\u00e9e\" \/>\n\t<meta name=\"twitter:data1\" content=\"7 minutes\" \/>\n<script type=\"application\/ld+json\" class=\"yoast-schema-graph\">{\"@context\":\"https:\\\/\\\/schema.org\",\"@graph\":[{\"@type\":\"WebPage\",\"@id\":\"https:\\\/\\\/lesmassagesdelilas.fr\\\/index.php\\\/politique-de-cookies-ue\\\/\",\"url\":\"https:\\\/\\\/lesmassagesdelilas.fr\\\/index.php\\\/politique-de-cookies-ue\\\/\",\"name\":\"Politique de cookies (UE) - Les Massages de Lilas\",\"isPartOf\":{\"@id\":\"https:\\\/\\\/lesmassagesdelilas.fr\\\/#website\"},\"datePublished\":\"2021-02-21T13:00:38+00:00\",\"dateModified\":\"2022-04-12T10:53:43+00:00\",\"description\":\"Le salon de massage \u00e0 Prades (66) - D\u00e9couvrez nos massages du monde - Lieu d\u00e9di\u00e9 au bien-\u00eatre et \u00e0 la relaxation - sur RDV et \u00e0 domicile dans les Pyr\u00e9n\u00e9es-Orientales\",\"breadcrumb\":{\"@id\":\"https:\\\/\\\/lesmassagesdelilas.fr\\\/index.php\\\/politique-de-cookies-ue\\\/#breadcrumb\"},\"inLanguage\":\"fr-FR\",\"potentialAction\":[{\"@type\":\"ReadAction\",\"target\":[\"https:\\\/\\\/lesmassagesdelilas.fr\\\/index.php\\\/politique-de-cookies-ue\\\/\"]}]},{\"@type\":\"BreadcrumbList\",\"@id\":\"https:\\\/\\\/lesmassagesdelilas.fr\\\/index.php\\\/politique-de-cookies-ue\\\/#breadcrumb\",\"itemListElement\":[{\"@type\":\"ListItem\",\"position\":1,\"name\":\"Accueil\",\"item\":\"https:\\\/\\\/lesmassagesdelilas.fr\\\/\"},{\"@type\":\"ListItem\",\"position\":2,\"name\":\"Politique de cookies (UE)\"}]},{\"@type\":\"WebSite\",\"@id\":\"https:\\\/\\\/lesmassagesdelilas.fr\\\/#website\",\"url\":\"https:\\\/\\\/lesmassagesdelilas.fr\\\/\",\"name\":\"Les Massages de Lilas\",\"description\":\"Bien-\u00eatre et relaxation\",\"publisher\":{\"@id\":\"https:\\\/\\\/lesmassagesdelilas.fr\\\/#organization\"},\"potentialAction\":[{\"@type\":\"SearchAction\",\"target\":{\"@type\":\"EntryPoint\",\"urlTemplate\":\"https:\\\/\\\/lesmassagesdelilas.fr\\\/?s={search_term_string}\"},\"query-input\":{\"@type\":\"PropertyValueSpecification\",\"valueRequired\":true,\"valueName\":\"search_term_string\"}}],\"inLanguage\":\"fr-FR\"},{\"@type\":\"Organization\",\"@id\":\"https:\\\/\\\/lesmassagesdelilas.fr\\\/#organization\",\"name\":\"Les massages de Lilas\",\"url\":\"https:\\\/\\\/lesmassagesdelilas.fr\\\/\",\"logo\":{\"@type\":\"ImageObject\",\"inLanguage\":\"fr-FR\",\"@id\":\"https:\\\/\\\/lesmassagesdelilas.fr\\\/#\\\/schema\\\/logo\\\/image\\\/\",\"url\":\"https:\\\/\\\/lesmassagesdelilas.fr\\\/wp-content\\\/uploads\\\/2021\\\/12\\\/8BA4F464-757E-486E-BC6B-ED19959EDFBE.png\",\"contentUrl\":\"https:\\\/\\\/lesmassagesdelilas.fr\\\/wp-content\\\/uploads\\\/2021\\\/12\\\/8BA4F464-757E-486E-BC6B-ED19959EDFBE.png\",\"width\":2246,\"height\":1588,\"caption\":\"Les massages de Lilas\"},\"image\":{\"@id\":\"https:\\\/\\\/lesmassagesdelilas.fr\\\/#\\\/schema\\\/logo\\\/image\\\/\"},\"sameAs\":[\"https:\\\/\\\/www.facebook.com\\\/Lesmassagesdelilas\\\/\",\"https:\\\/\\\/youtube.com\\\/channel\\\/UCVcWkG_2bZTUV0HCX0B8w9w\"]}]}<\/script>\n<!-- \/ Yoast SEO plugin. -->","yoast_head_json":{"title":"Politique de cookies (UE) - Les Massages de Lilas","description":"Le salon de massage \u00e0 Prades (66) - D\u00e9couvrez nos massages du monde - Lieu d\u00e9di\u00e9 au bien-\u00eatre et \u00e0 la relaxation - sur RDV et \u00e0 domicile dans les Pyr\u00e9n\u00e9es-Orientales","robots":{"index":"index","follow":"follow","max-snippet":"max-snippet:-1","max-image-preview":"max-image-preview:large","max-video-preview":"max-video-preview:-1"},"canonical":"https:\/\/lesmassagesdelilas.fr\/index.php\/politique-de-cookies-ue\/","og_locale":"fr_FR","og_type":"article","og_title":"Politique de cookies (UE) - Les Massages de Lilas","og_description":"Le salon de massage \u00e0 Prades (66) - D\u00e9couvrez nos massages du monde - Lieu d\u00e9di\u00e9 au bien-\u00eatre et \u00e0 la relaxation - sur RDV et \u00e0 domicile dans les Pyr\u00e9n\u00e9es-Orientales","og_url":"https:\/\/lesmassagesdelilas.fr\/index.php\/politique-de-cookies-ue\/","og_site_name":"Les Massages de Lilas","article_publisher":"https:\/\/www.facebook.com\/Lesmassagesdelilas\/","article_modified_time":"2022-04-12T10:53:43+00:00","twitter_card":"summary_large_image","twitter_misc":{"Dur\u00e9e de lecture estim\u00e9e":"7 minutes"},"schema":{"@context":"https:\/\/schema.org","@graph":[{"@type":"WebPage","@id":"https:\/\/lesmassagesdelilas.fr\/index.php\/politique-de-cookies-ue\/","url":"https:\/\/lesmassagesdelilas.fr\/index.php\/politique-de-cookies-ue\/","name":"Politique de cookies (UE) - Les Massages de Lilas","isPartOf":{"@id":"https:\/\/lesmassagesdelilas.fr\/#website"},"datePublished":"2021-02-21T13:00:38+00:00","dateModified":"2022-04-12T10:53:43+00:00","description":"Le salon de massage \u00e0 Prades (66) - D\u00e9couvrez nos massages du monde - Lieu d\u00e9di\u00e9 au bien-\u00eatre et \u00e0 la relaxation - sur RDV et \u00e0 domicile dans les Pyr\u00e9n\u00e9es-Orientales","breadcrumb":{"@id":"https:\/\/lesmassagesdelilas.fr\/index.php\/politique-de-cookies-ue\/#breadcrumb"},"inLanguage":"fr-FR","potentialAction":[{"@type":"ReadAction","target":["https:\/\/lesmassagesdelilas.fr\/index.php\/politique-de-cookies-ue\/"]}]},{"@type":"BreadcrumbList","@id":"https:\/\/lesmassagesdelilas.fr\/index.php\/politique-de-cookies-ue\/#breadcrumb","itemListElement":[{"@type":"ListItem","position":1,"name":"Accueil","item":"https:\/\/lesmassagesdelilas.fr\/"},{"@type":"ListItem","position":2,"name":"Politique de cookies (UE)"}]},{"@type":"WebSite","@id":"https:\/\/lesmassagesdelilas.fr\/#website","url":"https:\/\/lesmassagesdelilas.fr\/","name":"Les Massages de Lilas","description":"Bien-\u00eatre et relaxation","publisher":{"@id":"https:\/\/lesmassagesdelilas.fr\/#organization"},"potentialAction":[{"@type":"SearchAction","target":{"@type":"EntryPoint","urlTemplate":"https:\/\/lesmassagesdelilas.fr\/?s={search_term_string}"},"query-input":{"@type":"PropertyValueSpecification","valueRequired":true,"valueName":"search_term_string"}}],"inLanguage":"fr-FR"},{"@type":"Organization","@id":"https:\/\/lesmassagesdelilas.fr\/#organization","name":"Les massages de Lilas","url":"https:\/\/lesmassagesdelilas.fr\/","logo":{"@type":"ImageObject","inLanguage":"fr-FR","@id":"https:\/\/lesmassagesdelilas.fr\/#\/schema\/logo\/image\/","url":"https:\/\/lesmassagesdelilas.fr\/wp-content\/uploads\/2021\/12\/8BA4F464-757E-486E-BC6B-ED19959EDFBE.png","contentUrl":"https:\/\/lesmassagesdelilas.fr\/wp-content\/uploads\/2021\/12\/8BA4F464-757E-486E-BC6B-ED19959EDFBE.png","width":2246,"height":1588,"caption":"Les massages de Lilas"},"image":{"@id":"https:\/\/lesmassagesdelilas.fr\/#\/schema\/logo\/image\/"},"sameAs":["https:\/\/www.facebook.com\/Lesmassagesdelilas\/","https:\/\/youtube.com\/channel\/UCVcWkG_2bZTUV0HCX0B8w9w"]}]}},"jetpack_sharing_enabled":true,"_links":{"self":[{"href":"https:\/\/lesmassagesdelilas.fr\/index.php\/wp-json\/wp\/v2\/pages\/304","targetHints":{"allow":["GET"]}}],"collection":[{"href":"https:\/\/lesmassagesdelilas.fr\/index.php\/wp-json\/wp\/v2\/pages"}],"about":[{"href":"https:\/\/lesmassagesdelilas.fr\/index.php\/wp-json\/wp\/v2\/types\/page"}],"author":[{"embeddable":true,"href":"https:\/\/lesmassagesdelilas.fr\/index.php\/wp-json\/wp\/v2\/users\/1"}],"replies":[{"embeddable":true,"href":"https:\/\/lesmassagesdelilas.fr\/index.php\/wp-json\/wp\/v2\/comments?post=304"}],"version-history":[{"count":9,"href":"https:\/\/lesmassagesdelilas.fr\/index.php\/wp-json\/wp\/v2\/pages\/304\/revisions"}],"predecessor-version":[{"id":611,"href":"https:\/\/lesmassagesdelilas.fr\/index.php\/wp-json\/wp\/v2\/pages\/304\/revisions\/611"}],"wp:attachment":[{"href":"https:\/\/lesmassagesdelilas.fr\/index.php\/wp-json\/wp\/v2\/media?parent=304"}],"curies":[{"name":"wp","href":"https:\/\/api.w.org\/{rel}","templated":true}]}}