{"id":3,"date":"2021-02-11T07:26:24","date_gmt":"2021-02-11T06:26:24","guid":{"rendered":"http:\/\/lesmassagesdelilas.fr\/?page_id=3"},"modified":"2022-04-12T12:49:57","modified_gmt":"2022-04-12T10:49:57","slug":"politique-de-confidentialite","status":"publish","type":"page","link":"https:\/\/lesmassagesdelilas.fr\/index.php\/politique-de-confidentialite\/","title":{"rendered":"Politique de confidentialit\u00e9"},"content":{"rendered":"\r\n<h2 class=\"wp-block-heading\"><span style=\"font-size: 14pt;\">Qui sommes-nous\u00a0?<\/span><\/h2>\r\n<p><span style=\"font-size: 14pt;\">\r\n\r\n<\/span><\/p>\r\n<p><span style=\"font-size: 14pt;\">L\u2019adresse de notre site Web est\u00a0: http:\/\/lesmassagesdelilas.fr.<\/span><\/p>\r\n<p><span style=\"font-size: 14pt;\">\r\n\r\n<\/span><\/p>\r\n<h2 class=\"wp-block-heading\"><span style=\"font-size: 14pt;\">Utilisation des donn\u00e9es personnelles collect\u00e9es<\/span><\/h2>\r\n<p><span style=\"font-size: 14pt;\">\r\n\r\n<\/span><\/p>\r\n<h3 class=\"wp-block-heading\"><span style=\"font-size: 14pt;\">Commentaires<\/span><\/h3>\r\n<p><span style=\"font-size: 14pt;\">\r\n\r\n<\/span><\/p>\r\n<p><span style=\"font-size: 14pt;\">Quand vous laissez un commentaire sur notre site web, les donn\u00e9es inscrites dans le formulaire de commentaire, mais aussi votre adresse IP et l\u2019agent utilisateur de votre navigateur sont collect\u00e9s pour nous aider \u00e0 la d\u00e9tection des commentaires ind\u00e9sirables.<\/span><\/p>\r\n<p><span style=\"font-size: 14pt;\">\r\n\r\n<\/span><\/p>\r\n<p><span style=\"font-size: 14pt;\">Une cha\u00eene anonymis\u00e9e cr\u00e9\u00e9e \u00e0 partir de votre adresse de messagerie (\u00e9galement appel\u00e9e hash) peut \u00eatre envoy\u00e9e au service Gravatar pour v\u00e9rifier si vous utilisez ce dernier. Les clauses de confidentialit\u00e9 du service Gravatar sont disponibles ici\u00a0: https:\/\/automattic.com\/privacy\/. Apr\u00e8s validation de votre commentaire, votre photo de profil sera visible publiquement \u00e0 cot\u00e9 de votre commentaire.<\/span><\/p>\r\n<p><span style=\"font-size: 14pt;\">\r\n\r\n<\/span><\/p>\r\n<h3 class=\"wp-block-heading\"><span style=\"font-size: 14pt;\">M\u00e9dias<\/span><\/h3>\r\n<p><span style=\"font-size: 14pt;\">\r\n\r\n<\/span><\/p>\r\n<p><span style=\"font-size: 14pt;\">Si vous \u00eates un utilisateur ou une utilisatrice enregistr\u00e9\u00b7e et que vous t\u00e9l\u00e9versez des images sur le site web, nous vous conseillons d\u2019\u00e9viter de t\u00e9l\u00e9verser des images contenant des donn\u00e9es EXIF de coordonn\u00e9es GPS. Les visiteurs de votre site web peuvent t\u00e9l\u00e9charger et extraire des donn\u00e9es de localisation depuis ces images.<\/span><\/p>\r\n<p><span style=\"font-size: 14pt;\">\r\n\r\n<\/span><\/p>\r\n<h3 class=\"wp-block-heading\"><span style=\"font-size: 14pt;\">Formulaires de contact<\/span><\/h3>\r\n<p><span style=\"font-size: 14pt;\">\r\n\r\n<\/span><\/p>\r\n<h3 class=\"wp-block-heading\"><span style=\"font-size: 14pt;\">Cookies<\/span><\/h3>\r\n<p><span style=\"font-size: 14pt;\">\r\n\r\n<\/span><\/p>\r\n<p><span style=\"font-size: 14pt;\">Si vous d\u00e9posez un commentaire sur notre site, il vous sera propos\u00e9 d\u2019enregistrer votre nom, adresse de messagerie et site web dans des cookies. C\u2019est uniquement pour votre confort afin de ne pas avoir \u00e0 saisir ces informations si vous d\u00e9posez un autre commentaire plus tard. Ces cookies expirent au bout d\u2019un an.<\/span><\/p>\r\n<p><span style=\"font-size: 14pt;\">\r\n\r\n<\/span><\/p>\r\n<p><span style=\"font-size: 14pt;\">Si vous vous rendez sur la page de connexion, un cookie temporaire sera cr\u00e9\u00e9 afin de d\u00e9terminer si votre navigateur accepte les cookies. Il ne contient pas de donn\u00e9es personnelles et sera supprim\u00e9 automatiquement \u00e0 la fermeture de votre navigateur.<\/span><\/p>\r\n<p><span style=\"font-size: 14pt;\">\r\n\r\n<\/span><\/p>\r\n<p><span style=\"font-size: 14pt;\">Lorsque vous vous connecterez, nous mettrons en place un certain nombre de cookies pour enregistrer vos informations de connexion et vos pr\u00e9f\u00e9rences d\u2019\u00e9cran. La dur\u00e9e de vie d\u2019un cookie de connexion est de deux jours, celle d\u2019un cookie d\u2019option d\u2019\u00e9cran est d\u2019un an. Si vous cochez \u00ab\u00a0Se souvenir de moi\u00a0\u00bb, votre cookie de connexion sera conserv\u00e9 pendant deux semaines. Si vous vous d\u00e9connectez de votre compte, le cookie de connexion sera effac\u00e9.<\/span><\/p>\r\n<p><span style=\"font-size: 14pt;\">\r\n\r\n<\/span><\/p>\r\n<p><span style=\"font-size: 14pt;\">En modifiant ou en publiant une publication, un cookie suppl\u00e9mentaire sera enregistr\u00e9 dans votre navigateur. Ce cookie ne comprend aucune donn\u00e9e personnelle. Il indique simplement l\u2019ID de la publication que vous venez de modifier. Il expire au bout d\u2019un jour.<\/span><\/p>\r\n<p><span style=\"font-size: 14pt;\">\r\n\r\n<\/span><\/p>\r\n<h3 class=\"wp-block-heading\"><span style=\"font-size: 14pt;\">Contenu embarqu\u00e9 depuis d\u2019autres sites<\/span><\/h3>\r\n<p><span style=\"font-size: 14pt;\">\r\n\r\n<\/span><\/p>\r\n<p><span style=\"font-size: 14pt;\">Les articles de ce site peuvent inclure des contenus int\u00e9gr\u00e9s (par exemple des vid\u00e9os, images, articles\u2026). Le contenu int\u00e9gr\u00e9 depuis d\u2019autres sites se comporte de la m\u00eame mani\u00e8re que si le visiteur se rendait sur cet autre site.<\/span><\/p>\r\n<p><span style=\"font-size: 14pt;\">\r\n\r\n<\/span><\/p>\r\n<p><span style=\"font-size: 14pt;\">Ces sites web pourraient collecter des donn\u00e9es sur vous, utiliser des cookies, embarquer des outils de suivis tiers, suivre vos interactions avec ces contenus embarqu\u00e9s si vous disposez d\u2019un compte connect\u00e9 sur leur site web.<\/span><\/p>\r\n<p><span style=\"font-size: 14pt;\">\r\n\r\n<\/span><\/p>\r\n<h3 class=\"wp-block-heading\"><span style=\"font-size: 14pt;\">Statistiques et mesures d\u2019audience<\/span><\/h3>\r\n<p><span style=\"font-size: 14pt;\">\r\n\r\n<\/span><\/p>\r\n<h2 class=\"wp-block-heading\"><span style=\"font-size: 14pt;\">Utilisation et transmission de vos donn\u00e9es personnelles<\/span><\/h2>\r\n<p><span style=\"font-size: 14pt;\">\r\n\r\n<\/span><\/p>\r\n<h2 class=\"wp-block-heading\"><span style=\"font-size: 14pt;\">Dur\u00e9es de stockage de vos donn\u00e9es<\/span><\/h2>\r\n<p><span style=\"font-size: 14pt;\">\r\n\r\n<\/span><\/p>\r\n<p><span style=\"font-size: 14pt;\">Si vous laissez un commentaire, le commentaire et ses m\u00e9tadonn\u00e9es sont conserv\u00e9s ind\u00e9finiment. Cela permet de reconna\u00eetre et approuver automatiquement les commentaires suivants au lieu de les laisser dans la file de mod\u00e9ration.<\/span><\/p>\r\n<p><span style=\"font-size: 14pt;\">\r\n\r\n<\/span><\/p>\r\n<p><span style=\"font-size: 14pt;\">Pour les utilisateurs et utilisatrices qui s\u2019inscrivent sur notre site (si cela est possible), nous stockons \u00e9galement les donn\u00e9es personnelles indiqu\u00e9es dans leur profil. Tous les utilisateurs et utilisatrices peuvent voir, modifier ou supprimer leurs informations personnelles \u00e0 tout moment (\u00e0 l\u2019exception de leur nom d\u2019utilisateur\u00b7ice). Les gestionnaires du site peuvent aussi voir et modifier ces informations.<\/span><\/p>\r\n<p><span style=\"font-size: 14pt;\">\r\n\r\n<\/span><\/p>\r\n<h2 class=\"wp-block-heading\"><span style=\"font-size: 14pt;\">Les droits que vous avez sur vos donn\u00e9es<\/span><\/h2>\r\n<p><span style=\"font-size: 14pt;\">\r\n\r\n<\/span><\/p>\r\n<p><span style=\"font-size: 14pt;\">Si vous avez un compte ou si vous avez laiss\u00e9 des commentaires sur le site, vous pouvez demander \u00e0 recevoir un fichier contenant toutes les donn\u00e9es personnelles que nous poss\u00e9dons \u00e0 votre sujet, incluant celles que vous nous avez fournies. Vous pouvez \u00e9galement demander la suppression des donn\u00e9es personnelles vous concernant. Cela ne prend pas en compte les donn\u00e9es stock\u00e9es \u00e0 des fins administratives, l\u00e9gales ou pour des raisons de s\u00e9curit\u00e9.<\/span><\/p>\r\n<p><span style=\"font-size: 14pt;\">\r\n\r\n<\/span><\/p>\r\n<h2 class=\"wp-block-heading\"><span style=\"font-size: 14pt;\">Transmission de vos donn\u00e9es personnelles<\/span><\/h2>\r\n<p><span style=\"font-size: 14pt;\">\r\n\r\n<\/span><\/p>\r\n<p><span style=\"font-size: 14pt;\">Les commentaires des visiteurs peuvent \u00eatre v\u00e9rifi\u00e9s \u00e0 l\u2019aide d\u2019un service automatis\u00e9 de d\u00e9tection des commentaires ind\u00e9sirables.<\/span><\/p>\r\n<p><span style=\"font-size: 14pt;\">\r\n\r\n<\/span><\/p>\r\n<h2 class=\"wp-block-heading\"><span style=\"font-size: 14pt;\">Informations de contact<\/span><\/h2>\r\n<p><span style=\"font-size: 14pt;\">\r\n\r\n<\/span><\/p>\r\n<h2 class=\"wp-block-heading\"><span style=\"font-size: 14pt;\">Informations suppl\u00e9mentaires<\/span><\/h2>\r\n<p><span style=\"font-size: 14pt;\">\r\n\r\n<\/span><\/p>\r\n<h3 class=\"wp-block-heading\"><span style=\"font-size: 14pt;\">Comment nous prot\u00e9geons vos donn\u00e9es<\/span><\/h3>\r\n<p><span style=\"font-size: 14pt;\">\r\n\r\n<\/span><\/p>\r\n<h3 class=\"wp-block-heading\"><span style=\"font-size: 14pt;\">Proc\u00e9dures mises en \u0153uvre en cas de fuite de donn\u00e9es<\/span><\/h3>\r\n<p><span style=\"font-size: 14pt;\">\r\n\r\n<\/span><\/p>\r\n<h3 class=\"wp-block-heading\"><span style=\"font-size: 14pt;\">Les services tiers qui nous transmettent des donn\u00e9es<\/span><\/h3>\r\n<p><span style=\"font-size: 14pt;\">\r\n\r\n<\/span><\/p>\r\n<h3 class=\"wp-block-heading\"><span style=\"font-size: 14pt;\">Op\u00e9rations de marketing automatis\u00e9 et\/ou de profilage r\u00e9alis\u00e9es \u00e0 l\u2019aide des donn\u00e9es personnelles<\/span><\/h3>\r\n<p><span style=\"font-size: 14pt;\">\r\n\r\n<\/span><\/p>\r\n<h3 class=\"wp-block-heading\"><span style=\"font-size: 14pt;\">Affichage des informations li\u00e9es aux secteurs soumis \u00e0 des r\u00e9gulations sp\u00e9cifiques<\/span><\/h3>\r\n","protected":false},"excerpt":{"rendered":"<p>Qui sommes-nous\u00a0? L\u2019adresse de notre site Web est\u00a0: http:\/\/lesmassagesdelilas.fr. Utilisation des donn\u00e9es personnelles collect\u00e9es Commentaires Quand vous laissez un commentaire sur notre site web, les donn\u00e9es inscrites dans le formulaire de commentaire, mais aussi votre adresse IP et l\u2019agent utilisateur de votre navigateur sont collect\u00e9s pour nous aider \u00e0 la d\u00e9tection des commentaires ind\u00e9sirables. Une &hellip; <\/p>\n","protected":false},"author":1,"featured_media":0,"parent":0,"menu_order":0,"comment_status":"closed","ping_status":"open","template":"","meta":{"footnotes":""},"class_list":["post-3","page","type-page","status-publish","hentry"],"yoast_head":"<!-- This site is optimized with the Yoast SEO plugin v27.3 - https:\/\/yoast.com\/product\/yoast-seo-wordpress\/ -->\n<title>Politique de confidentialit\u00e9 - Les Massages de Lilas<\/title>\n<meta name=\"description\" content=\"Le salon de massage \u00e0 Prades (66) - D\u00e9couvrez nos massages du monde - Lieu d\u00e9di\u00e9 au bien-\u00eatre et \u00e0 la relaxation - sur RDV et \u00e0 domicile dans les Pyr\u00e9n\u00e9es-Orientales\" \/>\n<meta name=\"robots\" content=\"index, follow, max-snippet:-1, max-image-preview:large, max-video-preview:-1\" \/>\n<link rel=\"canonical\" href=\"https:\/\/lesmassagesdelilas.fr\/index.php\/politique-de-confidentialite\/\" \/>\n<meta property=\"og:locale\" content=\"fr_FR\" \/>\n<meta property=\"og:type\" content=\"article\" \/>\n<meta property=\"og:title\" content=\"Politique de confidentialit\u00e9 - Les Massages de Lilas\" \/>\n<meta property=\"og:description\" content=\"Le salon de massage \u00e0 Prades (66) - D\u00e9couvrez nos massages du monde - Lieu d\u00e9di\u00e9 au bien-\u00eatre et \u00e0 la relaxation - sur RDV et \u00e0 domicile dans les Pyr\u00e9n\u00e9es-Orientales\" \/>\n<meta property=\"og:url\" content=\"https:\/\/lesmassagesdelilas.fr\/index.php\/politique-de-confidentialite\/\" \/>\n<meta property=\"og:site_name\" content=\"Les Massages de Lilas\" \/>\n<meta property=\"article:publisher\" content=\"https:\/\/www.facebook.com\/Lesmassagesdelilas\/\" \/>\n<meta property=\"article:modified_time\" content=\"2022-04-12T10:49:57+00:00\" \/>\n<meta name=\"twitter:card\" content=\"summary_large_image\" \/>\n<meta name=\"twitter:label1\" content=\"Dur\u00e9e de lecture estim\u00e9e\" \/>\n\t<meta name=\"twitter:data1\" content=\"4 minutes\" \/>\n<script type=\"application\/ld+json\" class=\"yoast-schema-graph\">{\"@context\":\"https:\\\/\\\/schema.org\",\"@graph\":[{\"@type\":\"WebPage\",\"@id\":\"https:\\\/\\\/lesmassagesdelilas.fr\\\/index.php\\\/politique-de-confidentialite\\\/\",\"url\":\"https:\\\/\\\/lesmassagesdelilas.fr\\\/index.php\\\/politique-de-confidentialite\\\/\",\"name\":\"Politique de confidentialit\u00e9 - Les Massages de Lilas\",\"isPartOf\":{\"@id\":\"https:\\\/\\\/lesmassagesdelilas.fr\\\/#website\"},\"datePublished\":\"2021-02-11T06:26:24+00:00\",\"dateModified\":\"2022-04-12T10:49:57+00:00\",\"description\":\"Le salon de massage \u00e0 Prades (66) - D\u00e9couvrez nos massages du monde - Lieu d\u00e9di\u00e9 au bien-\u00eatre et \u00e0 la relaxation - sur RDV et \u00e0 domicile dans les Pyr\u00e9n\u00e9es-Orientales\",\"breadcrumb\":{\"@id\":\"https:\\\/\\\/lesmassagesdelilas.fr\\\/index.php\\\/politique-de-confidentialite\\\/#breadcrumb\"},\"inLanguage\":\"fr-FR\",\"potentialAction\":[{\"@type\":\"ReadAction\",\"target\":[\"https:\\\/\\\/lesmassagesdelilas.fr\\\/index.php\\\/politique-de-confidentialite\\\/\"]}]},{\"@type\":\"BreadcrumbList\",\"@id\":\"https:\\\/\\\/lesmassagesdelilas.fr\\\/index.php\\\/politique-de-confidentialite\\\/#breadcrumb\",\"itemListElement\":[{\"@type\":\"ListItem\",\"position\":1,\"name\":\"Accueil\",\"item\":\"https:\\\/\\\/lesmassagesdelilas.fr\\\/\"},{\"@type\":\"ListItem\",\"position\":2,\"name\":\"Politique de confidentialit\u00e9\"}]},{\"@type\":\"WebSite\",\"@id\":\"https:\\\/\\\/lesmassagesdelilas.fr\\\/#website\",\"url\":\"https:\\\/\\\/lesmassagesdelilas.fr\\\/\",\"name\":\"Les Massages de Lilas\",\"description\":\"Bien-\u00eatre et relaxation\",\"publisher\":{\"@id\":\"https:\\\/\\\/lesmassagesdelilas.fr\\\/#organization\"},\"potentialAction\":[{\"@type\":\"SearchAction\",\"target\":{\"@type\":\"EntryPoint\",\"urlTemplate\":\"https:\\\/\\\/lesmassagesdelilas.fr\\\/?s={search_term_string}\"},\"query-input\":{\"@type\":\"PropertyValueSpecification\",\"valueRequired\":true,\"valueName\":\"search_term_string\"}}],\"inLanguage\":\"fr-FR\"},{\"@type\":\"Organization\",\"@id\":\"https:\\\/\\\/lesmassagesdelilas.fr\\\/#organization\",\"name\":\"Les massages de Lilas\",\"url\":\"https:\\\/\\\/lesmassagesdelilas.fr\\\/\",\"logo\":{\"@type\":\"ImageObject\",\"inLanguage\":\"fr-FR\",\"@id\":\"https:\\\/\\\/lesmassagesdelilas.fr\\\/#\\\/schema\\\/logo\\\/image\\\/\",\"url\":\"https:\\\/\\\/lesmassagesdelilas.fr\\\/wp-content\\\/uploads\\\/2021\\\/12\\\/8BA4F464-757E-486E-BC6B-ED19959EDFBE.png\",\"contentUrl\":\"https:\\\/\\\/lesmassagesdelilas.fr\\\/wp-content\\\/uploads\\\/2021\\\/12\\\/8BA4F464-757E-486E-BC6B-ED19959EDFBE.png\",\"width\":2246,\"height\":1588,\"caption\":\"Les massages de Lilas\"},\"image\":{\"@id\":\"https:\\\/\\\/lesmassagesdelilas.fr\\\/#\\\/schema\\\/logo\\\/image\\\/\"},\"sameAs\":[\"https:\\\/\\\/www.facebook.com\\\/Lesmassagesdelilas\\\/\",\"https:\\\/\\\/youtube.com\\\/channel\\\/UCVcWkG_2bZTUV0HCX0B8w9w\"]}]}<\/script>\n<!-- \/ Yoast SEO plugin. -->","yoast_head_json":{"title":"Politique de confidentialit\u00e9 - Les Massages de Lilas","description":"Le salon de massage \u00e0 Prades (66) - D\u00e9couvrez nos massages du monde - Lieu d\u00e9di\u00e9 au bien-\u00eatre et \u00e0 la relaxation - sur RDV et \u00e0 domicile dans les Pyr\u00e9n\u00e9es-Orientales","robots":{"index":"index","follow":"follow","max-snippet":"max-snippet:-1","max-image-preview":"max-image-preview:large","max-video-preview":"max-video-preview:-1"},"canonical":"https:\/\/lesmassagesdelilas.fr\/index.php\/politique-de-confidentialite\/","og_locale":"fr_FR","og_type":"article","og_title":"Politique de confidentialit\u00e9 - Les Massages de Lilas","og_description":"Le salon de massage \u00e0 Prades (66) - D\u00e9couvrez nos massages du monde - Lieu d\u00e9di\u00e9 au bien-\u00eatre et \u00e0 la relaxation - sur RDV et \u00e0 domicile dans les Pyr\u00e9n\u00e9es-Orientales","og_url":"https:\/\/lesmassagesdelilas.fr\/index.php\/politique-de-confidentialite\/","og_site_name":"Les Massages de Lilas","article_publisher":"https:\/\/www.facebook.com\/Lesmassagesdelilas\/","article_modified_time":"2022-04-12T10:49:57+00:00","twitter_card":"summary_large_image","twitter_misc":{"Dur\u00e9e de lecture estim\u00e9e":"4 minutes"},"schema":{"@context":"https:\/\/schema.org","@graph":[{"@type":"WebPage","@id":"https:\/\/lesmassagesdelilas.fr\/index.php\/politique-de-confidentialite\/","url":"https:\/\/lesmassagesdelilas.fr\/index.php\/politique-de-confidentialite\/","name":"Politique de confidentialit\u00e9 - Les Massages de Lilas","isPartOf":{"@id":"https:\/\/lesmassagesdelilas.fr\/#website"},"datePublished":"2021-02-11T06:26:24+00:00","dateModified":"2022-04-12T10:49:57+00:00","description":"Le salon de massage \u00e0 Prades (66) - D\u00e9couvrez nos massages du monde - Lieu d\u00e9di\u00e9 au bien-\u00eatre et \u00e0 la relaxation - sur RDV et \u00e0 domicile dans les Pyr\u00e9n\u00e9es-Orientales","breadcrumb":{"@id":"https:\/\/lesmassagesdelilas.fr\/index.php\/politique-de-confidentialite\/#breadcrumb"},"inLanguage":"fr-FR","potentialAction":[{"@type":"ReadAction","target":["https:\/\/lesmassagesdelilas.fr\/index.php\/politique-de-confidentialite\/"]}]},{"@type":"BreadcrumbList","@id":"https:\/\/lesmassagesdelilas.fr\/index.php\/politique-de-confidentialite\/#breadcrumb","itemListElement":[{"@type":"ListItem","position":1,"name":"Accueil","item":"https:\/\/lesmassagesdelilas.fr\/"},{"@type":"ListItem","position":2,"name":"Politique de confidentialit\u00e9"}]},{"@type":"WebSite","@id":"https:\/\/lesmassagesdelilas.fr\/#website","url":"https:\/\/lesmassagesdelilas.fr\/","name":"Les Massages de Lilas","description":"Bien-\u00eatre et relaxation","publisher":{"@id":"https:\/\/lesmassagesdelilas.fr\/#organization"},"potentialAction":[{"@type":"SearchAction","target":{"@type":"EntryPoint","urlTemplate":"https:\/\/lesmassagesdelilas.fr\/?s={search_term_string}"},"query-input":{"@type":"PropertyValueSpecification","valueRequired":true,"valueName":"search_term_string"}}],"inLanguage":"fr-FR"},{"@type":"Organization","@id":"https:\/\/lesmassagesdelilas.fr\/#organization","name":"Les massages de Lilas","url":"https:\/\/lesmassagesdelilas.fr\/","logo":{"@type":"ImageObject","inLanguage":"fr-FR","@id":"https:\/\/lesmassagesdelilas.fr\/#\/schema\/logo\/image\/","url":"https:\/\/lesmassagesdelilas.fr\/wp-content\/uploads\/2021\/12\/8BA4F464-757E-486E-BC6B-ED19959EDFBE.png","contentUrl":"https:\/\/lesmassagesdelilas.fr\/wp-content\/uploads\/2021\/12\/8BA4F464-757E-486E-BC6B-ED19959EDFBE.png","width":2246,"height":1588,"caption":"Les massages de Lilas"},"image":{"@id":"https:\/\/lesmassagesdelilas.fr\/#\/schema\/logo\/image\/"},"sameAs":["https:\/\/www.facebook.com\/Lesmassagesdelilas\/","https:\/\/youtube.com\/channel\/UCVcWkG_2bZTUV0HCX0B8w9w"]}]}},"jetpack_sharing_enabled":true,"_links":{"self":[{"href":"https:\/\/lesmassagesdelilas.fr\/index.php\/wp-json\/wp\/v2\/pages\/3","targetHints":{"allow":["GET"]}}],"collection":[{"href":"https:\/\/lesmassagesdelilas.fr\/index.php\/wp-json\/wp\/v2\/pages"}],"about":[{"href":"https:\/\/lesmassagesdelilas.fr\/index.php\/wp-json\/wp\/v2\/types\/page"}],"author":[{"embeddable":true,"href":"https:\/\/lesmassagesdelilas.fr\/index.php\/wp-json\/wp\/v2\/users\/1"}],"replies":[{"embeddable":true,"href":"https:\/\/lesmassagesdelilas.fr\/index.php\/wp-json\/wp\/v2\/comments?post=3"}],"version-history":[{"count":4,"href":"https:\/\/lesmassagesdelilas.fr\/index.php\/wp-json\/wp\/v2\/pages\/3\/revisions"}],"predecessor-version":[{"id":607,"href":"https:\/\/lesmassagesdelilas.fr\/index.php\/wp-json\/wp\/v2\/pages\/3\/revisions\/607"}],"wp:attachment":[{"href":"https:\/\/lesmassagesdelilas.fr\/index.php\/wp-json\/wp\/v2\/media?parent=3"}],"curies":[{"name":"wp","href":"https:\/\/api.w.org\/{rel}","templated":true}]}}