{"id":183,"date":"2021-02-14T12:38:46","date_gmt":"2021-02-14T11:38:46","guid":{"rendered":"https:\/\/lesmassagesdelilas.fr\/?page_id=183"},"modified":"2022-04-12T13:01:57","modified_gmt":"2022-04-12T11:01:57","slug":"qui-sommes-nous","status":"publish","type":"page","link":"https:\/\/lesmassagesdelilas.fr\/index.php\/qui-sommes-nous\/","title":{"rendered":"Qui sommes-nous?"},"content":{"rendered":"<p style=\"text-align: center;\"><span style=\"font-size: 14pt; color: #000000;\">Ou plut\u00f4t qui suis-je?<\/span><\/p>\r\n<p style=\"text-align: center;\"><span style=\"font-size: 14pt; color: #000000;\">Je m&rsquo;appelle Lilas. Comme le dit le proverbe:<\/span><\/p>\r\n<p style=\"text-align: center;\"><span style=\"font-size: 14pt;\"><!-- \/wp:post-content -->\r\n<!-- wp:quote --><\/span><\/p>\r\n<blockquote>\r\n<p style=\"text-align: center;\"><span style=\"color: #800080; font-size: 14pt;\"><strong><em>\u00ab\u00a0Choisis un m\u00e9tier que tu aimes et tu ne travailleras plus un seul jour de ta vie\u00a0\u00bb<\/em>.<\/strong><\/span><\/p>\r\n<p style=\"text-align: center;\"><span style=\"color: #000000; font-size: 14pt; text-align: justify;\">C&rsquo;est ainsi qu&rsquo;apr\u00e8s un retour au source en revenant vivre \u00e0 Prades ma ville natale, apr\u00e8s 12 ans de vie en r\u00e9gion parisienne, que je me suis reconvertie dans le massage bien-\u00eatre. Et c&rsquo;est vrai vous masser n&rsquo;est pas un travail mais un r\u00e9el plaisir.<\/span><\/p>\r\n<\/blockquote>\r\n<p style=\"text-align: justify;\"><span style=\"font-size: 14pt;\"><!-- \/wp:quote -->\r\n<!-- wp:quote --><\/span><\/p>\r\n<blockquote>\r\n<p><span style=\"font-size: 14pt; color: #800080;\"><strong>Tel un guide touristique je vous emm\u00e8ne \u00e0 la red\u00e9couverte de vos sensations. Un voyage partag\u00e9.<\/strong><\/span><\/p>\r\n<\/blockquote>\r\n<p style=\"text-align: justify;\"><span style=\"font-size: 14pt;\"><!-- \/wp:quote -->\r\n<!-- wp:paragraph --><\/span><\/p>\r\n<p style=\"text-align: justify;\"><span style=\"font-size: 14pt;\"><span style=\"color: #000000;\">Pour cela, j&rsquo;ai choisi de suivre une<\/span> <strong>formation professionnelle en massage bien-\u00eatre \u00e0 Toulouse avec <em>l&rsquo;Institut Hypot\u00e9nuse<\/em><\/strong> <strong>et l\u2019\u00e9cole <em>FormaBelle<\/em> \u00e0 Montpellier<\/strong> <a style=\"color: #ff00ff;\" href=\"https:\/\/www.ecole-formationmassage.com\/\">https:\/\/www.ecole-formationmassage.com\/<\/a> <a style=\"color: #ff00ff;\" href=\"https:\/\/formabelle.fr\/\">https:\/\/formabelle.fr\/<\/a><\/span><\/p>\r\n<p style=\"text-align: justify;\"><span style=\"font-size: 14pt;\"><!-- \/wp:paragraph -->\r\n<!-- wp:paragraph --><\/span><\/p>\r\n<p style=\"text-align: justify;\"><span style=\"font-size: 14pt; color: #000000;\">Aujourd&rsquo;hui je vous re\u00e7ois dans mon salon de massage un lieu que j&rsquo;ai am\u00e9nag\u00e9 chez moi en veillant \u00e0 vous cr\u00e9er un cocoon de d\u00e9tente.<\/span><\/p>\r\n<p><span style=\"font-size: 14pt;\"><!-- \/wp:paragraph -->\r\n<!-- wp:paragraph --><\/span><\/p>\r\n<p style=\"text-align: justify;\">\u00a0<\/p>\r\n<!-- \/wp:paragraph -->","protected":false},"excerpt":{"rendered":"<p>Ou plut\u00f4t qui suis-je? Je m&rsquo;appelle Lilas. Comme le dit le proverbe: \u00ab\u00a0Choisis un m\u00e9tier que tu aimes et tu ne travailleras plus un seul jour de ta vie\u00a0\u00bb. C&rsquo;est ainsi qu&rsquo;apr\u00e8s un retour au source en revenant vivre \u00e0 Prades ma ville natale, apr\u00e8s 12 ans de vie en r\u00e9gion parisienne, que je me &hellip; <\/p>\n","protected":false},"author":1,"featured_media":489,"parent":0,"menu_order":0,"comment_status":"closed","ping_status":"closed","template":"","meta":{"footnotes":""},"class_list":["post-183","page","type-page","status-publish","has-post-thumbnail","hentry"],"yoast_head":"<!-- This site is optimized with the Yoast SEO plugin v27.3 - https:\/\/yoast.com\/product\/yoast-seo-wordpress\/ -->\n<title>Qui sommes-nous? - Les Massages de Lilas<\/title>\n<meta name=\"description\" content=\"Le salon de massage \u00e0 Prades (66) - Ouvert depuis 2019 - Tenu par Lilas reconverti \u00e0 la pratique du massage bien-\u00eatre\" \/>\n<meta name=\"robots\" content=\"index, follow, max-snippet:-1, max-image-preview:large, max-video-preview:-1\" \/>\n<link rel=\"canonical\" href=\"https:\/\/lesmassagesdelilas.fr\/index.php\/qui-sommes-nous\/\" \/>\n<meta property=\"og:locale\" content=\"fr_FR\" \/>\n<meta property=\"og:type\" content=\"article\" \/>\n<meta property=\"og:title\" content=\"Qui sommes-nous? - Les Massages de Lilas\" \/>\n<meta property=\"og:description\" content=\"Le salon de massage \u00e0 Prades (66) - Ouvert depuis 2019 - Tenu par Lilas reconverti \u00e0 la pratique du massage bien-\u00eatre\" \/>\n<meta property=\"og:url\" content=\"https:\/\/lesmassagesdelilas.fr\/index.php\/qui-sommes-nous\/\" \/>\n<meta property=\"og:site_name\" content=\"Les Massages de Lilas\" \/>\n<meta property=\"article:publisher\" content=\"https:\/\/www.facebook.com\/Lesmassagesdelilas\/\" \/>\n<meta property=\"article:modified_time\" content=\"2022-04-12T11:01:57+00:00\" \/>\n<meta property=\"og:image\" content=\"https:\/\/lesmassagesdelilas.fr\/wp-content\/uploads\/2022\/04\/quisuisje.jpg\" \/>\n\t<meta property=\"og:image:width\" content=\"1280\" \/>\n\t<meta property=\"og:image:height\" content=\"746\" \/>\n\t<meta property=\"og:image:type\" content=\"image\/jpeg\" \/>\n<meta name=\"twitter:card\" content=\"summary_large_image\" \/>\n<meta name=\"twitter:label1\" content=\"Dur\u00e9e de lecture estim\u00e9e\" \/>\n\t<meta name=\"twitter:data1\" content=\"1 minute\" \/>\n<script type=\"application\/ld+json\" class=\"yoast-schema-graph\">{\"@context\":\"https:\\\/\\\/schema.org\",\"@graph\":[{\"@type\":\"WebPage\",\"@id\":\"https:\\\/\\\/lesmassagesdelilas.fr\\\/index.php\\\/qui-sommes-nous\\\/\",\"url\":\"https:\\\/\\\/lesmassagesdelilas.fr\\\/index.php\\\/qui-sommes-nous\\\/\",\"name\":\"Qui sommes-nous? - Les Massages de Lilas\",\"isPartOf\":{\"@id\":\"https:\\\/\\\/lesmassagesdelilas.fr\\\/#website\"},\"primaryImageOfPage\":{\"@id\":\"https:\\\/\\\/lesmassagesdelilas.fr\\\/index.php\\\/qui-sommes-nous\\\/#primaryimage\"},\"image\":{\"@id\":\"https:\\\/\\\/lesmassagesdelilas.fr\\\/index.php\\\/qui-sommes-nous\\\/#primaryimage\"},\"thumbnailUrl\":\"https:\\\/\\\/lesmassagesdelilas.fr\\\/wp-content\\\/uploads\\\/2022\\\/04\\\/quisuisje.jpg\",\"datePublished\":\"2021-02-14T11:38:46+00:00\",\"dateModified\":\"2022-04-12T11:01:57+00:00\",\"description\":\"Le salon de massage \u00e0 Prades (66) - Ouvert depuis 2019 - Tenu par Lilas reconverti \u00e0 la pratique du massage bien-\u00eatre\",\"breadcrumb\":{\"@id\":\"https:\\\/\\\/lesmassagesdelilas.fr\\\/index.php\\\/qui-sommes-nous\\\/#breadcrumb\"},\"inLanguage\":\"fr-FR\",\"potentialAction\":[{\"@type\":\"ReadAction\",\"target\":[\"https:\\\/\\\/lesmassagesdelilas.fr\\\/index.php\\\/qui-sommes-nous\\\/\"]}]},{\"@type\":\"ImageObject\",\"inLanguage\":\"fr-FR\",\"@id\":\"https:\\\/\\\/lesmassagesdelilas.fr\\\/index.php\\\/qui-sommes-nous\\\/#primaryimage\",\"url\":\"https:\\\/\\\/lesmassagesdelilas.fr\\\/wp-content\\\/uploads\\\/2022\\\/04\\\/quisuisje.jpg\",\"contentUrl\":\"https:\\\/\\\/lesmassagesdelilas.fr\\\/wp-content\\\/uploads\\\/2022\\\/04\\\/quisuisje.jpg\",\"width\":1280,\"height\":746},{\"@type\":\"BreadcrumbList\",\"@id\":\"https:\\\/\\\/lesmassagesdelilas.fr\\\/index.php\\\/qui-sommes-nous\\\/#breadcrumb\",\"itemListElement\":[{\"@type\":\"ListItem\",\"position\":1,\"name\":\"Accueil\",\"item\":\"https:\\\/\\\/lesmassagesdelilas.fr\\\/\"},{\"@type\":\"ListItem\",\"position\":2,\"name\":\"Qui sommes-nous?\"}]},{\"@type\":\"WebSite\",\"@id\":\"https:\\\/\\\/lesmassagesdelilas.fr\\\/#website\",\"url\":\"https:\\\/\\\/lesmassagesdelilas.fr\\\/\",\"name\":\"Les Massages de Lilas\",\"description\":\"Bien-\u00eatre et relaxation\",\"publisher\":{\"@id\":\"https:\\\/\\\/lesmassagesdelilas.fr\\\/#organization\"},\"potentialAction\":[{\"@type\":\"SearchAction\",\"target\":{\"@type\":\"EntryPoint\",\"urlTemplate\":\"https:\\\/\\\/lesmassagesdelilas.fr\\\/?s={search_term_string}\"},\"query-input\":{\"@type\":\"PropertyValueSpecification\",\"valueRequired\":true,\"valueName\":\"search_term_string\"}}],\"inLanguage\":\"fr-FR\"},{\"@type\":\"Organization\",\"@id\":\"https:\\\/\\\/lesmassagesdelilas.fr\\\/#organization\",\"name\":\"Les massages de Lilas\",\"url\":\"https:\\\/\\\/lesmassagesdelilas.fr\\\/\",\"logo\":{\"@type\":\"ImageObject\",\"inLanguage\":\"fr-FR\",\"@id\":\"https:\\\/\\\/lesmassagesdelilas.fr\\\/#\\\/schema\\\/logo\\\/image\\\/\",\"url\":\"https:\\\/\\\/lesmassagesdelilas.fr\\\/wp-content\\\/uploads\\\/2021\\\/12\\\/8BA4F464-757E-486E-BC6B-ED19959EDFBE.png\",\"contentUrl\":\"https:\\\/\\\/lesmassagesdelilas.fr\\\/wp-content\\\/uploads\\\/2021\\\/12\\\/8BA4F464-757E-486E-BC6B-ED19959EDFBE.png\",\"width\":2246,\"height\":1588,\"caption\":\"Les massages de Lilas\"},\"image\":{\"@id\":\"https:\\\/\\\/lesmassagesdelilas.fr\\\/#\\\/schema\\\/logo\\\/image\\\/\"},\"sameAs\":[\"https:\\\/\\\/www.facebook.com\\\/Lesmassagesdelilas\\\/\",\"https:\\\/\\\/youtube.com\\\/channel\\\/UCVcWkG_2bZTUV0HCX0B8w9w\"]}]}<\/script>\n<!-- \/ Yoast SEO plugin. -->","yoast_head_json":{"title":"Qui sommes-nous? - Les Massages de Lilas","description":"Le salon de massage \u00e0 Prades (66) - Ouvert depuis 2019 - Tenu par Lilas reconverti \u00e0 la pratique du massage bien-\u00eatre","robots":{"index":"index","follow":"follow","max-snippet":"max-snippet:-1","max-image-preview":"max-image-preview:large","max-video-preview":"max-video-preview:-1"},"canonical":"https:\/\/lesmassagesdelilas.fr\/index.php\/qui-sommes-nous\/","og_locale":"fr_FR","og_type":"article","og_title":"Qui sommes-nous? - Les Massages de Lilas","og_description":"Le salon de massage \u00e0 Prades (66) - Ouvert depuis 2019 - Tenu par Lilas reconverti \u00e0 la pratique du massage bien-\u00eatre","og_url":"https:\/\/lesmassagesdelilas.fr\/index.php\/qui-sommes-nous\/","og_site_name":"Les Massages de Lilas","article_publisher":"https:\/\/www.facebook.com\/Lesmassagesdelilas\/","article_modified_time":"2022-04-12T11:01:57+00:00","og_image":[{"width":1280,"height":746,"url":"https:\/\/lesmassagesdelilas.fr\/wp-content\/uploads\/2022\/04\/quisuisje.jpg","type":"image\/jpeg"}],"twitter_card":"summary_large_image","twitter_misc":{"Dur\u00e9e de lecture estim\u00e9e":"1 minute"},"schema":{"@context":"https:\/\/schema.org","@graph":[{"@type":"WebPage","@id":"https:\/\/lesmassagesdelilas.fr\/index.php\/qui-sommes-nous\/","url":"https:\/\/lesmassagesdelilas.fr\/index.php\/qui-sommes-nous\/","name":"Qui sommes-nous? - Les Massages de Lilas","isPartOf":{"@id":"https:\/\/lesmassagesdelilas.fr\/#website"},"primaryImageOfPage":{"@id":"https:\/\/lesmassagesdelilas.fr\/index.php\/qui-sommes-nous\/#primaryimage"},"image":{"@id":"https:\/\/lesmassagesdelilas.fr\/index.php\/qui-sommes-nous\/#primaryimage"},"thumbnailUrl":"https:\/\/lesmassagesdelilas.fr\/wp-content\/uploads\/2022\/04\/quisuisje.jpg","datePublished":"2021-02-14T11:38:46+00:00","dateModified":"2022-04-12T11:01:57+00:00","description":"Le salon de massage \u00e0 Prades (66) - Ouvert depuis 2019 - Tenu par Lilas reconverti \u00e0 la pratique du massage bien-\u00eatre","breadcrumb":{"@id":"https:\/\/lesmassagesdelilas.fr\/index.php\/qui-sommes-nous\/#breadcrumb"},"inLanguage":"fr-FR","potentialAction":[{"@type":"ReadAction","target":["https:\/\/lesmassagesdelilas.fr\/index.php\/qui-sommes-nous\/"]}]},{"@type":"ImageObject","inLanguage":"fr-FR","@id":"https:\/\/lesmassagesdelilas.fr\/index.php\/qui-sommes-nous\/#primaryimage","url":"https:\/\/lesmassagesdelilas.fr\/wp-content\/uploads\/2022\/04\/quisuisje.jpg","contentUrl":"https:\/\/lesmassagesdelilas.fr\/wp-content\/uploads\/2022\/04\/quisuisje.jpg","width":1280,"height":746},{"@type":"BreadcrumbList","@id":"https:\/\/lesmassagesdelilas.fr\/index.php\/qui-sommes-nous\/#breadcrumb","itemListElement":[{"@type":"ListItem","position":1,"name":"Accueil","item":"https:\/\/lesmassagesdelilas.fr\/"},{"@type":"ListItem","position":2,"name":"Qui sommes-nous?"}]},{"@type":"WebSite","@id":"https:\/\/lesmassagesdelilas.fr\/#website","url":"https:\/\/lesmassagesdelilas.fr\/","name":"Les Massages de Lilas","description":"Bien-\u00eatre et relaxation","publisher":{"@id":"https:\/\/lesmassagesdelilas.fr\/#organization"},"potentialAction":[{"@type":"SearchAction","target":{"@type":"EntryPoint","urlTemplate":"https:\/\/lesmassagesdelilas.fr\/?s={search_term_string}"},"query-input":{"@type":"PropertyValueSpecification","valueRequired":true,"valueName":"search_term_string"}}],"inLanguage":"fr-FR"},{"@type":"Organization","@id":"https:\/\/lesmassagesdelilas.fr\/#organization","name":"Les massages de Lilas","url":"https:\/\/lesmassagesdelilas.fr\/","logo":{"@type":"ImageObject","inLanguage":"fr-FR","@id":"https:\/\/lesmassagesdelilas.fr\/#\/schema\/logo\/image\/","url":"https:\/\/lesmassagesdelilas.fr\/wp-content\/uploads\/2021\/12\/8BA4F464-757E-486E-BC6B-ED19959EDFBE.png","contentUrl":"https:\/\/lesmassagesdelilas.fr\/wp-content\/uploads\/2021\/12\/8BA4F464-757E-486E-BC6B-ED19959EDFBE.png","width":2246,"height":1588,"caption":"Les massages de Lilas"},"image":{"@id":"https:\/\/lesmassagesdelilas.fr\/#\/schema\/logo\/image\/"},"sameAs":["https:\/\/www.facebook.com\/Lesmassagesdelilas\/","https:\/\/youtube.com\/channel\/UCVcWkG_2bZTUV0HCX0B8w9w"]}]}},"jetpack_sharing_enabled":true,"_links":{"self":[{"href":"https:\/\/lesmassagesdelilas.fr\/index.php\/wp-json\/wp\/v2\/pages\/183","targetHints":{"allow":["GET"]}}],"collection":[{"href":"https:\/\/lesmassagesdelilas.fr\/index.php\/wp-json\/wp\/v2\/pages"}],"about":[{"href":"https:\/\/lesmassagesdelilas.fr\/index.php\/wp-json\/wp\/v2\/types\/page"}],"author":[{"embeddable":true,"href":"https:\/\/lesmassagesdelilas.fr\/index.php\/wp-json\/wp\/v2\/users\/1"}],"replies":[{"embeddable":true,"href":"https:\/\/lesmassagesdelilas.fr\/index.php\/wp-json\/wp\/v2\/comments?post=183"}],"version-history":[{"count":28,"href":"https:\/\/lesmassagesdelilas.fr\/index.php\/wp-json\/wp\/v2\/pages\/183\/revisions"}],"predecessor-version":[{"id":619,"href":"https:\/\/lesmassagesdelilas.fr\/index.php\/wp-json\/wp\/v2\/pages\/183\/revisions\/619"}],"wp:featuredmedia":[{"embeddable":true,"href":"https:\/\/lesmassagesdelilas.fr\/index.php\/wp-json\/wp\/v2\/media\/489"}],"wp:attachment":[{"href":"https:\/\/lesmassagesdelilas.fr\/index.php\/wp-json\/wp\/v2\/media?parent=183"}],"curies":[{"name":"wp","href":"https:\/\/api.w.org\/{rel}","templated":true}]}}